{"id":7686,"date":"2025-02-10T06:13:18","date_gmt":"2025-02-10T06:13:18","guid":{"rendered":"https:\/\/polatinsaat.com\/?page_id=7686"},"modified":"2025-02-10T06:56:46","modified_gmt":"2025-02-10T06:56:46","slug":"kvkk-aydinlatma-metni","status":"publish","type":"page","link":"https:\/\/polatinsaat.com\/en\/kvkk-aydinlatma-metni\/","title":{"rendered":"KVKK Ayd\u0131nlatma Metni"},"content":{"rendered":"<div data-elementor-type=\"wp-page\" data-elementor-id=\"7686\" class=\"elementor elementor-7686\" data-elementor-post-type=\"page\">\n\t\t\t\t\t\t<section class=\"elementor-section elementor-top-section elementor-element elementor-element-63dfdba elementor-section-stretched elementor-section-boxed elementor-section-gap-beside-yes elementor-section-height-default elementor-section-height-default elementor-section-column-vertical-align-stretch\" data-id=\"63dfdba\" data-element_type=\"section\" data-settings=\"{&quot;stretch_section&quot;:&quot;section-stretched&quot;,&quot;background_background&quot;:&quot;classic&quot;}\">\n\t\t\t\t\t\t<div class=\"elementor-container elementor-column-gap-extended\">\n\t\t\t\t\t<div class=\"elementor-column elementor-col-100 elementor-top-column elementor-element elementor-element-22d04eb\" data-id=\"22d04eb\" data-element_type=\"column\">\n\t\t\t<div class=\"elementor-widget-wrap elementor-element-populated\">\n\t\t\t\t\t\t<section class=\"elementor-section elementor-inner-section elementor-element elementor-element-8bc7794 elementor-section-boxed elementor-section-gap-beside-yes elementor-section-height-default elementor-section-height-default elementor-section-content-align-center elementor-section-column-vertical-align-stretch\" data-id=\"8bc7794\" data-element_type=\"section\">\n\t\t\t\t\t\t<div class=\"elementor-container elementor-column-gap-extended\">\n\t\t\t\t\t<div class=\"elementor-column elementor-col-100 elementor-inner-column elementor-element elementor-element-e7cf6a5\" data-id=\"e7cf6a5\" data-element_type=\"column\">\n\t\t\t<div class=\"elementor-widget-wrap elementor-element-populated\">\n\t\t\t\t\t\t<div class=\"elementor-element elementor-element-fddbf4f elementor-widget elementor-widget-tm-heading\" data-id=\"fddbf4f\" data-element_type=\"widget\" data-widget_type=\"tm-heading.default\">\n\t\t\t\t<div class=\"elementor-widget-container\">\n\t\t\t\t\t\t\t<div class=\"tm-modern-heading\">\n\t\t\t\n\t\t\t\t\t<div class=\"heading-primary-wrap\">\n\t\t\t<h2 class=\"heading-primary elementor-heading-title\">Kvkk Ayd\u0131nlatma Metni<\/h2>\t\t<\/div>\n\t\t\n\t\t\t\n\t\t\t\t\t<\/div>\n\t\t\t\t\t\t<\/div>\n\t\t\t\t<\/div>\n\t\t\t\t\t<\/div>\n\t\t<\/div>\n\t\t\t\t\t<\/div>\n\t\t<\/section>\n\t\t\t\t\t<\/div>\n\t\t<\/div>\n\t\t\t\t\t<\/div>\n\t\t<\/section>\n\t\t\t\t<section class=\"elementor-section elementor-top-section elementor-element elementor-element-4231055 elementor-section-boxed elementor-section-gap-beside-yes elementor-section-height-default elementor-section-height-default elementor-section-column-vertical-align-stretch\" data-id=\"4231055\" data-element_type=\"section\" data-settings=\"{&quot;background_background&quot;:&quot;classic&quot;}\">\n\t\t\t\t\t\t<div class=\"elementor-container elementor-column-gap-extended\">\n\t\t\t\t\t<div class=\"elementor-column elementor-col-100 elementor-top-column elementor-element elementor-element-68ff808\" data-id=\"68ff808\" data-element_type=\"column\">\n\t\t\t<div class=\"elementor-widget-wrap elementor-element-populated\">\n\t\t\t\t\t\t<section class=\"elementor-section elementor-inner-section elementor-element elementor-element-d3ee1e4 elementor-section-gap-beside-no elementor-section-boxed elementor-section-height-default elementor-section-height-default elementor-section-column-vertical-align-stretch\" data-id=\"d3ee1e4\" data-element_type=\"section\" data-settings=\"{&quot;background_background&quot;:&quot;classic&quot;}\">\n\t\t\t\t\t\t<div class=\"elementor-container elementor-column-gap-custom\">\n\t\t\t\t\t<div class=\"elementor-column elementor-col-100 elementor-inner-column elementor-element elementor-element-b802dc7\" data-id=\"b802dc7\" data-element_type=\"column\">\n\t\t\t<div class=\"elementor-widget-wrap elementor-element-populated\">\n\t\t\t\t\t\t<div class=\"elementor-element elementor-element-8807f43 elementor-widget elementor-widget-text-editor\" data-id=\"8807f43\" data-element_type=\"widget\" data-widget_type=\"text-editor.default\">\n\t\t\t\t<div class=\"elementor-widget-container\">\n\t\t\t\t\t\t\t\t\t<p><strong>K\u0130\u015e\u0130SEL VER\u0130LER\u0130N KORUNMASI VE \u0130\u015eLENMES\u0130 HAKKINDA GENEL AYDINLATMA METN\u0130<\/strong><\/p><p>Polat \u0130n\u015faat A.\u015e. (&#8220;Polat \u0130n\u015faat&#8221;)olarak ki\u015fisel verilerinizin g\u00fcvenli\u011fi hususuna azami hassasiyet g\u00f6stermekteyiz. Bu bilin\u00e7le, Polat \u0130n\u015faat&#8217;\u0131n etkile\u015fim halinde oldu\u011fu ger\u00e7ek ki\u015filere ait ki\u015fisel verilerin 6698 say\u0131l\u0131 Ki\u015fisel Verilerin Korunmas\u0131 Kanunu (\u201cKanun\u201d)\u2019na, Kanun\u2019a ba\u011fl\u0131 y\u00fcr\u00fcrl\u00fc\u011fe koyulan ve koyulacak ikincil d\u00fczenlemelere (y\u00f6netmelik, tebli\u011f, genelge) ve ba\u011flay\u0131c\u0131 nitelikteki Ki\u015fisel Verileri Koruma Kurul\u2019u taraf\u0131ndan al\u0131nm\u0131\u015f ve al\u0131nacak kararlara uygun olarak i\u015flenerek, muhafaza edilmesine b\u00fcy\u00fck \u00f6nem atfetmekteyiz. Bu sorumlulu\u011fumuzun tam idraki ile Kanun\u2019da tan\u0131ml\u0131 \u015fekli ile \u201cVeri Sorumlusu\u201d s\u0131fat\u0131yla, ki\u015fisel verilerinizi a\u015fa\u011f\u0131da izah edildi\u011fi surette ve mevzuat taraf\u0131ndan emredilen s\u0131n\u0131rlar \u00e7er\u00e7evesinde i\u015flemekteyiz.<\/p><p><strong>Veri Sorumlusuna \u0130li\u015fkin Bilgiler<\/strong><\/p><p>Kanun uyar\u0131nca \u0130stanbul Ticaret Sicil M\u00fcd\u00fcrl\u00fc\u011f\u00fc\u2019nde 196581-0 sicil numaras\u0131yla kay\u0131tl\u0131, 0732003586100016 MERS\u0130S numaral\u0131, \u201c\u201c\u0130stiklal Mah. Piyalepa\u015fa Bulvar\u0131 BLV. No:26\/1 F Blok \u0130\u00e7 Kap\u0131 No:1-2 Beyo\u011flu\/\u0130stanbul\u201d adresinde mukim Polat \u0130n\u015faat San. ve Tic. A.\u015e. Veri Sorumlusudur.<\/p><p><strong>Ki\u015fisel Verilerin \u0130\u015flenme Ama\u00e7lar\u0131<\/strong><\/p><p>Ki\u015fisel verileriniz Polat \u0130n\u015faat taraf\u0131ndan; \u015eirketin y\u00fcr\u00fctt\u00fc\u011f\u00fc ticari faaliyetlerin mevzuata ve Polat \u0130n\u015faat politikalar\u0131na uygun olarak yerine getirilmesi i\u00e7in \u015firketimizin i\u015f birimleri taraf\u0131ndan gerekli \u00e7al\u0131\u015fmalar\u0131n yap\u0131lmas\u0131 ve bu do\u011frultuda faaliyetlerin y\u00fcr\u00fct\u00fclmesi, Polat \u0130n\u015faat&#8217;\u0131n k\u0131sa, orta ve uzun vadede ticari politikalar\u0131n\u0131n tespit edilmesi, planlanmas\u0131 ve uygulanmas\u0131, Polat \u0130n\u015faat&#8217;\u0131n insan kaynaklar\u0131 faaliyetlerinin tasarlanmas\u0131 ve y\u00fcr\u00fct\u00fclmesi, Polat \u0130n\u015faat&#8217;\u0131n MKK \u00fcyesi olmas\u0131ndan \u00f6t\u00fcr\u00fc, ilgili mevzuattan do\u011fan y\u00fck\u00fcml\u00fcl\u00fcklerin yerine getirilmesi, m\u00fc\u015fteri ili\u015fkileri ve kurumsal ileti\u015fim s\u00fcre\u00e7lerinin y\u00f6netilmesi ve \u015firketimizin topluluk \u015firketlerinin ve i\u015f ili\u015fkisi i\u00e7erisinde olunan ger\u00e7ek ki\u015filerin ticari ve hukuki emniyetinin sa\u011flanmas\u0131 ama\u00e7lar\u0131yla Kanun\u2019da belirtilen s\u0131n\u0131rlar \u00e7er\u00e7evesinde hukuka, d\u00fcr\u00fcstl\u00fck kurallar\u0131na uygun ve i\u015fbu ama\u00e7larla her daim ba\u011flant\u0131l\u0131, s\u0131n\u0131rl\u0131 ve \u00f6l\u00e7\u00fcl\u00fc \u015fekilde i\u015flenmektedir.<\/p><p><strong>Ki\u015fisel Verilerin Aktar\u0131lmas\u0131<\/strong><\/p><p>Ki\u015fisel verileriniz yukar\u0131da belirtilen ama\u00e7lar dahilinde, Kanun\u2019un 8. ve 9. maddesinde belirtilen \u015fartlara uygun olarak ba\u015fta kanunen yetkili kamu kurulu\u015flar\u0131na, adli ve idari makamlara, sair mevzuatta izin verilen \u00f6zel hukuk t\u00fczel ve ger\u00e7ek ki\u015filerine, \u015eirketin denetime yetkili kurum ve kurulu\u015flara, \u00f6demelerin ve mali y\u00fck\u00fcml\u00fcl\u00fcklerin yerine getirilmesi ad\u0131na anla\u015fmal\u0131 olunan \u00f6deme kurulu\u015flar\u0131na, \u015eirketin faaliyetlerinin y\u00fcr\u00fct\u00fclmesi ve geli\u015ftirilmesi i\u00e7in hizmet al\u0131nan veya i\u015fbirli\u011fi i\u00e7erisinde olunan i\u015f ortaklar\u0131na, sadece gerekti\u011finde Polat \u0130n\u015faat topluluk \u015firketlerine ve hissedarlar\u0131na Kanun\u2019da belirtilen veri g\u00fcvenli\u011fi tedbirleri al\u0131nmak suretiyle aktar\u0131lmaktad\u0131r.<\/p><p><strong>Ki\u015fisel Verilerin Toplanma Y\u00f6ntemi ve Hukuki Sebebi<\/strong><\/p><p>Ki\u015fisel verileriniz, Polat \u0130n\u015faat&#8217;\u0131n yetkili birim ve \u00e7al\u0131\u015fanlar\u0131 taraf\u0131ndan otomatik ve otomatik olmayan y\u00f6ntemlerle, s\u00f6zl\u00fc, yaz\u0131l\u0131 veya elektronik ortamda toplanmaktad\u0131r. Bu kapsamda kimlik, ileti\u015fim, lokasyon, \u00f6zl\u00fck, hukuki i\u015flem, m\u00fc\u015fteri i\u015flem, fiziksel mek\u00e2n g\u00fcvenli\u011fi, i\u015flem g\u00fcvenli\u011fi, risk y\u00f6netimi, finans, mesleki deneyim, pazarlama, g\u00f6rsel ve i\u015fitsel kay\u0131tlar kategorisinde yer alan ki\u015fisel veriler; Kanun\u2019un 5. Maddesinin ikinci f\u0131kras\u0131nda g\u00f6sterilen bir s\u00f6zle\u015fmenin kurulmas\u0131 veya ifas\u0131yla do\u011frudan do\u011fruya ilgili olmas\u0131ndan dolay\u0131 s\u00f6zle\u015fmenin taraflar\u0131na ait ki\u015fisel verilerin i\u015flenmesinin zorunlu olmas\u0131, veri sorumlusunun hukuki y\u00fck\u00fcml\u00fcl\u00fc\u011f\u00fcn\u00fc yerine getirebilmesi i\u00e7in veri i\u015flemenin zorunlu olmas\u0131, ilgili ki\u015finin kendisi taraf\u0131ndan alenile\u015ftirilmi\u015f olmas\u0131 ve ilgili ki\u015finin temel hak ve \u00f6zg\u00fcrl\u00fcklerinize zarar vermemek kayd\u0131yla Polat \u0130n\u015faat&#8217;\u0131n me\u015fru menfaatleri i\u00e7in veri i\u015flemenin zorunlu olmas\u0131 hukuki sebeplerine dayal\u0131 olarak i\u015flenmektedir.<\/p><p><strong>Kanun\u2019dan Do\u011fan Haklar\u0131n\u0131z<\/strong><\/p><p>Diledi\u011finiz zaman Holding\u2019e ba\u015fvurarak kendinizle ilgili;<\/p><p>\u00b7\u00a0 \u00a0 \u00a0 \u00a0 \u00a0Ki\u015fisel verilerinizin i\u015flenip i\u015flenmedi\u011fini \u00f6\u011frenme,<\/p><p>\u00b7\u00a0 \u00a0 \u00a0 \u00a0 \u00a0Ki\u015fisel verileriniz i\u015flenmi\u015fse buna ili\u015fkin bilgi talep etme,<\/p><p>\u00b7\u00a0 \u00a0 \u00a0 \u00a0 \u00a0Ki\u015fisel verilerinizin i\u015flenme amac\u0131n\u0131 ve bunlar\u0131n amac\u0131na uygun kullan\u0131l\u0131p kullan\u0131lmad\u0131\u011f\u0131n\u0131 \u00f6\u011frenme,<\/p><p>\u00b7\u00a0 \u00a0 \u00a0 \u00a0 \u00a0Yurt i\u00e7inde veya yurt d\u0131\u015f\u0131nda ki\u015fisel verilerinizin aktar\u0131ld\u0131\u011f\u0131 \u00fc\u00e7\u00fcnc\u00fc ki\u015fileri bilme,<\/p><p>\u00b7\u00a0 \u00a0 \u00a0 \u00a0 \u00a0Ki\u015fisel verilerinizin eksik veya yanl\u0131\u015f i\u015flenmi\u015f olmas\u0131 h\u00e2linde bunlar\u0131n d\u00fczeltilmesini isteme,<\/p><p>\u00b7\u00a0 \u00a0 \u00a0 \u00a0 \u00a0Kanun\u2019un 7. maddesinde \u00f6ng\u00f6r\u00fclen \u015fartlar \u00e7er\u00e7evesinde ki\u015fisel verilerin silinmesini veya yok edilmesini isteme,<\/p><p>\u00b7\u00a0 \u00a0 \u00a0 \u00a0 \u00a0Kanun\u2019un 11. maddesinin (d) ve (e) bentleri uyar\u0131nca yap\u0131lan i\u015flemlerin, ki\u015fisel verilerinizin aktar\u0131ld\u0131\u011f\u0131 \u00fc\u00e7\u00fcnc\u00fc ki\u015filere bildirilmesini isteme,<\/p><p>\u00b7\u00a0 \u00a0 \u00a0 \u00a0 \u00a0\u0130\u015flenen verilerinizin m\u00fcnhas\u0131ran otomatik sistemler vas\u0131tas\u0131yla analiz edilmesi suretiyle kendiniz aleyhine bir sonucun ortaya \u00e7\u0131kmas\u0131na itiraz etme,<\/p><p>\u00b7\u00a0 \u00a0 \u00a0 \u00a0 \u00a0Ki\u015fisel verilerinizin kanuna ayk\u0131r\u0131 olarak i\u015flenmesi sebebiyle zarara u\u011framan\u0131z h\u00e2linde zarar\u0131n giderilmesini talep etme,<\/p><p><strong>Haklar\u0131n\u0131za ve Kanunun uygulanmas\u0131na ili\u015fkin<\/strong> taleplerinizi, <a href=\"https:\/\/polatinsaat.com\/en\/\"><strong>www.polatinsaat.com<\/strong><\/a> adresinden temin edebilece\u011finiz <strong><a href=\"https:\/\/www.polatinsaat.com\/polatinsaat_veri_sahibi_basvuru_formu.pdf\">ba\u015fvuru formunu<\/a><\/strong> doldurarak \u0131slak imzal\u0131 \u015fekilde \u201c<strong>\u0130ST\u0130KLAL MAH. P\u0130YALEPA\u015eA BULVARI BUL. NO: 26\/1 \u0130\u00c7 KAPI NO: 1 BEYO\u011eLU\u00a0\/\u0130STANBUL<\/strong>\u201d adresine noter kanal\u0131yla, iadeli taahh\u00fctl\u00fc posta yoluyla veya \u015fahsi ba\u015fvurunuzla ya da elektronik ortamda doldurdu\u011funuz ba\u015fvuru formunu mobil imzan\u0131zla, g\u00fcvenli elektronik imzan\u0131zla imzalad\u0131ktan sonra KEP adresinizi veya \u015eirketin veri kay\u0131t sisteminde halihaz\u0131rda kay\u0131tl\u0131 olan e-posta adresinizi kullanarak kvkkiph@polatholding.com\u00a0 adresine iletebilirsiniz. Polat \u0130n\u015faat A.\u015e., bu kapsamdaki taleplere yaz\u0131l\u0131 olarak cevap verilecekse, on sayfaya kadar \u00fccret almadan; on sayfan\u0131n \u00fczerindeki her sayfa i\u00e7in 1 T\u00fcrk Liras\u0131 i\u015flem \u00fccreti alarak yan\u0131tland\u0131racakt\u0131r. Ba\u015fvuruya cevab\u0131n CD, flash bellek gibi bir kay\u0131t ortam\u0131nda verilmesi halinde \u015firket taraf\u0131ndan talep edilebilecek \u00fccret kay\u0131t ortam\u0131n\u0131n maliyetini ge\u00e7emeyecektir.<\/p><p><strong>Polat \u0130n\u015faat San. ve Tic. A.\u015e.\u00a0<\/strong><\/p>\t\t\t\t\t\t\t\t<\/div>\n\t\t\t\t<\/div>\n\t\t\t\t<div class=\"elementor-element elementor-element-7a69046 elementor-widget elementor-widget-spacer\" data-id=\"7a69046\" data-element_type=\"widget\" data-widget_type=\"spacer.default\">\n\t\t\t\t<div class=\"elementor-widget-container\">\n\t\t\t\t\t\t\t<div class=\"elementor-spacer\">\n\t\t\t<div class=\"elementor-spacer-inner\"><\/div>\n\t\t<\/div>\n\t\t\t\t\t\t<\/div>\n\t\t\t\t<\/div>\n\t\t\t\t\t<\/div>\n\t\t<\/div>\n\t\t\t\t\t<\/div>\n\t\t<\/section>\n\t\t\t\t\t<\/div>\n\t\t<\/div>\n\t\t\t\t\t<\/div>\n\t\t<\/section>\n\t\t\t\t<\/div>","protected":false},"excerpt":{"rendered":"<p>Kvkk Ayd\u0131nlatma Metni K\u0130\u015e\u0130SEL VER\u0130LER\u0130N KORUNMASI VE \u0130\u015eLENMES\u0130 HAKKINDA GENEL AYDINLATMA METN\u0130 Polat \u0130n\u015faat A.\u015e. (&#8220;Polat \u0130n\u015faat&#8221;)olarak ki\u015fisel verilerinizin g\u00fcvenli\u011fi hususuna azami hassasiyet g\u00f6stermekteyiz. Bu bilin\u00e7le, Polat \u0130n\u015faat&#8217;\u0131n etkile\u015fim halinde oldu\u011fu ger\u00e7ek ki\u015filere ait ki\u015fisel verilerin 6698 say\u0131l\u0131 Ki\u015fisel Verilerin Korunmas\u0131 Kanunu (\u201cKanun\u201d)\u2019na, Kanun\u2019a ba\u011fl\u0131 y\u00fcr\u00fcrl\u00fc\u011fe koyulan ve koyulacak ikincil d\u00fczenlemelere (y\u00f6netmelik, tebli\u011f, genelge) ve ba\u011flay\u0131c\u0131 nitelikteki Ki\u015fisel Verileri Koruma Kurul\u2019u taraf\u0131ndan al\u0131nm\u0131\u015f ve al\u0131nacak kararlara uygun olarak i\u015flenerek, muhafaza edilmesine b\u00fcy\u00fck \u00f6nem atfetmekteyiz. Bu sorumlulu\u011fumuzun tam idraki ile Kanun\u2019da tan\u0131ml\u0131 \u015fekli ile \u201cVeri Sorumlusu\u201d s\u0131fat\u0131yla, ki\u015fisel verilerinizi a\u015fa\u011f\u0131da izah edildi\u011fi surette ve mevzuat taraf\u0131ndan emredilen s\u0131n\u0131rlar \u00e7er\u00e7evesinde i\u015flemekteyiz. Veri Sorumlusuna \u0130li\u015fkin Bilgiler Kanun uyar\u0131nca \u0130stanbul Ticaret Sicil M\u00fcd\u00fcrl\u00fc\u011f\u00fc\u2019nde 196581-0 sicil numaras\u0131yla kay\u0131tl\u0131, 0732003586100016 MERS\u0130S numaral\u0131, \u201c\u201c\u0130stiklal Mah. Piyalepa\u015fa Bulvar\u0131 BLV. No:26\/1 F Blok \u0130\u00e7 Kap\u0131 No:1-2 Beyo\u011flu\/\u0130stanbul\u201d adresinde mukim Polat \u0130n\u015faat San. ve Tic. A.\u015e. Veri Sorumlusudur. Ki\u015fisel Verilerin \u0130\u015flenme Ama\u00e7lar\u0131 Ki\u015fisel verileriniz Polat \u0130n\u015faat taraf\u0131ndan; \u015eirketin y\u00fcr\u00fctt\u00fc\u011f\u00fc ticari faaliyetlerin mevzuata ve Polat \u0130n\u015faat politikalar\u0131na uygun olarak yerine getirilmesi i\u00e7in \u015firketimizin i\u015f birimleri taraf\u0131ndan gerekli \u00e7al\u0131\u015fmalar\u0131n yap\u0131lmas\u0131 ve bu do\u011frultuda faaliyetlerin y\u00fcr\u00fct\u00fclmesi, Polat \u0130n\u015faat&#8217;\u0131n k\u0131sa, orta ve uzun vadede ticari politikalar\u0131n\u0131n tespit edilmesi, planlanmas\u0131 ve uygulanmas\u0131, Polat \u0130n\u015faat&#8217;\u0131n insan kaynaklar\u0131 faaliyetlerinin tasarlanmas\u0131 ve y\u00fcr\u00fct\u00fclmesi, Polat \u0130n\u015faat&#8217;\u0131n MKK \u00fcyesi olmas\u0131ndan \u00f6t\u00fcr\u00fc, ilgili mevzuattan do\u011fan y\u00fck\u00fcml\u00fcl\u00fcklerin yerine getirilmesi, m\u00fc\u015fteri ili\u015fkileri ve kurumsal ileti\u015fim s\u00fcre\u00e7lerinin y\u00f6netilmesi ve \u015firketimizin topluluk \u015firketlerinin ve i\u015f ili\u015fkisi i\u00e7erisinde olunan ger\u00e7ek ki\u015filerin ticari ve hukuki emniyetinin sa\u011flanmas\u0131 ama\u00e7lar\u0131yla Kanun\u2019da belirtilen s\u0131n\u0131rlar \u00e7er\u00e7evesinde hukuka, d\u00fcr\u00fcstl\u00fck kurallar\u0131na uygun ve i\u015fbu ama\u00e7larla her daim ba\u011flant\u0131l\u0131, s\u0131n\u0131rl\u0131 ve \u00f6l\u00e7\u00fcl\u00fc \u015fekilde i\u015flenmektedir. Ki\u015fisel Verilerin Aktar\u0131lmas\u0131 Ki\u015fisel verileriniz yukar\u0131da belirtilen ama\u00e7lar dahilinde, Kanun\u2019un 8. ve 9. maddesinde belirtilen \u015fartlara uygun olarak ba\u015fta kanunen yetkili kamu kurulu\u015flar\u0131na, adli ve idari makamlara, sair mevzuatta izin verilen \u00f6zel hukuk t\u00fczel ve ger\u00e7ek ki\u015filerine, \u015eirketin denetime yetkili kurum ve kurulu\u015flara, \u00f6demelerin ve mali y\u00fck\u00fcml\u00fcl\u00fcklerin yerine getirilmesi ad\u0131na anla\u015fmal\u0131 olunan \u00f6deme kurulu\u015flar\u0131na, \u015eirketin faaliyetlerinin y\u00fcr\u00fct\u00fclmesi ve geli\u015ftirilmesi i\u00e7in hizmet al\u0131nan veya i\u015fbirli\u011fi i\u00e7erisinde olunan i\u015f ortaklar\u0131na, sadece gerekti\u011finde Polat \u0130n\u015faat topluluk \u015firketlerine ve hissedarlar\u0131na Kanun\u2019da belirtilen veri g\u00fcvenli\u011fi tedbirleri al\u0131nmak suretiyle aktar\u0131lmaktad\u0131r. Ki\u015fisel Verilerin Toplanma Y\u00f6ntemi ve Hukuki Sebebi Ki\u015fisel verileriniz, Polat \u0130n\u015faat&#8217;\u0131n yetkili birim ve \u00e7al\u0131\u015fanlar\u0131 taraf\u0131ndan otomatik ve otomatik olmayan y\u00f6ntemlerle, s\u00f6zl\u00fc, yaz\u0131l\u0131 veya elektronik ortamda toplanmaktad\u0131r. Bu kapsamda kimlik, ileti\u015fim, lokasyon, \u00f6zl\u00fck, hukuki i\u015flem, m\u00fc\u015fteri i\u015flem, fiziksel mek\u00e2n g\u00fcvenli\u011fi, i\u015flem g\u00fcvenli\u011fi, risk y\u00f6netimi, finans, mesleki deneyim, pazarlama, g\u00f6rsel ve i\u015fitsel kay\u0131tlar kategorisinde yer alan ki\u015fisel veriler; Kanun\u2019un 5. Maddesinin ikinci f\u0131kras\u0131nda g\u00f6sterilen bir s\u00f6zle\u015fmenin kurulmas\u0131 veya ifas\u0131yla do\u011frudan do\u011fruya ilgili olmas\u0131ndan dolay\u0131 s\u00f6zle\u015fmenin taraflar\u0131na ait ki\u015fisel verilerin i\u015flenmesinin zorunlu olmas\u0131, veri sorumlusunun hukuki y\u00fck\u00fcml\u00fcl\u00fc\u011f\u00fcn\u00fc yerine getirebilmesi i\u00e7in veri i\u015flemenin zorunlu olmas\u0131, ilgili ki\u015finin kendisi taraf\u0131ndan alenile\u015ftirilmi\u015f olmas\u0131 ve ilgili ki\u015finin temel hak ve \u00f6zg\u00fcrl\u00fcklerinize zarar vermemek kayd\u0131yla Polat \u0130n\u015faat&#8217;\u0131n me\u015fru menfaatleri i\u00e7in veri i\u015flemenin zorunlu olmas\u0131 hukuki sebeplerine dayal\u0131 olarak i\u015flenmektedir. Kanun\u2019dan Do\u011fan Haklar\u0131n\u0131z Diledi\u011finiz zaman Holding\u2019e ba\u015fvurarak kendinizle ilgili; \u00b7\u00a0 \u00a0 \u00a0 \u00a0 \u00a0Ki\u015fisel verilerinizin i\u015flenip i\u015flenmedi\u011fini \u00f6\u011frenme, \u00b7\u00a0 \u00a0 \u00a0 \u00a0 \u00a0Ki\u015fisel verileriniz i\u015flenmi\u015fse buna ili\u015fkin bilgi talep etme, \u00b7\u00a0 \u00a0 \u00a0 \u00a0 \u00a0Ki\u015fisel verilerinizin i\u015flenme amac\u0131n\u0131 ve bunlar\u0131n amac\u0131na uygun kullan\u0131l\u0131p kullan\u0131lmad\u0131\u011f\u0131n\u0131 \u00f6\u011frenme, \u00b7\u00a0 \u00a0 \u00a0 \u00a0 \u00a0Yurt i\u00e7inde veya yurt d\u0131\u015f\u0131nda ki\u015fisel verilerinizin aktar\u0131ld\u0131\u011f\u0131 \u00fc\u00e7\u00fcnc\u00fc ki\u015fileri bilme, \u00b7\u00a0 \u00a0 \u00a0 \u00a0 \u00a0Ki\u015fisel verilerinizin eksik veya yanl\u0131\u015f i\u015flenmi\u015f olmas\u0131 h\u00e2linde bunlar\u0131n d\u00fczeltilmesini isteme, \u00b7\u00a0 \u00a0 \u00a0 \u00a0 \u00a0Kanun\u2019un 7. maddesinde \u00f6ng\u00f6r\u00fclen \u015fartlar \u00e7er\u00e7evesinde ki\u015fisel verilerin silinmesini veya yok edilmesini isteme, \u00b7\u00a0 \u00a0 \u00a0 \u00a0 \u00a0Kanun\u2019un 11. maddesinin (d) ve (e) bentleri uyar\u0131nca yap\u0131lan i\u015flemlerin, ki\u015fisel verilerinizin aktar\u0131ld\u0131\u011f\u0131 \u00fc\u00e7\u00fcnc\u00fc ki\u015filere bildirilmesini isteme, \u00b7\u00a0 \u00a0 \u00a0 \u00a0 \u00a0\u0130\u015flenen verilerinizin m\u00fcnhas\u0131ran otomatik sistemler vas\u0131tas\u0131yla analiz edilmesi suretiyle kendiniz aleyhine bir sonucun ortaya \u00e7\u0131kmas\u0131na itiraz etme, \u00b7\u00a0 \u00a0 \u00a0 \u00a0 \u00a0Ki\u015fisel verilerinizin kanuna ayk\u0131r\u0131 olarak i\u015flenmesi sebebiyle zarara u\u011framan\u0131z h\u00e2linde zarar\u0131n giderilmesini talep etme, Haklar\u0131n\u0131za ve Kanunun uygulanmas\u0131na ili\u015fkin taleplerinizi, www.polatinsaat.com adresinden temin edebilece\u011finiz ba\u015fvuru formunu doldurarak \u0131slak imzal\u0131 \u015fekilde \u201c\u0130ST\u0130KLAL MAH. P\u0130YALEPA\u015eA BULVARI BUL. NO: 26\/1 \u0130\u00c7 KAPI NO: 1 BEYO\u011eLU\u00a0\/\u0130STANBUL\u201d adresine noter kanal\u0131yla, iadeli taahh\u00fctl\u00fc posta yoluyla veya \u015fahsi ba\u015fvurunuzla ya da elektronik ortamda doldurdu\u011funuz ba\u015fvuru formunu mobil imzan\u0131zla, g\u00fcvenli elektronik imzan\u0131zla imzalad\u0131ktan sonra KEP adresinizi veya \u015eirketin veri kay\u0131t sisteminde halihaz\u0131rda kay\u0131tl\u0131 olan e-posta adresinizi kullanarak kvkkiph@polatholding.com\u00a0 adresine iletebilirsiniz. Polat \u0130n\u015faat A.\u015e., bu kapsamdaki taleplere yaz\u0131l\u0131 olarak cevap verilecekse, on sayfaya kadar \u00fccret almadan; on sayfan\u0131n \u00fczerindeki her sayfa i\u00e7in 1 T\u00fcrk Liras\u0131 i\u015flem \u00fccreti alarak yan\u0131tland\u0131racakt\u0131r. Ba\u015fvuruya cevab\u0131n CD, flash bellek gibi bir kay\u0131t ortam\u0131nda verilmesi halinde \u015firket taraf\u0131ndan talep edilebilecek \u00fccret kay\u0131t ortam\u0131n\u0131n maliyetini ge\u00e7emeyecektir. Polat \u0130n\u015faat San. ve Tic. A.\u015e.\u00a0<\/p>","protected":false},"author":1,"featured_media":0,"parent":0,"menu_order":0,"comment_status":"closed","ping_status":"closed","template":"","meta":{"footnotes":""},"class_list":["post-7686","page","type-page","status-publish","hentry","post-no-thumbnail"],"_links":{"self":[{"href":"https:\/\/polatinsaat.com\/en\/wp-json\/wp\/v2\/pages\/7686"}],"collection":[{"href":"https:\/\/polatinsaat.com\/en\/wp-json\/wp\/v2\/pages"}],"about":[{"href":"https:\/\/polatinsaat.com\/en\/wp-json\/wp\/v2\/types\/page"}],"author":[{"embeddable":true,"href":"https:\/\/polatinsaat.com\/en\/wp-json\/wp\/v2\/users\/1"}],"replies":[{"embeddable":true,"href":"https:\/\/polatinsaat.com\/en\/wp-json\/wp\/v2\/comments?post=7686"}],"version-history":[{"count":0,"href":"https:\/\/polatinsaat.com\/en\/wp-json\/wp\/v2\/pages\/7686\/revisions"}],"wp:attachment":[{"href":"https:\/\/polatinsaat.com\/en\/wp-json\/wp\/v2\/media?parent=7686"}],"curies":[{"name":"wp","href":"https:\/\/api.w.org\/{rel}","templated":true}]}}