{"id":7152,"date":"2024-11-11T20:41:12","date_gmt":"2024-11-11T20:41:12","guid":{"rendered":"https:\/\/polatinsaat.com\/?page_id=7152"},"modified":"2025-01-14T13:27:40","modified_gmt":"2025-01-14T13:27:40","slug":"polat-fulya","status":"publish","type":"page","link":"https:\/\/polatinsaat.com\/en\/polat-fulya\/","title":{"rendered":"Polat Fulya"},"content":{"rendered":"<div data-elementor-type=\"wp-page\" data-elementor-id=\"7152\" class=\"elementor elementor-7152\" data-elementor-post-type=\"page\">\n\t\t\t\t\t\t<section class=\"elementor-section elementor-top-section elementor-element elementor-element-63dfdba elementor-section-stretched elementor-section-boxed elementor-section-gap-beside-yes elementor-section-height-default elementor-section-height-default elementor-section-column-vertical-align-stretch\" data-id=\"63dfdba\" data-element_type=\"section\" data-settings=\"{&quot;stretch_section&quot;:&quot;section-stretched&quot;,&quot;background_background&quot;:&quot;classic&quot;}\">\n\t\t\t\t\t\t<div class=\"elementor-container elementor-column-gap-extended\">\n\t\t\t\t\t<div class=\"elementor-column elementor-col-100 elementor-top-column elementor-element elementor-element-22d04eb\" data-id=\"22d04eb\" data-element_type=\"column\">\n\t\t\t<div class=\"elementor-widget-wrap elementor-element-populated\">\n\t\t\t\t\t\t<section class=\"elementor-section elementor-inner-section elementor-element elementor-element-8bc7794 elementor-section-boxed elementor-section-gap-beside-yes elementor-section-height-default elementor-section-height-default elementor-section-content-align-center elementor-section-column-vertical-align-stretch\" data-id=\"8bc7794\" data-element_type=\"section\">\n\t\t\t\t\t\t<div class=\"elementor-container elementor-column-gap-extended\">\n\t\t\t\t\t<div class=\"elementor-column elementor-col-100 elementor-inner-column elementor-element elementor-element-e7cf6a5\" data-id=\"e7cf6a5\" data-element_type=\"column\">\n\t\t\t<div class=\"elementor-widget-wrap elementor-element-populated\">\n\t\t\t\t\t\t<div class=\"elementor-element elementor-element-fddbf4f elementor-widget elementor-widget-tm-heading\" data-id=\"fddbf4f\" data-element_type=\"widget\" data-widget_type=\"tm-heading.default\">\n\t\t\t\t<div class=\"elementor-widget-container\">\n\t\t\t\t\t\t\t<div class=\"tm-modern-heading\">\n\t\t\t\n\t\t\t\t\t<div class=\"heading-primary-wrap\">\n\t\t\t<h2 class=\"heading-primary elementor-heading-title\">Polat Fulya<\/h2>\t\t<\/div>\n\t\t\n\t\t\t\n\t\t\t\t\t<\/div>\n\t\t\t\t\t\t<\/div>\n\t\t\t\t<\/div>\n\t\t\t\t\t<\/div>\n\t\t<\/div>\n\t\t\t\t\t<\/div>\n\t\t<\/section>\n\t\t\t\t\t<\/div>\n\t\t<\/div>\n\t\t\t\t\t<\/div>\n\t\t<\/section>\n\t\t\t\t<section class=\"elementor-section elementor-top-section elementor-element elementor-element-4231055 elementor-section-boxed elementor-section-gap-beside-yes elementor-section-height-default elementor-section-height-default elementor-section-column-vertical-align-stretch\" data-id=\"4231055\" data-element_type=\"section\" data-settings=\"{&quot;background_background&quot;:&quot;classic&quot;}\">\n\t\t\t\t\t\t<div class=\"elementor-container elementor-column-gap-extended\">\n\t\t\t\t\t<div class=\"elementor-column elementor-col-100 elementor-top-column elementor-element elementor-element-68ff808\" data-id=\"68ff808\" data-element_type=\"column\">\n\t\t\t<div class=\"elementor-widget-wrap elementor-element-populated\">\n\t\t\t\t\t\t<section class=\"elementor-section elementor-inner-section elementor-element elementor-element-e3a89e9 elementor-section-gap-beside-no elementor-section-boxed elementor-section-height-default elementor-section-height-default elementor-section-column-vertical-align-stretch\" data-id=\"e3a89e9\" data-element_type=\"section\" data-settings=\"{&quot;background_background&quot;:&quot;classic&quot;}\">\n\t\t\t\t\t\t<div class=\"elementor-container elementor-column-gap-custom\">\n\t\t\t\t\t<div class=\"elementor-column elementor-col-50 elementor-inner-column elementor-element elementor-element-3fb7192\" data-id=\"3fb7192\" data-element_type=\"column\">\n\t\t\t<div class=\"elementor-widget-wrap elementor-element-populated\">\n\t\t\t\t\t\t<div class=\"elementor-element elementor-element-8dc8dfc elementor-widget elementor-widget-image\" data-id=\"8dc8dfc\" data-element_type=\"widget\" data-widget_type=\"image.default\">\n\t\t\t\t<div class=\"elementor-widget-container\">\n\t\t\t\t\t\t\t\t\t\t\t\t\t\t\t<img decoding=\"async\" src=\"https:\/\/polatinsaat.com\/wp-content\/uploads\/elementor\/thumbs\/polatfulya1-r0ct2ahiyjwzke4lnjc2uh0vb5gu9o9f7wmtvjy0f4.jpg\" title=\"polatfulya1\" alt=\"polatfulya1\" loading=\"lazy\" \/>\t\t\t\t\t\t\t\t\t\t\t\t\t\t\t<\/div>\n\t\t\t\t<\/div>\n\t\t\t\t<div class=\"elementor-element elementor-element-92a9f47 elementor-widget elementor-widget-video\" data-id=\"92a9f47\" data-element_type=\"widget\" data-settings=\"{&quot;youtube_url&quot;:&quot;https:\\\/\\\/www.youtube.com\\\/watch?v=R9i5-shHyWA&quot;,&quot;video_type&quot;:&quot;youtube&quot;,&quot;controls&quot;:&quot;yes&quot;}\" data-widget_type=\"video.default\">\n\t\t\t\t<div class=\"elementor-widget-container\">\n\t\t\t\t\t\t\t<div class=\"elementor-wrapper elementor-open-inline\">\n\t\t\t<div class=\"elementor-video\"><\/div>\t\t<\/div>\n\t\t\t\t\t\t<\/div>\n\t\t\t\t<\/div>\n\t\t\t\t\t<\/div>\n\t\t<\/div>\n\t\t\t\t<div class=\"elementor-column elementor-col-50 elementor-inner-column elementor-element elementor-element-a230657 elementor-invisible\" data-id=\"a230657\" data-element_type=\"column\" data-settings=\"{&quot;animation&quot;:&quot;billyFadeInUp&quot;}\">\n\t\t\t<div class=\"elementor-widget-wrap elementor-element-populated\">\n\t\t\t\t\t\t<div class=\"elementor-element elementor-element-4d167e7 elementor-widget elementor-widget-heading\" data-id=\"4d167e7\" data-element_type=\"widget\" data-widget_type=\"heading.default\">\n\t\t\t\t<div class=\"elementor-widget-container\">\n\t\t\t\t\t<h2 class=\"elementor-heading-title elementor-size-default\">Polat Fulya<\/h2>\t\t\t\t<\/div>\n\t\t\t\t<\/div>\n\t\t\t\t<div class=\"elementor-element elementor-element-772cedc elementor-widget elementor-widget-tm-heading\" data-id=\"772cedc\" data-element_type=\"widget\" data-widget_type=\"tm-heading.default\">\n\t\t\t\t<div class=\"elementor-widget-container\">\n\t\t\t\t\t\t\t<div class=\"tm-modern-heading\">\n\t\t\t\n\t\t\t\t\t<div class=\"heading-primary-wrap\">\n\t\t\t<h2 class=\"heading-primary elementor-heading-title\">Hayat\u0131n G\u00f6zdesi <br><mark>\u0130yi Ya\u015fam Projesi<\/mark><\/h2>\t\t<\/div>\n\t\t\n\t\t\t\n\t\t\t\t\t<div class=\"heading-description-wrap\">\n\t\t\t<div class=\"heading-description\">\n\t\t\t\t<p>\u015eehrin kalbindeki konumu, her y\u00f6ne \u00e7ok h\u0131zl\u0131 ula\u015f\u0131m imkan\u0131 sa\u011flar. Fulya Metro istasyonuna sadece 750m mesafede olu\u015fu, ana hatlara yak\u0131nl\u0131\u011f\u0131, proje sakinlerine \u0130stanbul\u2019un dinamik ya\u015fam tarz\u0131n\u0131, k\u00fclt\u00fcrel zenginliklerini ve i\u015f olanaklar\u0131n\u0131 ke\u015ffetme imkan\u0131 sunar.<\/p>\t\t\t<\/div>\n\t\t<\/div>\n\t\t\t<\/div>\n\t\t\t\t\t\t<\/div>\n\t\t\t\t<\/div>\n\t\t\t\t<div class=\"elementor-element elementor-element-b474a37 elementor-widget elementor-widget-image\" data-id=\"b474a37\" data-element_type=\"widget\" data-widget_type=\"image.default\">\n\t\t\t\t<div class=\"elementor-widget-container\">\n\t\t\t\t\t\t\t\t\t\t\t\t\t\t\t<img decoding=\"async\" src=\"https:\/\/polatinsaat.com\/wp-content\/uploads\/elementor\/thumbs\/Logo_Polat_Fulya_small-r0csw4nha8c2ei6j5vv1ar35amo9r34edozpqnpr9u.jpg\" title=\"Logo_Polat_Fulya_small\" alt=\"Logo_Polat_Fulya_small\" loading=\"lazy\" \/>\t\t\t\t\t\t\t\t\t\t\t\t\t\t\t<\/div>\n\t\t\t\t<\/div>\n\t\t\t\t<div class=\"elementor-element elementor-element-ee6cbeb elementor-widget elementor-widget-heading\" data-id=\"ee6cbeb\" data-element_type=\"widget\" data-widget_type=\"heading.default\">\n\t\t\t\t<div class=\"elementor-widget-container\">\n\t\t\t\t\t<h2 class=\"elementor-heading-title elementor-size-default\"><a href=\"https:\/\/www.polatfulya.com\">www.polatfulya.com<\/a><\/h2>\t\t\t\t<\/div>\n\t\t\t\t<\/div>\n\t\t\t\t\t<\/div>\n\t\t<\/div>\n\t\t\t\t\t<\/div>\n\t\t<\/section>\n\t\t\t\t<section class=\"elementor-section elementor-inner-section elementor-element elementor-element-8f89ad7 elementor-section-gap-beside-no elementor-section-boxed elementor-section-height-default elementor-section-height-default elementor-section-column-vertical-align-stretch\" data-id=\"8f89ad7\" data-element_type=\"section\" data-settings=\"{&quot;background_background&quot;:&quot;classic&quot;}\">\n\t\t\t\t\t\t<div class=\"elementor-container elementor-column-gap-custom\">\n\t\t\t\t\t<div class=\"elementor-column elementor-col-100 elementor-inner-column elementor-element elementor-element-aede713\" data-id=\"aede713\" data-element_type=\"column\">\n\t\t\t<div class=\"elementor-widget-wrap elementor-element-populated\">\n\t\t\t\t\t\t<div class=\"elementor-element elementor-element-c7bfaeb elementor-widget elementor-widget-heading\" data-id=\"c7bfaeb\" data-element_type=\"widget\" data-widget_type=\"heading.default\">\n\t\t\t\t<div class=\"elementor-widget-container\">\n\t\t\t\t\t<h2 class=\"elementor-heading-title elementor-size-default\">Kat Planlar\u0131<\/h2>\t\t\t\t<\/div>\n\t\t\t\t<\/div>\n\t\t\t\t<div class=\"elementor-element elementor-element-ab5e5c3 elementor-widget elementor-widget-tm-image-gallery\" data-id=\"ab5e5c3\" data-element_type=\"widget\" data-settings=\"{&quot;grid_columns&quot;:3,&quot;grid_columns_tablet&quot;:2,&quot;grid_columns_mobile&quot;:1}\" data-widget_type=\"tm-image-gallery.default\">\n\t\t\t\t<div class=\"elementor-widget-container\">\n\t\t\t\t\t\t\t<div class=\"billey-grid-wrapper billey-light-gallery\" data-grid=\"{&quot;type&quot;:&quot;grid&quot;,&quot;ratio&quot;:null,&quot;columns&quot;:3,&quot;columnsTablet&quot;:2,&quot;columnsMobile&quot;:1,&quot;gutter&quot;:30}\">\n\t\t\t<div class=\"billey-grid\">\n\t\t\t\t<div class=\"grid-sizer\"><\/div>\n\n\t\t\t\t\t\t\t\t\t\t\t\t<div class=\"grid-item\">\n\t\t\t\t\t\t<a class=\"billey-box zoom\" href=\"https:\/\/polatinsaat.com\/wp-content\/uploads\/2024\/11\/daireplanlari_11_A.png\" data-sub-html=\"&lt;h4&gt;daireplanlari_11_A&lt;\/h4&gt;\">\t\t<div class=\"billey-image image\">\n\t\t\t<img decoding=\"async\"  src=\"https:\/\/polatinsaat.com\/wp-content\/uploads\/2024\/11\/daireplanlari_11_A-600x600.png\" alt=\"Polat Fulya\" width=\"600\" \/>\t\t<\/div>\n\t\t\t\t\t<div class=\"billey-overlay\">\n\t\t\t\t<div><span class=\"fa-light fa-plus\"><\/span><\/div>\n\t\t\t<\/div>\n\t\t\t\t<\/a>\t\t\t\t\t<\/div>\n\t\t\t\t\t\t<div class=\"grid-item\">\n\t\t\t\t\t\t<a class=\"billey-box zoom\" href=\"https:\/\/polatinsaat.com\/wp-content\/uploads\/2024\/11\/daireplanlari_11_A2.png\" data-sub-html=\"&lt;h4&gt;daireplanlari_11_A2&lt;\/h4&gt;\">\t\t<div class=\"billey-image image\">\n\t\t\t<img decoding=\"async\"  src=\"https:\/\/polatinsaat.com\/wp-content\/uploads\/2024\/11\/daireplanlari_11_A2-600x600.png\" alt=\"Polat Fulya\" width=\"600\" \/>\t\t<\/div>\n\t\t\t\t\t<div class=\"billey-overlay\">\n\t\t\t\t<div><span class=\"fa-light fa-plus\"><\/span><\/div>\n\t\t\t<\/div>\n\t\t\t\t<\/a>\t\t\t\t\t<\/div>\n\t\t\t\t\t\t<div class=\"grid-item\">\n\t\t\t\t\t\t<a class=\"billey-box zoom\" href=\"https:\/\/polatinsaat.com\/wp-content\/uploads\/2024\/11\/daireplanlari_11_B2.png\" data-sub-html=\"&lt;h4&gt;daireplanlari_11_B2&lt;\/h4&gt;\">\t\t<div class=\"billey-image image\">\n\t\t\t<img decoding=\"async\"  src=\"https:\/\/polatinsaat.com\/wp-content\/uploads\/2024\/11\/daireplanlari_11_B2-600x600.png\" alt=\"Polat Fulya\" width=\"600\" \/>\t\t<\/div>\n\t\t\t\t\t<div class=\"billey-overlay\">\n\t\t\t\t<div><span class=\"fa-light fa-plus\"><\/span><\/div>\n\t\t\t<\/div>\n\t\t\t\t<\/a>\t\t\t\t\t<\/div>\n\t\t\t\t\t\t<div class=\"grid-item\">\n\t\t\t\t\t\t<a class=\"billey-box zoom\" href=\"https:\/\/polatinsaat.com\/wp-content\/uploads\/2024\/11\/daireplanlari_11_C3.png\" data-sub-html=\"&lt;h4&gt;daireplanlari_11_C3&lt;\/h4&gt;\">\t\t<div class=\"billey-image image\">\n\t\t\t<img decoding=\"async\"  src=\"https:\/\/polatinsaat.com\/wp-content\/uploads\/2024\/11\/daireplanlari_11_C3-600x600.png\" alt=\"Polat Fulya\" width=\"600\" \/>\t\t<\/div>\n\t\t\t\t\t<div class=\"billey-overlay\">\n\t\t\t\t<div><span class=\"fa-light fa-plus\"><\/span><\/div>\n\t\t\t<\/div>\n\t\t\t\t<\/a>\t\t\t\t\t<\/div>\n\t\t\t\t\t\t<div class=\"grid-item\">\n\t\t\t\t\t\t<a class=\"billey-box zoom\" href=\"https:\/\/polatinsaat.com\/wp-content\/uploads\/2024\/11\/daireplanlari_21_A3.png\" data-sub-html=\"&lt;h4&gt;daireplanlari_21_A3&lt;\/h4&gt;\">\t\t<div class=\"billey-image image\">\n\t\t\t<img decoding=\"async\"  src=\"https:\/\/polatinsaat.com\/wp-content\/uploads\/2024\/11\/daireplanlari_21_A3-600x600.png\" alt=\"Polat Fulya\" width=\"600\" \/>\t\t<\/div>\n\t\t\t\t\t<div class=\"billey-overlay\">\n\t\t\t\t<div><span class=\"fa-light fa-plus\"><\/span><\/div>\n\t\t\t<\/div>\n\t\t\t\t<\/a>\t\t\t\t\t<\/div>\n\t\t\t\t\t\t<div class=\"grid-item\">\n\t\t\t\t\t\t<a class=\"billey-box zoom\" href=\"https:\/\/polatinsaat.com\/wp-content\/uploads\/2024\/11\/daireplanlari_21_B2.png\" data-sub-html=\"&lt;h4&gt;daireplanlari_21_B2&lt;\/h4&gt;\">\t\t<div class=\"billey-image image\">\n\t\t\t<img decoding=\"async\"  src=\"https:\/\/polatinsaat.com\/wp-content\/uploads\/2024\/11\/daireplanlari_21_B2-600x600.png\" alt=\"Polat Fulya\" width=\"600\" \/>\t\t<\/div>\n\t\t\t\t\t<div class=\"billey-overlay\">\n\t\t\t\t<div><span class=\"fa-light fa-plus\"><\/span><\/div>\n\t\t\t<\/div>\n\t\t\t\t<\/a>\t\t\t\t\t<\/div>\n\t\t\t\t\t\t<div class=\"grid-item\">\n\t\t\t\t\t\t<a class=\"billey-box zoom\" href=\"https:\/\/polatinsaat.com\/wp-content\/uploads\/2024\/11\/daireplanlari_21_B3.png\" data-sub-html=\"&lt;h4&gt;daireplanlari_21_B3&lt;\/h4&gt;\">\t\t<div class=\"billey-image image\">\n\t\t\t<img decoding=\"async\"  src=\"https:\/\/polatinsaat.com\/wp-content\/uploads\/2024\/11\/daireplanlari_21_B3-600x600.png\" alt=\"Polat Fulya\" width=\"600\" \/>\t\t<\/div>\n\t\t\t\t\t<div class=\"billey-overlay\">\n\t\t\t\t<div><span class=\"fa-light fa-plus\"><\/span><\/div>\n\t\t\t<\/div>\n\t\t\t\t<\/a>\t\t\t\t\t<\/div>\n\t\t\t\t\t\t<div class=\"grid-item\">\n\t\t\t\t\t\t<a class=\"billey-box zoom\" href=\"https:\/\/polatinsaat.com\/wp-content\/uploads\/2024\/11\/daireplanlari_21_C2.png\" data-sub-html=\"&lt;h4&gt;daireplanlari_21_C2&lt;\/h4&gt;\">\t\t<div class=\"billey-image image\">\n\t\t\t<img decoding=\"async\"  src=\"https:\/\/polatinsaat.com\/wp-content\/uploads\/2024\/11\/daireplanlari_21_C2-600x600.png\" alt=\"Polat Fulya\" width=\"600\" \/>\t\t<\/div>\n\t\t\t\t\t<div class=\"billey-overlay\">\n\t\t\t\t<div><span class=\"fa-light fa-plus\"><\/span><\/div>\n\t\t\t<\/div>\n\t\t\t\t<\/a>\t\t\t\t\t<\/div>\n\t\t\t\t\t\t<div class=\"grid-item\">\n\t\t\t\t\t\t<a class=\"billey-box zoom\" href=\"https:\/\/polatinsaat.com\/wp-content\/uploads\/2024\/11\/daireplanlari_21_D1.png\" data-sub-html=\"&lt;h4&gt;daireplanlari_21_D1&lt;\/h4&gt;\">\t\t<div class=\"billey-image image\">\n\t\t\t<img decoding=\"async\"  src=\"https:\/\/polatinsaat.com\/wp-content\/uploads\/2024\/11\/daireplanlari_21_D1-600x600.png\" alt=\"Polat Fulya\" width=\"600\" \/>\t\t<\/div>\n\t\t\t\t\t<div class=\"billey-overlay\">\n\t\t\t\t<div><span class=\"fa-light fa-plus\"><\/span><\/div>\n\t\t\t<\/div>\n\t\t\t\t<\/a>\t\t\t\t\t<\/div>\n\t\t\t\t\t\t<div class=\"grid-item\">\n\t\t\t\t\t\t<a class=\"billey-box zoom\" href=\"https:\/\/polatinsaat.com\/wp-content\/uploads\/2024\/11\/daireplanlari_21_D2.png\" data-sub-html=\"&lt;h4&gt;daireplanlari_21_D2&lt;\/h4&gt;\">\t\t<div class=\"billey-image image\">\n\t\t\t<img decoding=\"async\"  src=\"https:\/\/polatinsaat.com\/wp-content\/uploads\/2024\/11\/daireplanlari_21_D2-600x600.png\" alt=\"Polat Fulya\" width=\"600\" \/>\t\t<\/div>\n\t\t\t\t\t<div class=\"billey-overlay\">\n\t\t\t\t<div><span class=\"fa-light fa-plus\"><\/span><\/div>\n\t\t\t<\/div>\n\t\t\t\t<\/a>\t\t\t\t\t<\/div>\n\t\t\t\t\t\t<div class=\"grid-item\">\n\t\t\t\t\t\t<a class=\"billey-box zoom\" href=\"https:\/\/polatinsaat.com\/wp-content\/uploads\/2024\/11\/daireplanlari_31_C.png\" data-sub-html=\"&lt;h4&gt;daireplanlari_31_C&lt;\/h4&gt;\">\t\t<div class=\"billey-image image\">\n\t\t\t<img decoding=\"async\"  src=\"https:\/\/polatinsaat.com\/wp-content\/uploads\/2024\/11\/daireplanlari_31_C-600x600.png\" alt=\"Polat Fulya\" width=\"600\" \/>\t\t<\/div>\n\t\t\t\t\t<div class=\"billey-overlay\">\n\t\t\t\t<div><span class=\"fa-light fa-plus\"><\/span><\/div>\n\t\t\t<\/div>\n\t\t\t\t<\/a>\t\t\t\t\t<\/div>\n\t\t\t\t\t\t<div class=\"grid-item\">\n\t\t\t\t\t\t<a class=\"billey-box zoom\" href=\"https:\/\/polatinsaat.com\/wp-content\/uploads\/2024\/11\/daireplanlari_31_D2.png\" data-sub-html=\"&lt;h4&gt;daireplanlari_31_D2&lt;\/h4&gt;\">\t\t<div class=\"billey-image image\">\n\t\t\t<img decoding=\"async\"  src=\"https:\/\/polatinsaat.com\/wp-content\/uploads\/2024\/11\/daireplanlari_31_D2-600x600.png\" alt=\"Polat Fulya\" width=\"600\" \/>\t\t<\/div>\n\t\t\t\t\t<div class=\"billey-overlay\">\n\t\t\t\t<div><span class=\"fa-light fa-plus\"><\/span><\/div>\n\t\t\t<\/div>\n\t\t\t\t<\/a>\t\t\t\t\t<\/div>\n\t\t\t\t\t\t<div class=\"grid-item\">\n\t\t\t\t\t\t<a class=\"billey-box zoom\" href=\"https:\/\/polatinsaat.com\/wp-content\/uploads\/2024\/11\/daireplanlari_31_E1.png\" data-sub-html=\"&lt;h4&gt;daireplanlari_31_E1&lt;\/h4&gt;\">\t\t<div class=\"billey-image image\">\n\t\t\t<img decoding=\"async\"  src=\"https:\/\/polatinsaat.com\/wp-content\/uploads\/2024\/11\/daireplanlari_31_E1-600x600.png\" alt=\"Polat Fulya\" width=\"600\" \/>\t\t<\/div>\n\t\t\t\t\t<div class=\"billey-overlay\">\n\t\t\t\t<div><span class=\"fa-light fa-plus\"><\/span><\/div>\n\t\t\t<\/div>\n\t\t\t\t<\/a>\t\t\t\t\t<\/div>\n\t\t\t\t\t\t\t\n\t\t\t<\/div>\n\t\t<\/div>\n\t\t\t\t\t\t<\/div>\n\t\t\t\t<\/div>\n\t\t\t\t\t<\/div>\n\t\t<\/div>\n\t\t\t\t\t<\/div>\n\t\t<\/section>\n\t\t\t\t<section class=\"elementor-section elementor-inner-section elementor-element elementor-element-02b5302 elementor-section-gap-beside-no elementor-section-boxed elementor-section-height-default elementor-section-height-default elementor-section-column-vertical-align-stretch\" data-id=\"02b5302\" data-element_type=\"section\" data-settings=\"{&quot;background_background&quot;:&quot;classic&quot;}\">\n\t\t\t\t\t\t<div class=\"elementor-container elementor-column-gap-custom\">\n\t\t\t\t\t<div class=\"elementor-column elementor-col-100 elementor-inner-column elementor-element elementor-element-c90d6ec\" data-id=\"c90d6ec\" data-element_type=\"column\">\n\t\t\t<div class=\"elementor-widget-wrap elementor-element-populated\">\n\t\t\t\t\t\t<div class=\"elementor-element elementor-element-1df918e elementor-widget elementor-widget-heading\" data-id=\"1df918e\" data-element_type=\"widget\" data-widget_type=\"heading.default\">\n\t\t\t\t<div class=\"elementor-widget-container\">\n\t\t\t\t\t<h2 class=\"elementor-heading-title elementor-size-default\">Galeri<\/h2>\t\t\t\t<\/div>\n\t\t\t\t<\/div>\n\t\t\t\t<div class=\"elementor-element elementor-element-ad5f55d elementor-widget elementor-widget-tm-image-gallery\" data-id=\"ad5f55d\" data-element_type=\"widget\" data-settings=\"{&quot;grid_columns&quot;:3,&quot;grid_columns_tablet&quot;:2,&quot;grid_columns_mobile&quot;:1}\" data-widget_type=\"tm-image-gallery.default\">\n\t\t\t\t<div class=\"elementor-widget-container\">\n\t\t\t\t\t\t\t<div class=\"billey-grid-wrapper billey-grid-metro\" data-grid=\"{&quot;type&quot;:&quot;metro&quot;,&quot;ratio&quot;:1,&quot;columns&quot;:3,&quot;columnsTablet&quot;:2,&quot;columnsMobile&quot;:1,&quot;gutter&quot;:30}\">\n\t\t\t<div class=\"billey-grid\">\n\t\t\t\t<div class=\"grid-sizer\"><\/div>\n\n\t\t\t\t\t\t\t\t\t\t\t\t<div class=\"grid-item grid-item-height\" data-width=\"2\" data-height=\"2\">\n\t\t\t\t\t\t<div class=\"billey-box\">\t\t<div class=\"billey-image image\">\n\t\t\t<img decoding=\"async\"  src=\"https:\/\/polatinsaat.com\/wp-content\/uploads\/2024\/11\/dismekan01_15_polat_diklitas_c03_4_LM_city-960x960.jpg\" alt=\"Polat Fulya\" width=\"960\" \/>\t\t<\/div>\n\t\t\t\t<\/div>\t\t\t\t\t<\/div>\n\t\t\t\t\t\t\t\t\t<div class=\"grid-item grid-item-height\" data-width=\"1\" data-height=\"1\">\n\t\t\t\t\t\t<div class=\"billey-box\">\t\t<div class=\"billey-image image\">\n\t\t\t<img decoding=\"async\"  src=\"https:\/\/polatinsaat.com\/wp-content\/uploads\/2024\/11\/dismekan04_GARDEN_z_polat_diklitas_c09-4-1-480x480.jpg\" alt=\"Polat Fulya\" width=\"480\" \/>\t\t<\/div>\n\t\t\t\t<\/div>\t\t\t\t\t<\/div>\n\t\t\t\t\t\t\t\t\t<div class=\"grid-item grid-item-height\" data-width=\"1\" data-height=\"1\">\n\t\t\t\t\t\t<div class=\"billey-box\">\t\t<div class=\"billey-image image\">\n\t\t\t<img decoding=\"async\"  src=\"https:\/\/polatinsaat.com\/wp-content\/uploads\/2024\/11\/dismekan05_polat_diklitas_c02_4_LNeo_city-1-480x480.jpg\" alt=\"Polat Fulya\" width=\"480\" \/>\t\t<\/div>\n\t\t\t\t<\/div>\t\t\t\t\t<\/div>\n\t\t\t\t\t\t\t\t\t<div class=\"grid-item grid-item-height\" data-width=\"1\" data-height=\"1\">\n\t\t\t\t\t\t<div class=\"billey-box\">\t\t<div class=\"billey-image image\">\n\t\t\t<img decoding=\"async\"  src=\"https:\/\/polatinsaat.com\/wp-content\/uploads\/2024\/11\/dismekan06_polat_diklitas_c03_4_LNeo_city-480x480.jpg\" alt=\"Polat Fulya\" width=\"480\" \/>\t\t<\/div>\n\t\t\t\t<\/div>\t\t\t\t\t<\/div>\n\t\t\t\t\t\t\t\t\t<div class=\"grid-item grid-item-height\" data-width=\"2\" data-height=\"2\">\n\t\t\t\t\t\t<div class=\"billey-box\">\t\t<div class=\"billey-image image\">\n\t\t\t<img decoding=\"async\"  src=\"https:\/\/polatinsaat.com\/wp-content\/uploads\/2024\/11\/dismekan07_polat_diklitas_c04_4_LNeo_city-960x960.jpg\" alt=\"Polat Fulya\" width=\"960\" \/>\t\t<\/div>\n\t\t\t\t<\/div>\t\t\t\t\t<\/div>\n\t\t\t\t\t\t\t\t\t<div class=\"grid-item grid-item-height\" data-width=\"1\" data-height=\"1\">\n\t\t\t\t\t\t<div class=\"billey-box\">\t\t<div class=\"billey-image image\">\n\t\t\t<img decoding=\"async\"  src=\"https:\/\/polatinsaat.com\/wp-content\/uploads\/2024\/11\/dismekan08_polat_diklitas_c05_4_LNeo-480x480.jpg\" alt=\"Polat Fulya\" width=\"480\" \/>\t\t<\/div>\n\t\t\t\t<\/div>\t\t\t\t\t<\/div>\n\t\t\t\t\t\t\t\t\t<div class=\"grid-item grid-item-height\" data-width=\"2\" data-height=\"2\">\n\t\t\t\t\t\t<div class=\"billey-box\">\t\t<div class=\"billey-image image\">\n\t\t\t<img decoding=\"async\"  src=\"https:\/\/polatinsaat.com\/wp-content\/uploads\/2024\/11\/dismekan09_polat_diklitas_c06_4_LNeo_city-960x960.jpg\" alt=\"Polat Fulya\" width=\"960\" \/>\t\t<\/div>\n\t\t\t\t<\/div>\t\t\t\t\t<\/div>\n\t\t\t\t\t\t\t\t\t<div class=\"grid-item grid-item-height\" data-width=\"1\" data-height=\"1\">\n\t\t\t\t\t\t<div class=\"billey-box\">\t\t<div class=\"billey-image image\">\n\t\t\t<img decoding=\"async\"  src=\"https:\/\/polatinsaat.com\/wp-content\/uploads\/2024\/11\/dismekan10_polat_diklitas_c07_4-LNeo_city-480x480.jpg\" alt=\"Polat Fulya\" width=\"480\" \/>\t\t<\/div>\n\t\t\t\t<\/div>\t\t\t\t\t<\/div>\n\t\t\t\t\t\t\t\t\t<div class=\"grid-item grid-item-height\" data-width=\"1\" data-height=\"1\">\n\t\t\t\t\t\t<div class=\"billey-box\">\t\t<div class=\"billey-image image\">\n\t\t\t<img decoding=\"async\"  src=\"https:\/\/polatinsaat.com\/wp-content\/uploads\/2024\/11\/dismekan11_polat_diklitas_c08_4_LNeo_city-480x480.jpg\" alt=\"Polat Fulya\" width=\"480\" \/>\t\t<\/div>\n\t\t\t\t<\/div>\t\t\t\t\t<\/div>\n\t\t\t\t\t\t\t\t\t<div class=\"grid-item grid-item-height\" data-width=\"1\" data-height=\"1\">\n\t\t\t\t\t\t<div class=\"billey-box\">\t\t<div class=\"billey-image image\">\n\t\t\t<img decoding=\"async\"  src=\"https:\/\/polatinsaat.com\/wp-content\/uploads\/2024\/11\/dismekan12_polat_diklitas_c10-4-copy-480x480.jpg\" alt=\"Polat Fulya\" width=\"480\" \/>\t\t<\/div>\n\t\t\t\t<\/div>\t\t\t\t\t<\/div>\n\t\t\t\t\t\t\t\t\t<div class=\"grid-item grid-item-height\" data-width=\"2\" data-height=\"2\">\n\t\t\t\t\t\t<div class=\"billey-box\">\t\t<div class=\"billey-image image\">\n\t\t\t<img decoding=\"async\"  src=\"https:\/\/polatinsaat.com\/wp-content\/uploads\/2024\/11\/icmekan05_cmr25_mutfak-4-960x960.jpg\" alt=\"Polat Fulya\" width=\"960\" \/>\t\t<\/div>\n\t\t\t\t<\/div>\t\t\t\t\t<\/div>\n\t\t\t\t\t\t\t\t\t<div class=\"grid-item grid-item-height\" data-width=\"1\" data-height=\"1\">\n\t\t\t\t\t\t<div class=\"billey-box\">\t\t<div class=\"billey-image image\">\n\t\t\t<img decoding=\"async\"  src=\"https:\/\/polatinsaat.com\/wp-content\/uploads\/2024\/11\/icmekan06_cmr26_yatakOD-3-480x480.jpg\" alt=\"Polat Fulya\" width=\"480\" \/>\t\t<\/div>\n\t\t\t\t<\/div>\t\t\t\t\t<\/div>\n\t\t\t\t\t\t\t\t\t<div class=\"grid-item grid-item-height\" data-width=\"2\" data-height=\"2\">\n\t\t\t\t\t\t<div class=\"billey-box\">\t\t<div class=\"billey-image image\">\n\t\t\t<img decoding=\"async\"  src=\"https:\/\/polatinsaat.com\/wp-content\/uploads\/2024\/11\/icmekan07_cmr27_banyo-3-960x960.jpg\" alt=\"Polat Fulya\" width=\"960\" \/>\t\t<\/div>\n\t\t\t\t<\/div>\t\t\t\t\t<\/div>\n\t\t\t\t\t\t\t\t\t<div class=\"grid-item grid-item-height\" data-width=\"1\" data-height=\"1\">\n\t\t\t\t\t\t<div class=\"billey-box\">\t\t<div class=\"billey-image image\">\n\t\t\t<img decoding=\"async\"  src=\"https:\/\/polatinsaat.com\/wp-content\/uploads\/2024\/11\/icmekan08_cmr28_loby-4-480x480.jpg\" alt=\"Polat Fulya\" width=\"480\" \/>\t\t<\/div>\n\t\t\t\t<\/div>\t\t\t\t\t<\/div>\n\t\t\t\t\t\t\t\t\t\t\n\t\t\t<\/div>\n\t\t<\/div>\n\t\t\t\t\t\t<\/div>\n\t\t\t\t<\/div>\n\t\t\t\t\t<\/div>\n\t\t<\/div>\n\t\t\t\t\t<\/div>\n\t\t<\/section>\n\t\t\t\t\t<\/div>\n\t\t<\/div>\n\t\t\t\t\t<\/div>\n\t\t<\/section>\n\t\t\t\t<\/div>","protected":false},"excerpt":{"rendered":"<p>Polat Fulya Polat Fulya Hayat\u0131n G\u00f6zdesi \u0130yi Ya\u015fam Projesi \u015eehrin kalbindeki konumu, her y\u00f6ne \u00e7ok h\u0131zl\u0131 ula\u015f\u0131m imkan\u0131 sa\u011flar. Fulya Metro istasyonuna sadece 750m mesafede olu\u015fu, ana hatlara yak\u0131nl\u0131\u011f\u0131, proje sakinlerine \u0130stanbul\u2019un dinamik ya\u015fam tarz\u0131n\u0131, k\u00fclt\u00fcrel zenginliklerini ve i\u015f olanaklar\u0131n\u0131 ke\u015ffetme imkan\u0131 sunar. www.polatfulya.com Kat Planlar\u0131 Galeri<\/p>","protected":false},"author":1,"featured_media":0,"parent":0,"menu_order":0,"comment_status":"closed","ping_status":"closed","template":"","meta":{"footnotes":""},"class_list":["post-7152","page","type-page","status-publish","hentry","post-no-thumbnail"],"_links":{"self":[{"href":"https:\/\/polatinsaat.com\/en\/wp-json\/wp\/v2\/pages\/7152"}],"collection":[{"href":"https:\/\/polatinsaat.com\/en\/wp-json\/wp\/v2\/pages"}],"about":[{"href":"https:\/\/polatinsaat.com\/en\/wp-json\/wp\/v2\/types\/page"}],"author":[{"embeddable":true,"href":"https:\/\/polatinsaat.com\/en\/wp-json\/wp\/v2\/users\/1"}],"replies":[{"embeddable":true,"href":"https:\/\/polatinsaat.com\/en\/wp-json\/wp\/v2\/comments?post=7152"}],"version-history":[{"count":0,"href":"https:\/\/polatinsaat.com\/en\/wp-json\/wp\/v2\/pages\/7152\/revisions"}],"wp:attachment":[{"href":"https:\/\/polatinsaat.com\/en\/wp-json\/wp\/v2\/media?parent=7152"}],"curies":[{"name":"wp","href":"https:\/\/api.w.org\/{rel}","templated":true}]}}