{"id":7097,"date":"2024-11-11T20:13:50","date_gmt":"2024-11-11T20:13:50","guid":{"rendered":"https:\/\/polatinsaat.com\/?page_id=7097"},"modified":"2024-11-11T20:18:09","modified_gmt":"2024-11-11T20:18:09","slug":"sisli-polat-is-merkezi","status":"publish","type":"page","link":"https:\/\/polatinsaat.com\/en\/sisli-polat-is-merkezi\/","title":{"rendered":"\u015ei\u015fli Polat \u0130\u015f Merkezi"},"content":{"rendered":"<div data-elementor-type=\"wp-page\" data-elementor-id=\"7097\" class=\"elementor elementor-7097\" data-elementor-post-type=\"page\">\n\t\t\t\t\t\t<section class=\"elementor-section elementor-top-section elementor-element elementor-element-63dfdba elementor-section-stretched elementor-section-boxed elementor-section-gap-beside-yes elementor-section-height-default elementor-section-height-default elementor-section-column-vertical-align-stretch\" data-id=\"63dfdba\" data-element_type=\"section\" data-settings=\"{&quot;stretch_section&quot;:&quot;section-stretched&quot;,&quot;background_background&quot;:&quot;classic&quot;}\">\n\t\t\t\t\t\t<div class=\"elementor-container elementor-column-gap-extended\">\n\t\t\t\t\t<div class=\"elementor-column elementor-col-100 elementor-top-column elementor-element elementor-element-22d04eb\" data-id=\"22d04eb\" data-element_type=\"column\">\n\t\t\t<div class=\"elementor-widget-wrap elementor-element-populated\">\n\t\t\t\t\t\t<section class=\"elementor-section elementor-inner-section elementor-element elementor-element-8bc7794 elementor-section-boxed elementor-section-gap-beside-yes elementor-section-height-default elementor-section-height-default elementor-section-content-align-center elementor-section-column-vertical-align-stretch\" data-id=\"8bc7794\" data-element_type=\"section\">\n\t\t\t\t\t\t<div class=\"elementor-container elementor-column-gap-extended\">\n\t\t\t\t\t<div class=\"elementor-column elementor-col-100 elementor-inner-column elementor-element elementor-element-e7cf6a5\" data-id=\"e7cf6a5\" data-element_type=\"column\">\n\t\t\t<div class=\"elementor-widget-wrap elementor-element-populated\">\n\t\t\t\t\t\t<div class=\"elementor-element elementor-element-fddbf4f elementor-widget elementor-widget-tm-heading\" data-id=\"fddbf4f\" data-element_type=\"widget\" data-widget_type=\"tm-heading.default\">\n\t\t\t\t<div class=\"elementor-widget-container\">\n\t\t\t\t\t\t\t<div class=\"tm-modern-heading\">\n\t\t\t\n\t\t\t\t\t<div class=\"heading-primary-wrap\">\n\t\t\t<h2 class=\"heading-primary elementor-heading-title\">\u015ei\u015fli Polat \u0130\u015f Merkezi<\/h2>\t\t<\/div>\n\t\t\n\t\t\t\n\t\t\t\t\t<\/div>\n\t\t\t\t\t\t<\/div>\n\t\t\t\t<\/div>\n\t\t\t\t\t<\/div>\n\t\t<\/div>\n\t\t\t\t\t<\/div>\n\t\t<\/section>\n\t\t\t\t\t<\/div>\n\t\t<\/div>\n\t\t\t\t\t<\/div>\n\t\t<\/section>\n\t\t\t\t<section class=\"elementor-section elementor-top-section elementor-element elementor-element-4231055 elementor-section-boxed elementor-section-gap-beside-yes elementor-section-height-default elementor-section-height-default elementor-section-column-vertical-align-stretch\" data-id=\"4231055\" data-element_type=\"section\" data-settings=\"{&quot;background_background&quot;:&quot;classic&quot;}\">\n\t\t\t\t\t\t<div class=\"elementor-container elementor-column-gap-extended\">\n\t\t\t\t\t<div class=\"elementor-column elementor-col-100 elementor-top-column elementor-element elementor-element-68ff808\" data-id=\"68ff808\" data-element_type=\"column\">\n\t\t\t<div class=\"elementor-widget-wrap elementor-element-populated\">\n\t\t\t\t\t\t<section class=\"elementor-section elementor-inner-section elementor-element elementor-element-e3a89e9 elementor-section-gap-beside-no elementor-section-boxed elementor-section-height-default elementor-section-height-default elementor-section-column-vertical-align-stretch\" data-id=\"e3a89e9\" data-element_type=\"section\" data-settings=\"{&quot;background_background&quot;:&quot;classic&quot;}\">\n\t\t\t\t\t\t<div class=\"elementor-container elementor-column-gap-custom\">\n\t\t\t\t\t<div class=\"elementor-column elementor-col-50 elementor-inner-column elementor-element elementor-element-3fb7192\" data-id=\"3fb7192\" data-element_type=\"column\">\n\t\t\t<div class=\"elementor-widget-wrap elementor-element-populated\">\n\t\t\t\t\t\t<div class=\"elementor-element elementor-element-8dc8dfc elementor-widget elementor-widget-image\" data-id=\"8dc8dfc\" data-element_type=\"widget\" data-widget_type=\"image.default\">\n\t\t\t\t<div class=\"elementor-widget-container\">\n\t\t\t\t\t\t\t\t\t\t\t\t\t\t\t<img fetchpriority=\"high\" decoding=\"async\" width=\"441\" height=\"600\" src=\"https:\/\/polatinsaat.com\/wp-content\/uploads\/2024\/11\/sisli-polat-ismerkezi-GALERI-01-441x600.jpg\" class=\"attachment-woosc-large size-woosc-large wp-image-7101\" alt=\"\u015ei\u015fli Polat \u0130\u015f Merkezi\" \/>\t\t\t\t\t\t\t\t\t\t\t\t\t\t\t<\/div>\n\t\t\t\t<\/div>\n\t\t\t\t\t<\/div>\n\t\t<\/div>\n\t\t\t\t<div class=\"elementor-column elementor-col-50 elementor-inner-column elementor-element elementor-element-3b6796f\" data-id=\"3b6796f\" data-element_type=\"column\">\n\t\t\t<div class=\"elementor-widget-wrap elementor-element-populated\">\n\t\t\t\t\t\t<div class=\"elementor-element elementor-element-b18c08e elementor-widget elementor-widget-heading\" data-id=\"b18c08e\" data-element_type=\"widget\" data-widget_type=\"heading.default\">\n\t\t\t\t<div class=\"elementor-widget-container\">\n\t\t\t\t\t<h2 class=\"elementor-heading-title elementor-size-default\">\u015ei\u015fli Polat \u0130\u015f Merkezinde i\u015fyeriniz haz\u0131r...<\/h2>\t\t\t\t<\/div>\n\t\t\t\t<\/div>\n\t\t\t\t<div class=\"elementor-element elementor-element-3f6a37b elementor-widget elementor-widget-text-editor\" data-id=\"3f6a37b\" data-element_type=\"widget\" data-widget_type=\"text-editor.default\">\n\t\t\t\t<div class=\"elementor-widget-container\">\n\t\t\t\t\t\t\t\t\t<div class=\"vc_row wpb_row vc_row-fluid\"><div class=\"wpb_column vc_column_container vc_col-sm-12\"><div class=\"vc_column-inner\"><div class=\"wpb_wrapper\"><div class=\"wpb_text_column wpb_content_element\"><div class=\"wpb_wrapper\"><p>1850 m2 kapal\u0131 alana sahip<br \/>12 katl\u0131<br \/>3 kat d\u00fckkan<br \/>Asans\u00f6rl\u00fc<br \/>Jenarat\u00f6rl\u00fc<\/p><\/div><\/div><\/div><\/div><\/div><\/div>\t\t\t\t\t\t\t\t<\/div>\n\t\t\t\t<\/div>\n\t\t\t\t\t<\/div>\n\t\t<\/div>\n\t\t\t\t\t<\/div>\n\t\t<\/section>\n\t\t\t\t<section class=\"elementor-section elementor-inner-section elementor-element elementor-element-02b5302 elementor-section-gap-beside-no elementor-section-boxed elementor-section-height-default elementor-section-height-default elementor-section-column-vertical-align-stretch\" data-id=\"02b5302\" data-element_type=\"section\" data-settings=\"{&quot;background_background&quot;:&quot;classic&quot;}\">\n\t\t\t\t\t\t<div class=\"elementor-container elementor-column-gap-custom\">\n\t\t\t\t\t<div class=\"elementor-column elementor-col-100 elementor-inner-column elementor-element elementor-element-c90d6ec\" data-id=\"c90d6ec\" data-element_type=\"column\">\n\t\t\t<div class=\"elementor-widget-wrap elementor-element-populated\">\n\t\t\t\t\t\t<div class=\"elementor-element elementor-element-1df918e elementor-widget elementor-widget-heading\" data-id=\"1df918e\" data-element_type=\"widget\" data-widget_type=\"heading.default\">\n\t\t\t\t<div class=\"elementor-widget-container\">\n\t\t\t\t\t<h2 class=\"elementor-heading-title elementor-size-default\">Galeri<\/h2>\t\t\t\t<\/div>\n\t\t\t\t<\/div>\n\t\t\t\t<div class=\"elementor-element elementor-element-ad5f55d elementor-widget elementor-widget-tm-image-gallery\" data-id=\"ad5f55d\" data-element_type=\"widget\" data-settings=\"{&quot;grid_columns&quot;:3,&quot;grid_columns_tablet&quot;:2,&quot;grid_columns_mobile&quot;:1}\" data-widget_type=\"tm-image-gallery.default\">\n\t\t\t\t<div class=\"elementor-widget-container\">\n\t\t\t\t\t\t\t<div class=\"billey-grid-wrapper billey-grid-metro\" data-grid=\"{&quot;type&quot;:&quot;metro&quot;,&quot;ratio&quot;:1,&quot;columns&quot;:3,&quot;columnsTablet&quot;:2,&quot;columnsMobile&quot;:1,&quot;gutter&quot;:30}\">\n\t\t\t<div class=\"billey-grid\">\n\t\t\t\t<div class=\"grid-sizer\"><\/div>\n\n\t\t\t\t\t\t\t\t\t\t\t\t<div class=\"grid-item grid-item-height\" data-width=\"2\" data-height=\"2\">\n\t\t\t\t\t\t<div class=\"billey-box\">\t\t<div class=\"billey-image image\">\n\t\t\t<img decoding=\"async\"  src=\"https:\/\/polatinsaat.com\/wp-content\/uploads\/2024\/11\/sisli-polat-ismerkezi-GALERI-01.jpg\" alt=\"\u015ei\u015fli Polat \u0130\u015f Merkezi\" width=\"441\" \/>\t\t<\/div>\n\t\t\t\t<\/div>\t\t\t\t\t<\/div>\n\t\t\t\t\t\t\t\t\t<div class=\"grid-item grid-item-height\" data-width=\"1\" data-height=\"1\">\n\t\t\t\t\t\t<div class=\"billey-box\">\t\t<div class=\"billey-image image\">\n\t\t\t<img decoding=\"async\"  src=\"https:\/\/polatinsaat.com\/wp-content\/uploads\/2024\/11\/sisli-polat-ismerkezi-GALERI-02-480x480.jpg\" alt=\"\u015ei\u015fli Polat \u0130\u015f Merkezi\" width=\"480\" \/>\t\t<\/div>\n\t\t\t\t<\/div>\t\t\t\t\t<\/div>\n\t\t\t\t\t\t\t\t\t\t\n\t\t\t<\/div>\n\t\t<\/div>\n\t\t\t\t\t\t<\/div>\n\t\t\t\t<\/div>\n\t\t\t\t\t<\/div>\n\t\t<\/div>\n\t\t\t\t\t<\/div>\n\t\t<\/section>\n\t\t\t\t\t<\/div>\n\t\t<\/div>\n\t\t\t\t\t<\/div>\n\t\t<\/section>\n\t\t\t\t<\/div>","protected":false},"excerpt":{"rendered":"<p>\u015ei\u015fli Polat \u0130\u015f Merkezi \u015ei\u015fli Polat \u0130\u015f Merkezinde i\u015fyeriniz haz\u0131r&#8230; 1850 m2 kapal\u0131 alana sahip12 katl\u01313 kat d\u00fckkanAsans\u00f6rl\u00fcJenarat\u00f6rl\u00fc Galeri<\/p>","protected":false},"author":1,"featured_media":0,"parent":0,"menu_order":0,"comment_status":"closed","ping_status":"closed","template":"","meta":{"footnotes":""},"class_list":["post-7097","page","type-page","status-publish","hentry","post-no-thumbnail"],"_links":{"self":[{"href":"https:\/\/polatinsaat.com\/en\/wp-json\/wp\/v2\/pages\/7097"}],"collection":[{"href":"https:\/\/polatinsaat.com\/en\/wp-json\/wp\/v2\/pages"}],"about":[{"href":"https:\/\/polatinsaat.com\/en\/wp-json\/wp\/v2\/types\/page"}],"author":[{"embeddable":true,"href":"https:\/\/polatinsaat.com\/en\/wp-json\/wp\/v2\/users\/1"}],"replies":[{"embeddable":true,"href":"https:\/\/polatinsaat.com\/en\/wp-json\/wp\/v2\/comments?post=7097"}],"version-history":[{"count":0,"href":"https:\/\/polatinsaat.com\/en\/wp-json\/wp\/v2\/pages\/7097\/revisions"}],"wp:attachment":[{"href":"https:\/\/polatinsaat.com\/en\/wp-json\/wp\/v2\/media?parent=7097"}],"curies":[{"name":"wp","href":"https:\/\/api.w.org\/{rel}","templated":true}]}}