{"id":7036,"date":"2024-11-11T19:50:40","date_gmt":"2024-11-11T19:50:40","guid":{"rendered":"https:\/\/polatinsaat.com\/?page_id=7036"},"modified":"2024-11-11T20:00:48","modified_gmt":"2024-11-11T20:00:48","slug":"polat-tower","status":"publish","type":"page","link":"https:\/\/polatinsaat.com\/en\/polat-tower\/","title":{"rendered":"Polat Tower"},"content":{"rendered":"<div data-elementor-type=\"wp-page\" data-elementor-id=\"7036\" class=\"elementor elementor-7036\" data-elementor-post-type=\"page\">\n\t\t\t\t\t\t<section class=\"elementor-section elementor-top-section elementor-element elementor-element-63dfdba elementor-section-stretched elementor-section-boxed elementor-section-gap-beside-yes elementor-section-height-default elementor-section-height-default elementor-section-column-vertical-align-stretch\" data-id=\"63dfdba\" data-element_type=\"section\" data-settings=\"{&quot;stretch_section&quot;:&quot;section-stretched&quot;,&quot;background_background&quot;:&quot;classic&quot;}\">\n\t\t\t\t\t\t<div class=\"elementor-container elementor-column-gap-extended\">\n\t\t\t\t\t<div class=\"elementor-column elementor-col-100 elementor-top-column elementor-element elementor-element-22d04eb\" data-id=\"22d04eb\" data-element_type=\"column\">\n\t\t\t<div class=\"elementor-widget-wrap elementor-element-populated\">\n\t\t\t\t\t\t<section class=\"elementor-section elementor-inner-section elementor-element elementor-element-8bc7794 elementor-section-boxed elementor-section-gap-beside-yes elementor-section-height-default elementor-section-height-default elementor-section-content-align-center elementor-section-column-vertical-align-stretch\" data-id=\"8bc7794\" data-element_type=\"section\">\n\t\t\t\t\t\t<div class=\"elementor-container elementor-column-gap-extended\">\n\t\t\t\t\t<div class=\"elementor-column elementor-col-100 elementor-inner-column elementor-element elementor-element-e7cf6a5\" data-id=\"e7cf6a5\" data-element_type=\"column\">\n\t\t\t<div class=\"elementor-widget-wrap elementor-element-populated\">\n\t\t\t\t\t\t<div class=\"elementor-element elementor-element-fddbf4f elementor-widget elementor-widget-tm-heading\" data-id=\"fddbf4f\" data-element_type=\"widget\" data-widget_type=\"tm-heading.default\">\n\t\t\t\t<div class=\"elementor-widget-container\">\n\t\t\t\t\t\t\t<div class=\"tm-modern-heading\">\n\t\t\t\n\t\t\t\t\t<div class=\"heading-primary-wrap\">\n\t\t\t<h2 class=\"heading-primary elementor-heading-title\">Polat Tower<\/h2>\t\t<\/div>\n\t\t\n\t\t\t\n\t\t\t\t\t<\/div>\n\t\t\t\t\t\t<\/div>\n\t\t\t\t<\/div>\n\t\t\t\t\t<\/div>\n\t\t<\/div>\n\t\t\t\t\t<\/div>\n\t\t<\/section>\n\t\t\t\t\t<\/div>\n\t\t<\/div>\n\t\t\t\t\t<\/div>\n\t\t<\/section>\n\t\t\t\t<section class=\"elementor-section elementor-top-section elementor-element elementor-element-4231055 elementor-section-boxed elementor-section-gap-beside-yes elementor-section-height-default elementor-section-height-default elementor-section-column-vertical-align-stretch\" data-id=\"4231055\" data-element_type=\"section\" data-settings=\"{&quot;background_background&quot;:&quot;classic&quot;}\">\n\t\t\t\t\t\t<div class=\"elementor-container elementor-column-gap-extended\">\n\t\t\t\t\t<div class=\"elementor-column elementor-col-100 elementor-top-column elementor-element elementor-element-68ff808\" data-id=\"68ff808\" data-element_type=\"column\">\n\t\t\t<div class=\"elementor-widget-wrap elementor-element-populated\">\n\t\t\t\t\t\t<section class=\"elementor-section elementor-inner-section elementor-element elementor-element-e3a89e9 elementor-section-gap-beside-no elementor-section-boxed elementor-section-height-default elementor-section-height-default elementor-section-column-vertical-align-stretch\" data-id=\"e3a89e9\" data-element_type=\"section\" data-settings=\"{&quot;background_background&quot;:&quot;classic&quot;}\">\n\t\t\t\t\t\t<div class=\"elementor-container elementor-column-gap-custom\">\n\t\t\t\t\t<div class=\"elementor-column elementor-col-50 elementor-inner-column elementor-element elementor-element-3fb7192\" data-id=\"3fb7192\" data-element_type=\"column\">\n\t\t\t<div class=\"elementor-widget-wrap elementor-element-populated\">\n\t\t\t\t\t\t<div class=\"elementor-element elementor-element-8dc8dfc elementor-widget elementor-widget-image\" data-id=\"8dc8dfc\" data-element_type=\"widget\" data-widget_type=\"image.default\">\n\t\t\t\t<div class=\"elementor-widget-container\">\n\t\t\t\t\t\t\t\t\t\t\t\t\t\t\t<img fetchpriority=\"high\" decoding=\"async\" width=\"600\" height=\"600\" src=\"https:\/\/polatinsaat.com\/wp-content\/uploads\/2024\/11\/polattower_wide01-1-600x600.jpg\" class=\"attachment-woosc-large size-woosc-large wp-image-7042\" alt=\"Polat Tower\" srcset=\"https:\/\/polatinsaat.com\/wp-content\/uploads\/2024\/11\/polattower_wide01-1-600x600.jpg 600w, https:\/\/polatinsaat.com\/wp-content\/uploads\/2024\/11\/polattower_wide01-1-150x150.jpg 150w, https:\/\/polatinsaat.com\/wp-content\/uploads\/2024\/11\/polattower_wide01-1-100x100.jpg 100w, https:\/\/polatinsaat.com\/wp-content\/uploads\/2024\/11\/polattower_wide01-1-96x96.jpg 96w\" sizes=\"(max-width: 600px) 100vw, 600px\" \/>\t\t\t\t\t\t\t\t\t\t\t\t\t\t\t<\/div>\n\t\t\t\t<\/div>\n\t\t\t\t\t<\/div>\n\t\t<\/div>\n\t\t\t\t<div class=\"elementor-column elementor-col-50 elementor-inner-column elementor-element elementor-element-3b6796f\" data-id=\"3b6796f\" data-element_type=\"column\">\n\t\t\t<div class=\"elementor-widget-wrap elementor-element-populated\">\n\t\t\t\t\t\t<div class=\"elementor-element elementor-element-b18c08e elementor-widget elementor-widget-heading\" data-id=\"b18c08e\" data-element_type=\"widget\" data-widget_type=\"heading.default\">\n\t\t\t\t<div class=\"elementor-widget-container\">\n\t\t\t\t\t<h2 class=\"elementor-heading-title elementor-size-default\">Avrupa'n\u0131n en b\u00fcy\u00fck konut binalar\u0131ndan biri...<\/h2>\t\t\t\t<\/div>\n\t\t\t\t<\/div>\n\t\t\t\t<div class=\"elementor-element elementor-element-3f6a37b elementor-widget elementor-widget-text-editor\" data-id=\"3f6a37b\" data-element_type=\"widget\" data-widget_type=\"text-editor.default\">\n\t\t\t\t<div class=\"elementor-widget-container\">\n\t\t\t\t\t\t\t\t\t<div class=\"vc_row wpb_row vc_row-fluid\"><div class=\"wpb_column vc_column_container vc_col-sm-12\"><div class=\"vc_column-inner\"><div class=\"wpb_wrapper\"><div class=\"wpb_text_column wpb_content_element\"><div class=\"wpb_wrapper\"><p class=\"p1\"><span class=\"s1\">\u0130stanbul\u2019un en b\u00fcy\u00fck al\u0131\u015f-veri\u015f, i\u015f ve e\u011flence merkezlerinin kesi\u015fme noktas\u0131nda Be\u015fikta\u015f-Ihlamur\u2019da y\u00fckselen Polat Tower Residence st\u00fcdyo tarz\u0131 ya\u015fam\u0131n en kaliteli yorumunu teknolojinin maksimum kolayl\u0131klar\u0131 ile birarada, \u00fcstelik \u0130stanbul\u2019un t\u00fcm ihti\u015fam\u0131n\u0131n tam ortas\u0131nda ve g\u00f6rkemli bir mimari anlay\u0131\u015fla sunmaktad\u0131r.<\/span><\/p><p class=\"p1\"><span class=\"s1\">33 kat\u0131 konut olmak \u00fczere toplam 42 katl\u0131 kulenin, her konut kat\u0131nda 12 tane olmak \u00fczere toplam\u00a0<b>406 tane st\u00fcdyo dairesi<\/b>\u00a0vard\u0131r. Polat Tower Residence Avrupa\u2019n\u0131n en y\u00fcksek konut binalar\u0131ndan biri olup, tam\u00a0<b>152 metre<\/b>\u00a0y\u00fcksekli\u011findedir. Tasar\u0131m\u0131 st\u00fcdyo ev olan Residence\u2019ta 81 ve 71 metrekarelik st\u00fcdyo daireler; bir oda, bir salon, banyo ve mutfaktan olu\u015fmaktad\u0131r.<\/span><\/p><p class=\"p1\"><span class=\"s1\">\u00a0<\/span><\/p><\/div><\/div><\/div><\/div><\/div><\/div>\t\t\t\t\t\t\t\t<\/div>\n\t\t\t\t<\/div>\n\t\t\t\t\t<\/div>\n\t\t<\/div>\n\t\t\t\t\t<\/div>\n\t\t<\/section>\n\t\t\t\t<section class=\"elementor-section elementor-inner-section elementor-element elementor-element-1fd454f elementor-section-gap-beside-no elementor-section-boxed elementor-section-height-default elementor-section-height-default elementor-section-column-vertical-align-stretch\" data-id=\"1fd454f\" data-element_type=\"section\" data-settings=\"{&quot;background_background&quot;:&quot;classic&quot;}\">\n\t\t\t\t\t\t<div class=\"elementor-container elementor-column-gap-custom\">\n\t\t\t\t\t<div class=\"elementor-column elementor-col-100 elementor-inner-column elementor-element elementor-element-5e28e29\" data-id=\"5e28e29\" data-element_type=\"column\">\n\t\t\t<div class=\"elementor-widget-wrap elementor-element-populated\">\n\t\t\t\t\t\t<div class=\"elementor-element elementor-element-05e5a8f elementor-widget elementor-widget-text-editor\" data-id=\"05e5a8f\" data-element_type=\"widget\" data-widget_type=\"text-editor.default\">\n\t\t\t\t<div class=\"elementor-widget-container\">\n\t\t\t\t\t\t\t\t\t<div class=\"vc_row wpb_row vc_row-fluid\"><div class=\"wpb_column vc_column_container vc_col-sm-12\"><div class=\"vc_column-inner\"><div class=\"wpb_wrapper\"><div class=\"wpb_text_column wpb_content_element\"><div class=\"wpb_wrapper\"><p class=\"p1\"><span class=\"s1\">Polat \u0130n\u015faat g\u00fcvence ve kalitesiyle haz\u0131rlanan bu dairelerde, ya\u015fam mekan\u0131 ile ilgili her t\u00fcrl\u00fc ayr\u0131nt\u0131 daire sahipleri ad\u0131na \u00e7ok \u00f6nceden ve en iyi \u015fekilde planlanm\u0131\u015f, \u00e7\u00f6z\u00fcmlenmi\u015ftir. Daireler t\u00fcm beyaz e\u015fyalar\u0131n yan\u0131s\u0131ra, jakuziden \u00e7\u00f6p \u00f6\u011f\u00fct\u00fcc\u00fcs\u00fcne kadar her\u015fey dahil olarak sat\u0131\u015fa sunulmaktad\u0131r. Binan\u0131n\u00a0<b>650 ara\u00e7 kapasiteli otopark\u0131<\/b>, kapal\u0131 y\u00fczme havuzu, fitness center\u2019\u0131 bulunmaktad\u0131r.<\/span><\/p><p class=\"p1\"><span class=\"s1\">Towerside Al\u0131\u015fveri\u015f Merkezi\u2019nde de\u011fi\u015fik alanlarda hizmet veren toplam\u00a0<b>23 ma\u011faza<\/b>\u00a0bulunmaktad\u0131r. Bina,\u00a0<b>33.000<\/b>\u00a0noktas\u0131nda ana bilgisayar\u0131n kontrol\u00fc alt\u0131nda olmakta, ayr\u0131ca yarat\u0131lan otomasyon senaryosuyla, d\u00fcnyada residence uygulamalar\u0131 i\u00e7erisinde ilk s\u0131ralarda yer almaktad\u0131r.<\/span><\/p><p class=\"p1\"><span class=\"s1\">Her dairede \u00f6zel klima, uzaktan kumandal\u0131 ev donan\u0131mlar\u0131, 3 jenerat\u00f6r, daire sahiplerine her konuda kolayl\u0131k sa\u011flayan ak\u0131ll\u0131 kart, bina \u00fczerinde helikopter ini\u015f alan\u0131, American Honeywell \u015eirketi\u2019nin otomasyon g\u00fcvencesinde i\u015fletme garantisi, bina sakinlerine yeni \u00e7a\u011f\u0131n gerektirdi\u011fi g\u00fcvenlik ve konforu sa\u011flayan \u00f6zelliklerin sadece bir b\u00f6l\u00fcm\u00fcd\u00fcr.<\/span><\/p><\/div><\/div><\/div><\/div><\/div><\/div>\t\t\t\t\t\t\t\t<\/div>\n\t\t\t\t<\/div>\n\t\t\t\t\t<\/div>\n\t\t<\/div>\n\t\t\t\t\t<\/div>\n\t\t<\/section>\n\t\t\t\t<section class=\"elementor-section elementor-inner-section elementor-element elementor-element-8f89ad7 elementor-section-gap-beside-no elementor-section-boxed elementor-section-height-default elementor-section-height-default elementor-section-column-vertical-align-stretch\" data-id=\"8f89ad7\" data-element_type=\"section\" data-settings=\"{&quot;background_background&quot;:&quot;classic&quot;}\">\n\t\t\t\t\t\t<div class=\"elementor-container elementor-column-gap-custom\">\n\t\t\t\t\t<div class=\"elementor-column elementor-col-100 elementor-inner-column elementor-element elementor-element-aede713\" data-id=\"aede713\" data-element_type=\"column\">\n\t\t\t<div class=\"elementor-widget-wrap elementor-element-populated\">\n\t\t\t\t\t\t<div class=\"elementor-element elementor-element-c7bfaeb elementor-widget elementor-widget-heading\" data-id=\"c7bfaeb\" data-element_type=\"widget\" data-widget_type=\"heading.default\">\n\t\t\t\t<div class=\"elementor-widget-container\">\n\t\t\t\t\t<h2 class=\"elementor-heading-title elementor-size-default\">Kat Planlar\u0131<\/h2>\t\t\t\t<\/div>\n\t\t\t\t<\/div>\n\t\t\t\t<div class=\"elementor-element elementor-element-ab5e5c3 elementor-widget elementor-widget-tm-image-gallery\" data-id=\"ab5e5c3\" data-element_type=\"widget\" data-settings=\"{&quot;grid_columns&quot;:3,&quot;grid_columns_tablet&quot;:2,&quot;grid_columns_mobile&quot;:1}\" data-widget_type=\"tm-image-gallery.default\">\n\t\t\t\t<div class=\"elementor-widget-container\">\n\t\t\t\t\t\t\t<div class=\"billey-grid-wrapper billey-light-gallery\" data-grid=\"{&quot;type&quot;:&quot;grid&quot;,&quot;ratio&quot;:null,&quot;columns&quot;:3,&quot;columnsTablet&quot;:2,&quot;columnsMobile&quot;:1,&quot;gutter&quot;:30}\">\n\t\t\t<div class=\"billey-grid\">\n\t\t\t\t<div class=\"grid-sizer\"><\/div>\n\n\t\t\t\t\t\t\t\t\t\t\t\t<div class=\"grid-item\">\n\t\t\t\t\t\t<a class=\"billey-box zoom\" href=\"https:\/\/polatinsaat.com\/wp-content\/uploads\/2024\/11\/Polat-Tower-katplani-01.jpg\" data-sub-html=\"&lt;h4&gt;Polat-Tower-katplani-01&lt;\/h4&gt;\">\t\t<div class=\"billey-image image\">\n\t\t\t<img decoding=\"async\"  src=\"https:\/\/polatinsaat.com\/wp-content\/uploads\/2024\/11\/Polat-Tower-katplani-01.jpg\" alt=\"Polat Tower\" width=\"594\" \/>\t\t<\/div>\n\t\t\t\t\t<div class=\"billey-overlay\">\n\t\t\t\t<div><span class=\"fa-light fa-plus\"><\/span><\/div>\n\t\t\t<\/div>\n\t\t\t\t<\/a>\t\t\t\t\t<\/div>\n\t\t\t\t\t\t<div class=\"grid-item\">\n\t\t\t\t\t\t<a class=\"billey-box zoom\" href=\"https:\/\/polatinsaat.com\/wp-content\/uploads\/2024\/11\/Polat-Tower-katplani-02.jpg\" data-sub-html=\"&lt;h4&gt;Polat-Tower-katplani-02&lt;\/h4&gt;\">\t\t<div class=\"billey-image image\">\n\t\t\t<img decoding=\"async\"  src=\"https:\/\/polatinsaat.com\/wp-content\/uploads\/2024\/11\/Polat-Tower-katplani-02.jpg\" alt=\"Polat Tower\" width=\"594\" \/>\t\t<\/div>\n\t\t\t\t\t<div class=\"billey-overlay\">\n\t\t\t\t<div><span class=\"fa-light fa-plus\"><\/span><\/div>\n\t\t\t<\/div>\n\t\t\t\t<\/a>\t\t\t\t\t<\/div>\n\t\t\t\t\t\t<div class=\"grid-item\">\n\t\t\t\t\t\t<a class=\"billey-box zoom\" href=\"https:\/\/polatinsaat.com\/wp-content\/uploads\/2024\/11\/Polat-Tower-katplani-03.jpg\" data-sub-html=\"&lt;h4&gt;Polat-Tower-katplani-03&lt;\/h4&gt;\">\t\t<div class=\"billey-image image\">\n\t\t\t<img decoding=\"async\"  src=\"https:\/\/polatinsaat.com\/wp-content\/uploads\/2024\/11\/Polat-Tower-katplani-03.jpg\" alt=\"Polat Tower\" width=\"600\" \/>\t\t<\/div>\n\t\t\t\t\t<div class=\"billey-overlay\">\n\t\t\t\t<div><span class=\"fa-light fa-plus\"><\/span><\/div>\n\t\t\t<\/div>\n\t\t\t\t<\/a>\t\t\t\t\t<\/div>\n\t\t\t\t\t\t\t\n\t\t\t<\/div>\n\t\t<\/div>\n\t\t\t\t\t\t<\/div>\n\t\t\t\t<\/div>\n\t\t\t\t\t<\/div>\n\t\t<\/div>\n\t\t\t\t\t<\/div>\n\t\t<\/section>\n\t\t\t\t<section class=\"elementor-section elementor-inner-section elementor-element elementor-element-02b5302 elementor-section-gap-beside-no elementor-section-boxed elementor-section-height-default elementor-section-height-default elementor-section-column-vertical-align-stretch\" data-id=\"02b5302\" data-element_type=\"section\" data-settings=\"{&quot;background_background&quot;:&quot;classic&quot;}\">\n\t\t\t\t\t\t<div class=\"elementor-container elementor-column-gap-custom\">\n\t\t\t\t\t<div class=\"elementor-column elementor-col-100 elementor-inner-column elementor-element elementor-element-c90d6ec\" data-id=\"c90d6ec\" data-element_type=\"column\">\n\t\t\t<div class=\"elementor-widget-wrap elementor-element-populated\">\n\t\t\t\t\t\t<div class=\"elementor-element elementor-element-1df918e elementor-widget elementor-widget-heading\" data-id=\"1df918e\" data-element_type=\"widget\" data-widget_type=\"heading.default\">\n\t\t\t\t<div class=\"elementor-widget-container\">\n\t\t\t\t\t<h2 class=\"elementor-heading-title elementor-size-default\">Galeri<\/h2>\t\t\t\t<\/div>\n\t\t\t\t<\/div>\n\t\t\t\t<div class=\"elementor-element elementor-element-ad5f55d elementor-widget elementor-widget-tm-image-gallery\" data-id=\"ad5f55d\" data-element_type=\"widget\" data-settings=\"{&quot;grid_columns&quot;:3,&quot;grid_columns_tablet&quot;:2,&quot;grid_columns_mobile&quot;:1}\" data-widget_type=\"tm-image-gallery.default\">\n\t\t\t\t<div class=\"elementor-widget-container\">\n\t\t\t\t\t\t\t<div class=\"billey-grid-wrapper billey-grid-metro\" data-grid=\"{&quot;type&quot;:&quot;metro&quot;,&quot;ratio&quot;:1,&quot;columns&quot;:3,&quot;columnsTablet&quot;:2,&quot;columnsMobile&quot;:1,&quot;gutter&quot;:30}\">\n\t\t\t<div class=\"billey-grid\">\n\t\t\t\t<div class=\"grid-sizer\"><\/div>\n\n\t\t\t\t\t\t\t\t\t\t\t\t<div class=\"grid-item grid-item-height\" data-width=\"2\" data-height=\"2\">\n\t\t\t\t\t\t<div class=\"billey-box\">\t\t<div class=\"billey-image image\">\n\t\t\t<img decoding=\"async\"  src=\"https:\/\/polatinsaat.com\/wp-content\/uploads\/2024\/11\/polattower_wide01-1.jpg\" alt=\"Polat Tower\" \/>\t\t<\/div>\n\t\t\t\t<\/div>\t\t\t\t\t<\/div>\n\t\t\t\t\t\t\t\t\t<div class=\"grid-item grid-item-height\" data-width=\"1\" data-height=\"1\">\n\t\t\t\t\t\t<div class=\"billey-box\">\t\t<div class=\"billey-image image\">\n\t\t\t<img decoding=\"async\"  src=\"https:\/\/polatinsaat.com\/wp-content\/uploads\/2024\/11\/polattower_wide02-480x480.jpg\" alt=\"Polat Tower\" width=\"480\" \/>\t\t<\/div>\n\t\t\t\t<\/div>\t\t\t\t\t<\/div>\n\t\t\t\t\t\t\t\t\t<div class=\"grid-item grid-item-height\" data-width=\"1\" data-height=\"1\">\n\t\t\t\t\t\t<div class=\"billey-box\">\t\t<div class=\"billey-image image\">\n\t\t\t<img decoding=\"async\"  src=\"https:\/\/polatinsaat.com\/wp-content\/uploads\/2024\/11\/polattower-galeri-01.jpg\" alt=\"Polat Tower\" \/>\t\t<\/div>\n\t\t\t\t<\/div>\t\t\t\t\t<\/div>\n\t\t\t\t\t\t\t\t\t<div class=\"grid-item grid-item-height\" data-width=\"1\" data-height=\"1\">\n\t\t\t\t\t\t<div class=\"billey-box\">\t\t<div class=\"billey-image image\">\n\t\t\t<img decoding=\"async\"  src=\"https:\/\/polatinsaat.com\/wp-content\/uploads\/2024\/11\/polattower-galeri-02.jpg\" alt=\"Polat Tower\" \/>\t\t<\/div>\n\t\t\t\t<\/div>\t\t\t\t\t<\/div>\n\t\t\t\t\t\t\t\t\t<div class=\"grid-item grid-item-height\" data-width=\"2\" data-height=\"2\">\n\t\t\t\t\t\t<div class=\"billey-box\">\t\t<div class=\"billey-image image\">\n\t\t\t<img decoding=\"async\"  src=\"https:\/\/polatinsaat.com\/wp-content\/uploads\/2024\/11\/polattower-galeri-03.jpg\" alt=\"Polat Tower\" width=\"369\" \/>\t\t<\/div>\n\t\t\t\t<\/div>\t\t\t\t\t<\/div>\n\t\t\t\t\t\t\t\t\t<div class=\"grid-item grid-item-height\" data-width=\"1\" data-height=\"1\">\n\t\t\t\t\t\t<div class=\"billey-box\">\t\t<div class=\"billey-image image\">\n\t\t\t<img decoding=\"async\"  src=\"https:\/\/polatinsaat.com\/wp-content\/uploads\/2024\/11\/polattower-galeri-04.jpg\" alt=\"Polat Tower\" \/>\t\t<\/div>\n\t\t\t\t<\/div>\t\t\t\t\t<\/div>\n\t\t\t\t\t\t\t\t\t<div class=\"grid-item grid-item-height\" data-width=\"2\" data-height=\"2\">\n\t\t\t\t\t\t<div class=\"billey-box\">\t\t<div class=\"billey-image image\">\n\t\t\t<img decoding=\"async\"  src=\"https:\/\/polatinsaat.com\/wp-content\/uploads\/2024\/11\/polattower-galeri-05.jpg\" alt=\"Polat Tower\" width=\"496\" \/>\t\t<\/div>\n\t\t\t\t<\/div>\t\t\t\t\t<\/div>\n\t\t\t\t\t\t\t\t\t<div class=\"grid-item grid-item-height\" data-width=\"1\" data-height=\"1\">\n\t\t\t\t\t\t<div class=\"billey-box\">\t\t<div class=\"billey-image image\">\n\t\t\t<img decoding=\"async\"  src=\"https:\/\/polatinsaat.com\/wp-content\/uploads\/2024\/11\/polattower-galeri-06.jpg\" alt=\"Polat Tower\" \/>\t\t<\/div>\n\t\t\t\t<\/div>\t\t\t\t\t<\/div>\n\t\t\t\t\t\t\t\t\t<div class=\"grid-item grid-item-height\" data-width=\"1\" data-height=\"1\">\n\t\t\t\t\t\t<div class=\"billey-box\">\t\t<div class=\"billey-image image\">\n\t\t\t<img decoding=\"async\"  src=\"https:\/\/polatinsaat.com\/wp-content\/uploads\/2024\/11\/polattower-galeri-07.jpg\" alt=\"Polat Tower\" \/>\t\t<\/div>\n\t\t\t\t<\/div>\t\t\t\t\t<\/div>\n\t\t\t\t\t\t\t\t\t<div class=\"grid-item grid-item-height\" data-width=\"1\" data-height=\"1\">\n\t\t\t\t\t\t<div class=\"billey-box\">\t\t<div class=\"billey-image image\">\n\t\t\t<img decoding=\"async\"  src=\"https:\/\/polatinsaat.com\/wp-content\/uploads\/2024\/11\/polattower-galeri-08.jpg\" alt=\"polattower-galeri-08\" width=\"402\" \/>\t\t<\/div>\n\t\t\t\t<\/div>\t\t\t\t\t<\/div>\n\t\t\t\t\t\t\t\t\t\t\n\t\t\t<\/div>\n\t\t<\/div>\n\t\t\t\t\t\t<\/div>\n\t\t\t\t<\/div>\n\t\t\t\t\t<\/div>\n\t\t<\/div>\n\t\t\t\t\t<\/div>\n\t\t<\/section>\n\t\t\t\t\t<\/div>\n\t\t<\/div>\n\t\t\t\t\t<\/div>\n\t\t<\/section>\n\t\t\t\t<\/div>","protected":false},"excerpt":{"rendered":"<p>Polat Tower Avrupa&#8217;n\u0131n en b\u00fcy\u00fck konut binalar\u0131ndan biri&#8230; \u0130stanbul\u2019un en b\u00fcy\u00fck al\u0131\u015f-veri\u015f, i\u015f ve e\u011flence merkezlerinin kesi\u015fme noktas\u0131nda Be\u015fikta\u015f-Ihlamur\u2019da y\u00fckselen Polat Tower Residence st\u00fcdyo tarz\u0131 ya\u015fam\u0131n en kaliteli yorumunu teknolojinin maksimum kolayl\u0131klar\u0131 ile birarada, \u00fcstelik \u0130stanbul\u2019un t\u00fcm ihti\u015fam\u0131n\u0131n tam ortas\u0131nda ve g\u00f6rkemli bir mimari anlay\u0131\u015fla sunmaktad\u0131r. 33 kat\u0131 konut olmak \u00fczere toplam 42 katl\u0131 kulenin, her konut kat\u0131nda 12 tane olmak \u00fczere toplam\u00a0406 tane st\u00fcdyo dairesi\u00a0vard\u0131r. Polat Tower Residence Avrupa\u2019n\u0131n en y\u00fcksek konut binalar\u0131ndan biri olup, tam\u00a0152 metre\u00a0y\u00fcksekli\u011findedir. Tasar\u0131m\u0131 st\u00fcdyo ev olan Residence\u2019ta 81 ve 71 metrekarelik st\u00fcdyo daireler; bir oda, bir salon, banyo ve mutfaktan olu\u015fmaktad\u0131r. \u00a0 Polat \u0130n\u015faat g\u00fcvence ve kalitesiyle haz\u0131rlanan bu dairelerde, ya\u015fam mekan\u0131 ile ilgili her t\u00fcrl\u00fc ayr\u0131nt\u0131 daire sahipleri ad\u0131na \u00e7ok \u00f6nceden ve en iyi \u015fekilde planlanm\u0131\u015f, \u00e7\u00f6z\u00fcmlenmi\u015ftir. Daireler t\u00fcm beyaz e\u015fyalar\u0131n yan\u0131s\u0131ra, jakuziden \u00e7\u00f6p \u00f6\u011f\u00fct\u00fcc\u00fcs\u00fcne kadar her\u015fey dahil olarak sat\u0131\u015fa sunulmaktad\u0131r. Binan\u0131n\u00a0650 ara\u00e7 kapasiteli otopark\u0131, kapal\u0131 y\u00fczme havuzu, fitness center\u2019\u0131 bulunmaktad\u0131r. Towerside Al\u0131\u015fveri\u015f Merkezi\u2019nde de\u011fi\u015fik alanlarda hizmet veren toplam\u00a023 ma\u011faza\u00a0bulunmaktad\u0131r. Bina,\u00a033.000\u00a0noktas\u0131nda ana bilgisayar\u0131n kontrol\u00fc alt\u0131nda olmakta, ayr\u0131ca yarat\u0131lan otomasyon senaryosuyla, d\u00fcnyada residence uygulamalar\u0131 i\u00e7erisinde ilk s\u0131ralarda yer almaktad\u0131r. Her dairede \u00f6zel klima, uzaktan kumandal\u0131 ev donan\u0131mlar\u0131, 3 jenerat\u00f6r, daire sahiplerine her konuda kolayl\u0131k sa\u011flayan ak\u0131ll\u0131 kart, bina \u00fczerinde helikopter ini\u015f alan\u0131, American Honeywell \u015eirketi\u2019nin otomasyon g\u00fcvencesinde i\u015fletme garantisi, bina sakinlerine yeni \u00e7a\u011f\u0131n gerektirdi\u011fi g\u00fcvenlik ve konforu sa\u011flayan \u00f6zelliklerin sadece bir b\u00f6l\u00fcm\u00fcd\u00fcr. Kat Planlar\u0131 Galeri<\/p>","protected":false},"author":1,"featured_media":0,"parent":0,"menu_order":0,"comment_status":"closed","ping_status":"closed","template":"","meta":{"footnotes":""},"class_list":["post-7036","page","type-page","status-publish","hentry","post-no-thumbnail"],"_links":{"self":[{"href":"https:\/\/polatinsaat.com\/en\/wp-json\/wp\/v2\/pages\/7036"}],"collection":[{"href":"https:\/\/polatinsaat.com\/en\/wp-json\/wp\/v2\/pages"}],"about":[{"href":"https:\/\/polatinsaat.com\/en\/wp-json\/wp\/v2\/types\/page"}],"author":[{"embeddable":true,"href":"https:\/\/polatinsaat.com\/en\/wp-json\/wp\/v2\/users\/1"}],"replies":[{"embeddable":true,"href":"https:\/\/polatinsaat.com\/en\/wp-json\/wp\/v2\/comments?post=7036"}],"version-history":[{"count":0,"href":"https:\/\/polatinsaat.com\/en\/wp-json\/wp\/v2\/pages\/7036\/revisions"}],"wp:attachment":[{"href":"https:\/\/polatinsaat.com\/en\/wp-json\/wp\/v2\/media?parent=7036"}],"curies":[{"name":"wp","href":"https:\/\/api.w.org\/{rel}","templated":true}]}}