{"id":7020,"date":"2024-11-11T19:37:16","date_gmt":"2024-11-11T19:37:16","guid":{"rendered":"https:\/\/polatinsaat.com\/?page_id=7020"},"modified":"2024-11-11T19:49:35","modified_gmt":"2024-11-11T19:49:35","slug":"polat-sisli-residence","status":"publish","type":"page","link":"https:\/\/polatinsaat.com\/en\/polat-sisli-residence\/","title":{"rendered":"Polat \u015ei\u015fli Residence"},"content":{"rendered":"<div data-elementor-type=\"wp-page\" data-elementor-id=\"7020\" class=\"elementor elementor-7020\" data-elementor-post-type=\"page\">\n\t\t\t\t\t\t<section class=\"elementor-section elementor-top-section elementor-element elementor-element-63dfdba elementor-section-stretched elementor-section-boxed elementor-section-gap-beside-yes elementor-section-height-default elementor-section-height-default elementor-section-column-vertical-align-stretch\" data-id=\"63dfdba\" data-element_type=\"section\" data-settings=\"{&quot;stretch_section&quot;:&quot;section-stretched&quot;,&quot;background_background&quot;:&quot;classic&quot;}\">\n\t\t\t\t\t\t<div class=\"elementor-container elementor-column-gap-extended\">\n\t\t\t\t\t<div class=\"elementor-column elementor-col-100 elementor-top-column elementor-element elementor-element-22d04eb\" data-id=\"22d04eb\" data-element_type=\"column\">\n\t\t\t<div class=\"elementor-widget-wrap elementor-element-populated\">\n\t\t\t\t\t\t<section class=\"elementor-section elementor-inner-section elementor-element elementor-element-8bc7794 elementor-section-boxed elementor-section-gap-beside-yes elementor-section-height-default elementor-section-height-default elementor-section-content-align-center elementor-section-column-vertical-align-stretch\" data-id=\"8bc7794\" data-element_type=\"section\">\n\t\t\t\t\t\t<div class=\"elementor-container elementor-column-gap-extended\">\n\t\t\t\t\t<div class=\"elementor-column elementor-col-100 elementor-inner-column elementor-element elementor-element-e7cf6a5\" data-id=\"e7cf6a5\" data-element_type=\"column\">\n\t\t\t<div class=\"elementor-widget-wrap elementor-element-populated\">\n\t\t\t\t\t\t<div class=\"elementor-element elementor-element-fddbf4f elementor-widget elementor-widget-tm-heading\" data-id=\"fddbf4f\" data-element_type=\"widget\" data-widget_type=\"tm-heading.default\">\n\t\t\t\t<div class=\"elementor-widget-container\">\n\t\t\t\t\t\t\t<div class=\"tm-modern-heading\">\n\t\t\t\n\t\t\t\t\t<div class=\"heading-primary-wrap\">\n\t\t\t<h2 class=\"heading-primary elementor-heading-title\">Polat \u015ei\u015fli Residence<\/h2>\t\t<\/div>\n\t\t\n\t\t\t\n\t\t\t\t\t<\/div>\n\t\t\t\t\t\t<\/div>\n\t\t\t\t<\/div>\n\t\t\t\t\t<\/div>\n\t\t<\/div>\n\t\t\t\t\t<\/div>\n\t\t<\/section>\n\t\t\t\t\t<\/div>\n\t\t<\/div>\n\t\t\t\t\t<\/div>\n\t\t<\/section>\n\t\t\t\t<section class=\"elementor-section elementor-top-section elementor-element elementor-element-4231055 elementor-section-boxed elementor-section-gap-beside-yes elementor-section-height-default elementor-section-height-default elementor-section-column-vertical-align-stretch\" data-id=\"4231055\" data-element_type=\"section\" data-settings=\"{&quot;background_background&quot;:&quot;classic&quot;}\">\n\t\t\t\t\t\t<div class=\"elementor-container elementor-column-gap-extended\">\n\t\t\t\t\t<div class=\"elementor-column elementor-col-100 elementor-top-column elementor-element elementor-element-68ff808\" data-id=\"68ff808\" data-element_type=\"column\">\n\t\t\t<div class=\"elementor-widget-wrap elementor-element-populated\">\n\t\t\t\t\t\t<section class=\"elementor-section elementor-inner-section elementor-element elementor-element-e3a89e9 elementor-section-gap-beside-no elementor-section-boxed elementor-section-height-default elementor-section-height-default elementor-section-column-vertical-align-stretch\" data-id=\"e3a89e9\" data-element_type=\"section\" data-settings=\"{&quot;background_background&quot;:&quot;classic&quot;}\">\n\t\t\t\t\t\t<div class=\"elementor-container elementor-column-gap-custom\">\n\t\t\t\t\t<div class=\"elementor-column elementor-col-50 elementor-inner-column elementor-element elementor-element-3fb7192\" data-id=\"3fb7192\" data-element_type=\"column\">\n\t\t\t<div class=\"elementor-widget-wrap elementor-element-populated\">\n\t\t\t\t\t\t<div class=\"elementor-element elementor-element-8dc8dfc elementor-widget elementor-widget-image\" data-id=\"8dc8dfc\" data-element_type=\"widget\" data-widget_type=\"image.default\">\n\t\t\t\t<div class=\"elementor-widget-container\">\n\t\t\t\t\t\t\t\t\t\t\t\t\t\t\t<img fetchpriority=\"high\" decoding=\"async\" width=\"496\" height=\"600\" src=\"https:\/\/polatinsaat.com\/wp-content\/uploads\/2024\/11\/sisli-polat-residence-galeri-01-496x600.jpg\" class=\"attachment-woosc-large size-woosc-large wp-image-7026\" alt=\"Polat \u015ei\u015fli Residence\" \/>\t\t\t\t\t\t\t\t\t\t\t\t\t\t\t<\/div>\n\t\t\t\t<\/div>\n\t\t\t\t\t<\/div>\n\t\t<\/div>\n\t\t\t\t<div class=\"elementor-column elementor-col-50 elementor-inner-column elementor-element elementor-element-3b6796f\" data-id=\"3b6796f\" data-element_type=\"column\">\n\t\t\t<div class=\"elementor-widget-wrap elementor-element-populated\">\n\t\t\t\t\t\t<div class=\"elementor-element elementor-element-b18c08e elementor-widget elementor-widget-heading\" data-id=\"b18c08e\" data-element_type=\"widget\" data-widget_type=\"heading.default\">\n\t\t\t\t<div class=\"elementor-widget-container\">\n\t\t\t\t\t<h2 class=\"elementor-heading-title elementor-size-default\">\u015eehrin ortas\u0131nda huzurlu, ayr\u0131cal\u0131kl\u0131 size \u00f6zel yeni bir ya\u015fam ba\u015fl\u0131yor\u2026<\/h2>\t\t\t\t<\/div>\n\t\t\t\t<\/div>\n\t\t\t\t<div class=\"elementor-element elementor-element-3f6a37b elementor-widget elementor-widget-text-editor\" data-id=\"3f6a37b\" data-element_type=\"widget\" data-widget_type=\"text-editor.default\">\n\t\t\t\t<div class=\"elementor-widget-container\">\n\t\t\t\t\t\t\t\t\t<div class=\"vc_row wpb_row vc_row-fluid\"><div class=\"wpb_column vc_column_container vc_col-sm-12\"><div class=\"vc_column-inner\"><div class=\"wpb_wrapper\"><div class=\"wpb_text_column wpb_content_element\"><div class=\"wpb_wrapper\"><p class=\"p1\"><span class=\"s1\">Araban\u0131z\u0131 bir s\u00fcre garaj\u0131n\u0131za b\u0131rak\u0131n, dinlensin. Art\u0131k i\u015finiz, e\u011flenceniz, size y\u00fcr\u00fcy\u00fc\u015f mesafesinde. Trafikten uzakta stressiz \u0130stanbul\u2019u Polat \u015ei\u015fli Projesi ayr\u0131cal\u0131\u011f\u0131 ile ya\u015fay\u0131n. D\u00fcnyan\u0131n en se\u00e7kin ma\u011fazalar\u0131, sinema, tiyatro, konser gibi k\u00fclt\u00fcr aktivitelerine kendinizi yormadan y\u00fcr\u00fcyerek kat\u0131l\u0131n. \u0130stanbul\u2019un tad\u0131n\u0131 Polat \u015ei\u015fli Projesi\u2019nde size \u00f6zel tasarlanm\u0131\u015f dairenizde huzurla \u00e7\u0131karmaya devam edin.<\/span><\/p><\/div><\/div><\/div><\/div><\/div><\/div>\t\t\t\t\t\t\t\t<\/div>\n\t\t\t\t<\/div>\n\t\t\t\t\t<\/div>\n\t\t<\/div>\n\t\t\t\t\t<\/div>\n\t\t<\/section>\n\t\t\t\t<section class=\"elementor-section elementor-inner-section elementor-element elementor-element-1fd454f elementor-section-gap-beside-no elementor-section-boxed elementor-section-height-default elementor-section-height-default elementor-section-column-vertical-align-stretch\" data-id=\"1fd454f\" data-element_type=\"section\" data-settings=\"{&quot;background_background&quot;:&quot;classic&quot;}\">\n\t\t\t\t\t\t<div class=\"elementor-container elementor-column-gap-custom\">\n\t\t\t\t\t<div class=\"elementor-column elementor-col-100 elementor-inner-column elementor-element elementor-element-5e28e29\" data-id=\"5e28e29\" data-element_type=\"column\">\n\t\t\t<div class=\"elementor-widget-wrap elementor-element-populated\">\n\t\t\t\t\t\t<div class=\"elementor-element elementor-element-1e56a5f elementor-widget elementor-widget-heading\" data-id=\"1e56a5f\" data-element_type=\"widget\" data-widget_type=\"heading.default\">\n\t\t\t\t<div class=\"elementor-widget-container\">\n\t\t\t\t\t<h2 class=\"elementor-heading-title elementor-size-default\">Kat Planlar\u0131<\/h2>\t\t\t\t<\/div>\n\t\t\t\t<\/div>\n\t\t\t\t<div class=\"elementor-element elementor-element-bff6b93 elementor-widget elementor-widget-tm-image-gallery\" data-id=\"bff6b93\" data-element_type=\"widget\" data-settings=\"{&quot;grid_columns&quot;:3,&quot;grid_columns_tablet&quot;:2,&quot;grid_columns_mobile&quot;:1}\" data-widget_type=\"tm-image-gallery.default\">\n\t\t\t\t<div class=\"elementor-widget-container\">\n\t\t\t\t\t\t\t<div class=\"billey-grid-wrapper billey-light-gallery\" data-grid=\"{&quot;type&quot;:&quot;grid&quot;,&quot;ratio&quot;:null,&quot;columns&quot;:3,&quot;columnsTablet&quot;:2,&quot;columnsMobile&quot;:1,&quot;gutter&quot;:30}\">\n\t\t\t<div class=\"billey-grid\">\n\t\t\t\t<div class=\"grid-sizer\"><\/div>\n\n\t\t\t\t\t\t\t\t\t\t\t\t<div class=\"grid-item\">\n\t\t\t\t\t\t<a class=\"billey-box zoom\" href=\"https:\/\/polatinsaat.com\/wp-content\/uploads\/2024\/11\/sisli-polat-residence-katplani-01.jpg\" data-sub-html=\"&lt;h4&gt;sisli-polat-residence-katplani-01&lt;\/h4&gt;\">\t\t<div class=\"billey-image image\">\n\t\t\t<img decoding=\"async\"  src=\"https:\/\/polatinsaat.com\/wp-content\/uploads\/2024\/11\/sisli-polat-residence-katplani-01.jpg\" alt=\"Polat \u015ei\u015fli Residence\" \/>\t\t<\/div>\n\t\t\t\t\t<div class=\"billey-overlay\">\n\t\t\t\t<div><span class=\"fa-light fa-plus\"><\/span><\/div>\n\t\t\t<\/div>\n\t\t\t\t<\/a>\t\t\t\t\t<\/div>\n\t\t\t\t\t\t<div class=\"grid-item\">\n\t\t\t\t\t\t<a class=\"billey-box zoom\" href=\"https:\/\/polatinsaat.com\/wp-content\/uploads\/2024\/11\/sisli-polat-residence-katplani-02.jpg\" data-sub-html=\"&lt;h4&gt;sisli-polat-residence-katplani-02&lt;\/h4&gt;\">\t\t<div class=\"billey-image image\">\n\t\t\t<img decoding=\"async\"  src=\"https:\/\/polatinsaat.com\/wp-content\/uploads\/2024\/11\/sisli-polat-residence-katplani-02.jpg\" alt=\"Polat \u015ei\u015fli Residence\" \/>\t\t<\/div>\n\t\t\t\t\t<div class=\"billey-overlay\">\n\t\t\t\t<div><span class=\"fa-light fa-plus\"><\/span><\/div>\n\t\t\t<\/div>\n\t\t\t\t<\/a>\t\t\t\t\t<\/div>\n\t\t\t\t\t\t<div class=\"grid-item\">\n\t\t\t\t\t\t<a class=\"billey-box zoom\" href=\"https:\/\/polatinsaat.com\/wp-content\/uploads\/2024\/11\/sisli-polat-residence-katplani-03.jpg\" data-sub-html=\"&lt;h4&gt;sisli-polat-residence-katplani-03&lt;\/h4&gt;\">\t\t<div class=\"billey-image image\">\n\t\t\t<img decoding=\"async\"  src=\"https:\/\/polatinsaat.com\/wp-content\/uploads\/2024\/11\/sisli-polat-residence-katplani-03-600x600.jpg\" alt=\"Polat \u015ei\u015fli Residence\" width=\"600\" \/>\t\t<\/div>\n\t\t\t\t\t<div class=\"billey-overlay\">\n\t\t\t\t<div><span class=\"fa-light fa-plus\"><\/span><\/div>\n\t\t\t<\/div>\n\t\t\t\t<\/a>\t\t\t\t\t<\/div>\n\t\t\t\t\t\t\t\n\t\t\t<\/div>\n\t\t<\/div>\n\t\t\t\t\t\t<\/div>\n\t\t\t\t<\/div>\n\t\t\t\t\t<\/div>\n\t\t<\/div>\n\t\t\t\t\t<\/div>\n\t\t<\/section>\n\t\t\t\t<section class=\"elementor-section elementor-inner-section elementor-element elementor-element-02b5302 elementor-section-gap-beside-no elementor-section-boxed elementor-section-height-default elementor-section-height-default elementor-section-column-vertical-align-stretch\" data-id=\"02b5302\" data-element_type=\"section\" data-settings=\"{&quot;background_background&quot;:&quot;classic&quot;}\">\n\t\t\t\t\t\t<div class=\"elementor-container elementor-column-gap-custom\">\n\t\t\t\t\t<div class=\"elementor-column elementor-col-100 elementor-inner-column elementor-element elementor-element-c90d6ec\" data-id=\"c90d6ec\" data-element_type=\"column\">\n\t\t\t<div class=\"elementor-widget-wrap elementor-element-populated\">\n\t\t\t\t\t\t<div class=\"elementor-element elementor-element-1df918e elementor-widget elementor-widget-heading\" data-id=\"1df918e\" data-element_type=\"widget\" data-widget_type=\"heading.default\">\n\t\t\t\t<div class=\"elementor-widget-container\">\n\t\t\t\t\t<h2 class=\"elementor-heading-title elementor-size-default\">Galeri<\/h2>\t\t\t\t<\/div>\n\t\t\t\t<\/div>\n\t\t\t\t<div class=\"elementor-element elementor-element-ad5f55d elementor-widget elementor-widget-tm-image-gallery\" data-id=\"ad5f55d\" data-element_type=\"widget\" data-settings=\"{&quot;grid_columns&quot;:3,&quot;grid_columns_tablet&quot;:2,&quot;grid_columns_mobile&quot;:1}\" data-widget_type=\"tm-image-gallery.default\">\n\t\t\t\t<div class=\"elementor-widget-container\">\n\t\t\t\t\t\t\t<div class=\"billey-grid-wrapper billey-grid-metro\" data-grid=\"{&quot;type&quot;:&quot;metro&quot;,&quot;ratio&quot;:1,&quot;columns&quot;:3,&quot;columnsTablet&quot;:2,&quot;columnsMobile&quot;:1,&quot;gutter&quot;:30}\">\n\t\t\t<div class=\"billey-grid\">\n\t\t\t\t<div class=\"grid-sizer\"><\/div>\n\n\t\t\t\t\t\t\t\t\t\t\t\t<div class=\"grid-item grid-item-height\" data-width=\"2\" data-height=\"2\">\n\t\t\t\t\t\t<div class=\"billey-box\">\t\t<div class=\"billey-image image\">\n\t\t\t<img decoding=\"async\"  src=\"https:\/\/polatinsaat.com\/wp-content\/uploads\/2024\/11\/sisli-polat-residence-galeri-02.jpg\" alt=\"Polat \u015ei\u015fli Residence\" width=\"495\" \/>\t\t<\/div>\n\t\t\t\t<\/div>\t\t\t\t\t<\/div>\n\t\t\t\t\t\t\t\t\t<div class=\"grid-item grid-item-height\" data-width=\"1\" data-height=\"1\">\n\t\t\t\t\t\t<div class=\"billey-box\">\t\t<div class=\"billey-image image\">\n\t\t\t<img decoding=\"async\"  src=\"https:\/\/polatinsaat.com\/wp-content\/uploads\/2024\/11\/sisli-polat-residence-galeri-03.jpg\" alt=\"Polat \u015ei\u015fli Residence\" \/>\t\t<\/div>\n\t\t\t\t<\/div>\t\t\t\t\t<\/div>\n\t\t\t\t\t\t\t\t\t<div class=\"grid-item grid-item-height\" data-width=\"1\" data-height=\"1\">\n\t\t\t\t\t\t<div class=\"billey-box\">\t\t<div class=\"billey-image image\">\n\t\t\t<img decoding=\"async\"  src=\"https:\/\/polatinsaat.com\/wp-content\/uploads\/2024\/11\/sisli-polat-residence-galeri-04-480x480.jpg\" alt=\"Polat \u015ei\u015fli Residence\" width=\"480\" \/>\t\t<\/div>\n\t\t\t\t<\/div>\t\t\t\t\t<\/div>\n\t\t\t\t\t\t\t\t\t\t\n\t\t\t<\/div>\n\t\t<\/div>\n\t\t\t\t\t\t<\/div>\n\t\t\t\t<\/div>\n\t\t\t\t\t<\/div>\n\t\t<\/div>\n\t\t\t\t\t<\/div>\n\t\t<\/section>\n\t\t\t\t\t<\/div>\n\t\t<\/div>\n\t\t\t\t\t<\/div>\n\t\t<\/section>\n\t\t\t\t<\/div>","protected":false},"excerpt":{"rendered":"<p>Polat \u015ei\u015fli Residence \u015eehrin ortas\u0131nda huzurlu, ayr\u0131cal\u0131kl\u0131 size \u00f6zel yeni bir ya\u015fam ba\u015fl\u0131yor\u2026 Araban\u0131z\u0131 bir s\u00fcre garaj\u0131n\u0131za b\u0131rak\u0131n, dinlensin. Art\u0131k i\u015finiz, e\u011flenceniz, size y\u00fcr\u00fcy\u00fc\u015f mesafesinde. Trafikten uzakta stressiz \u0130stanbul\u2019u Polat \u015ei\u015fli Projesi ayr\u0131cal\u0131\u011f\u0131 ile ya\u015fay\u0131n. D\u00fcnyan\u0131n en se\u00e7kin ma\u011fazalar\u0131, sinema, tiyatro, konser gibi k\u00fclt\u00fcr aktivitelerine kendinizi yormadan y\u00fcr\u00fcyerek kat\u0131l\u0131n. \u0130stanbul\u2019un tad\u0131n\u0131 Polat \u015ei\u015fli Projesi\u2019nde size \u00f6zel tasarlanm\u0131\u015f dairenizde huzurla \u00e7\u0131karmaya devam edin. Kat Planlar\u0131 Galeri<\/p>","protected":false},"author":1,"featured_media":0,"parent":0,"menu_order":0,"comment_status":"closed","ping_status":"closed","template":"","meta":{"footnotes":""},"class_list":["post-7020","page","type-page","status-publish","hentry","post-no-thumbnail"],"_links":{"self":[{"href":"https:\/\/polatinsaat.com\/en\/wp-json\/wp\/v2\/pages\/7020"}],"collection":[{"href":"https:\/\/polatinsaat.com\/en\/wp-json\/wp\/v2\/pages"}],"about":[{"href":"https:\/\/polatinsaat.com\/en\/wp-json\/wp\/v2\/types\/page"}],"author":[{"embeddable":true,"href":"https:\/\/polatinsaat.com\/en\/wp-json\/wp\/v2\/users\/1"}],"replies":[{"embeddable":true,"href":"https:\/\/polatinsaat.com\/en\/wp-json\/wp\/v2\/comments?post=7020"}],"version-history":[{"count":0,"href":"https:\/\/polatinsaat.com\/en\/wp-json\/wp\/v2\/pages\/7020\/revisions"}],"wp:attachment":[{"href":"https:\/\/polatinsaat.com\/en\/wp-json\/wp\/v2\/media?parent=7020"}],"curies":[{"name":"wp","href":"https:\/\/api.w.org\/{rel}","templated":true}]}}