{"id":6929,"date":"2024-11-11T11:56:49","date_gmt":"2024-11-11T11:56:49","guid":{"rendered":"https:\/\/polatinsaat.com\/?page_id=6929"},"modified":"2024-11-11T21:37:45","modified_gmt":"2024-11-11T21:37:45","slug":"polat-caddebostan-evleri","status":"publish","type":"page","link":"https:\/\/polatinsaat.com\/en\/polat-caddebostan-evleri\/","title":{"rendered":"Polat Caddebostan Evleri"},"content":{"rendered":"<div data-elementor-type=\"wp-page\" data-elementor-id=\"6929\" class=\"elementor elementor-6929\" data-elementor-post-type=\"page\">\n\t\t\t\t\t\t<section class=\"elementor-section elementor-top-section elementor-element elementor-element-63dfdba elementor-section-stretched elementor-section-boxed elementor-section-gap-beside-yes elementor-section-height-default elementor-section-height-default elementor-section-column-vertical-align-stretch\" data-id=\"63dfdba\" data-element_type=\"section\" data-settings=\"{&quot;stretch_section&quot;:&quot;section-stretched&quot;,&quot;background_background&quot;:&quot;classic&quot;}\">\n\t\t\t\t\t\t<div class=\"elementor-container elementor-column-gap-extended\">\n\t\t\t\t\t<div class=\"elementor-column elementor-col-100 elementor-top-column elementor-element elementor-element-22d04eb\" data-id=\"22d04eb\" data-element_type=\"column\">\n\t\t\t<div class=\"elementor-widget-wrap elementor-element-populated\">\n\t\t\t\t\t\t<section class=\"elementor-section elementor-inner-section elementor-element elementor-element-8bc7794 elementor-section-boxed elementor-section-gap-beside-yes elementor-section-height-default elementor-section-height-default elementor-section-content-align-center elementor-section-column-vertical-align-stretch\" data-id=\"8bc7794\" data-element_type=\"section\">\n\t\t\t\t\t\t<div class=\"elementor-container elementor-column-gap-extended\">\n\t\t\t\t\t<div class=\"elementor-column elementor-col-100 elementor-inner-column elementor-element elementor-element-e7cf6a5\" data-id=\"e7cf6a5\" data-element_type=\"column\">\n\t\t\t<div class=\"elementor-widget-wrap elementor-element-populated\">\n\t\t\t\t\t\t<div class=\"elementor-element elementor-element-fddbf4f elementor-widget elementor-widget-tm-heading\" data-id=\"fddbf4f\" data-element_type=\"widget\" data-widget_type=\"tm-heading.default\">\n\t\t\t\t<div class=\"elementor-widget-container\">\n\t\t\t\t\t\t\t<div class=\"tm-modern-heading\">\n\t\t\t\n\t\t\t\t\t<div class=\"heading-primary-wrap\">\n\t\t\t<h2 class=\"heading-primary elementor-heading-title\">Polat Caddebostan Evleri<\/h2>\t\t<\/div>\n\t\t\n\t\t\t\n\t\t\t\t\t<\/div>\n\t\t\t\t\t\t<\/div>\n\t\t\t\t<\/div>\n\t\t\t\t\t<\/div>\n\t\t<\/div>\n\t\t\t\t\t<\/div>\n\t\t<\/section>\n\t\t\t\t\t<\/div>\n\t\t<\/div>\n\t\t\t\t\t<\/div>\n\t\t<\/section>\n\t\t\t\t<section class=\"elementor-section elementor-top-section elementor-element elementor-element-4231055 elementor-section-boxed elementor-section-gap-beside-yes elementor-section-height-default elementor-section-height-default elementor-section-column-vertical-align-stretch\" data-id=\"4231055\" data-element_type=\"section\" data-settings=\"{&quot;background_background&quot;:&quot;classic&quot;}\">\n\t\t\t\t\t\t<div class=\"elementor-container elementor-column-gap-extended\">\n\t\t\t\t\t<div class=\"elementor-column elementor-col-100 elementor-top-column elementor-element elementor-element-68ff808\" data-id=\"68ff808\" data-element_type=\"column\">\n\t\t\t<div class=\"elementor-widget-wrap elementor-element-populated\">\n\t\t\t\t\t\t<section class=\"elementor-section elementor-inner-section elementor-element elementor-element-e3a89e9 elementor-section-gap-beside-no elementor-section-boxed elementor-section-height-default elementor-section-height-default elementor-section-column-vertical-align-stretch\" data-id=\"e3a89e9\" data-element_type=\"section\" data-settings=\"{&quot;background_background&quot;:&quot;classic&quot;}\">\n\t\t\t\t\t\t<div class=\"elementor-container elementor-column-gap-custom\">\n\t\t\t\t\t<div class=\"elementor-column elementor-col-50 elementor-inner-column elementor-element elementor-element-3fb7192\" data-id=\"3fb7192\" data-element_type=\"column\">\n\t\t\t<div class=\"elementor-widget-wrap elementor-element-populated\">\n\t\t\t\t\t\t<div class=\"elementor-element elementor-element-8dc8dfc elementor-widget elementor-widget-image\" data-id=\"8dc8dfc\" data-element_type=\"widget\" data-widget_type=\"image.default\">\n\t\t\t\t<div class=\"elementor-widget-container\">\n\t\t\t\t\t\t\t\t\t\t\t\t\t\t\t<img fetchpriority=\"high\" decoding=\"async\" width=\"600\" height=\"600\" src=\"https:\/\/polatinsaat.com\/wp-content\/uploads\/2024\/11\/caddebostanevleri-anagorsel-600x600.jpg\" class=\"attachment-woosc-large size-woosc-large wp-image-6932\" alt=\"\" srcset=\"https:\/\/polatinsaat.com\/wp-content\/uploads\/2024\/11\/caddebostanevleri-anagorsel-600x600.jpg 600w, https:\/\/polatinsaat.com\/wp-content\/uploads\/2024\/11\/caddebostanevleri-anagorsel-150x150.jpg 150w, https:\/\/polatinsaat.com\/wp-content\/uploads\/2024\/11\/caddebostanevleri-anagorsel-100x100.jpg 100w, https:\/\/polatinsaat.com\/wp-content\/uploads\/2024\/11\/caddebostanevleri-anagorsel-96x96.jpg 96w\" sizes=\"(max-width: 600px) 100vw, 600px\" \/>\t\t\t\t\t\t\t\t\t\t\t\t\t\t\t<\/div>\n\t\t\t\t<\/div>\n\t\t\t\t\t<\/div>\n\t\t<\/div>\n\t\t\t\t<div class=\"elementor-column elementor-col-50 elementor-inner-column elementor-element elementor-element-3b6796f\" data-id=\"3b6796f\" data-element_type=\"column\">\n\t\t\t<div class=\"elementor-widget-wrap elementor-element-populated\">\n\t\t\t\t\t\t<div class=\"elementor-element elementor-element-3f6a37b elementor-widget elementor-widget-text-editor\" data-id=\"3f6a37b\" data-element_type=\"widget\" data-widget_type=\"text-editor.default\">\n\t\t\t\t<div class=\"elementor-widget-container\">\n\t\t\t\t\t\t\t\t\t<div class=\"wpb_column vc_column_container vc_col-sm-8\"><div class=\"vc_column-inner\"><div class=\"wpb_wrapper\"><div class=\"wpb_text_column wpb_content_element\"><div class=\"wpb_wrapper\"><div class=\"wpb_column vc_column_container vc_col-sm-8\"><div class=\"vc_column-inner\"><div class=\"wpb_wrapper\"><div class=\"wpb_text_column wpb_content_element\"><div class=\"wpb_wrapper\"><p class=\"p1\">Polat Caddebostan evleri d\u00fcnyada yeni trend olan Green House Konsepti ile projelendi.G\u00fcne\u015f enerjisinden, yararlanma, enerjive su tasarrufu ,at\u0131k malzemelerin tekrar kullan\u0131m\u0131 gibi konularda \u00e7evreye max.uyum ve fayda sa\u011flanmas\u0131 ama\u00e7lanm\u0131\u015ft\u0131r. Bah\u00e7e peyzaj\u0131 i\u00e7in az su ile ya\u015fayan \u00f6zel bitkiler , f\u0131ksiye yerine alttan damlama sistemi ile sulamaya uygun otomatik sistem ve enerji tasarrufu i\u00e7in \u0131s\u0131 yal\u0131t\u0131m max.seviyede uygulanmaktad\u0131r.<\/p><p class=\"p1\">\u00a0<\/p><\/div><\/div><\/div><\/div><\/div><\/div><\/div><\/div><\/div><\/div>\t\t\t\t\t\t\t\t<\/div>\n\t\t\t\t<\/div>\n\t\t\t\t<div class=\"elementor-element elementor-element-4e487ba elementor-widget elementor-widget-image\" data-id=\"4e487ba\" data-element_type=\"widget\" data-widget_type=\"image.default\">\n\t\t\t\t<div class=\"elementor-widget-container\">\n\t\t\t\t\t\t\t\t\t\t\t\t\t\t\t<img decoding=\"async\" width=\"300\" height=\"161\" src=\"https:\/\/polatinsaat.com\/wp-content\/uploads\/2024\/11\/caddebostan_evleri_logo-300x161.jpg\" class=\"attachment-medium size-medium wp-image-6971\" alt=\"\" srcset=\"https:\/\/polatinsaat.com\/wp-content\/uploads\/2024\/11\/caddebostan_evleri_logo-300x161.jpg 300w, https:\/\/polatinsaat.com\/wp-content\/uploads\/2024\/11\/caddebostan_evleri_logo.jpg 583w\" sizes=\"(max-width: 300px) 100vw, 300px\" \/>\t\t\t\t\t\t\t\t\t\t\t\t\t\t\t<\/div>\n\t\t\t\t<\/div>\n\t\t\t\t<div class=\"elementor-element elementor-element-8c007e5 elementor-widget elementor-widget-heading\" data-id=\"8c007e5\" data-element_type=\"widget\" data-widget_type=\"heading.default\">\n\t\t\t\t<div class=\"elementor-widget-container\">\n\t\t\t\t\t<h2 class=\"elementor-heading-title elementor-size-default\"><a href=\"https:\/\/caddebostanevleri.com\">www.caddebostanevleri.com<\/a><\/h2>\t\t\t\t<\/div>\n\t\t\t\t<\/div>\n\t\t\t\t\t<\/div>\n\t\t<\/div>\n\t\t\t\t\t<\/div>\n\t\t<\/section>\n\t\t\t\t<section class=\"elementor-section elementor-inner-section elementor-element elementor-element-d3ee1e4 elementor-section-gap-beside-no elementor-section-boxed elementor-section-height-default elementor-section-height-default elementor-section-column-vertical-align-stretch\" data-id=\"d3ee1e4\" data-element_type=\"section\" data-settings=\"{&quot;background_background&quot;:&quot;classic&quot;}\">\n\t\t\t\t\t\t<div class=\"elementor-container elementor-column-gap-custom\">\n\t\t\t\t\t<div class=\"elementor-column elementor-col-100 elementor-inner-column elementor-element elementor-element-e199fb2\" data-id=\"e199fb2\" data-element_type=\"column\">\n\t\t\t<div class=\"elementor-widget-wrap elementor-element-populated\">\n\t\t\t\t\t\t<div class=\"elementor-element elementor-element-8b7678c elementor-widget elementor-widget-heading\" data-id=\"8b7678c\" data-element_type=\"widget\" data-widget_type=\"heading.default\">\n\t\t\t\t<div class=\"elementor-widget-container\">\n\t\t\t\t\t<h2 class=\"elementor-heading-title elementor-size-default\">Green House Konsepti ile projelendi.<\/h2>\t\t\t\t<\/div>\n\t\t\t\t<\/div>\n\t\t\t\t<div class=\"elementor-element elementor-element-f4d3bf1 elementor-widget elementor-widget-text-editor\" data-id=\"f4d3bf1\" data-element_type=\"widget\" data-widget_type=\"text-editor.default\">\n\t\t\t\t<div class=\"elementor-widget-container\">\n\t\t\t\t\t\t\t\t\t<div class=\"wpb_column vc_column_container vc_col-sm-8\"><div class=\"vc_column-inner\"><div class=\"wpb_wrapper\"><div class=\"wpb_text_column wpb_content_element\"><div class=\"wpb_wrapper\"><div class=\"wpb_column vc_column_container vc_col-sm-8\"><div class=\"vc_column-inner\"><div class=\"wpb_wrapper\"><div class=\"wpb_text_column wpb_content_element\"><div class=\"wpb_wrapper\"><p>Proje Anadolu Yakas\u0131n\u0131n en de\u011ferli yerinde Caddebostan sahil yolunda yer almaktad\u0131r. Alarm sistemli merkezi g\u00fcvenlik , kapal\u0131 devre kamera sistemi, otopark,ankastre beyaz e\u015fyal\u0131 muftaklar\u2026T\u00fcm ula\u015f\u0131m a\u011f\u0131na yak\u0131n olmas\u0131 ve merkezi lokasyonu projenin arsa ve yat\u0131r\u0131m de\u011feri a\u00e7\u0131s\u0131ndan di\u011fer \u00f6zellkilerinden\u2026<\/p><p>Projede ailelerin rahatl\u0131kla ve g\u00fcvenle ya\u015fayabilmesi a\u00e7\u0131s\u0131ndan projenin Ba\u011fdat Caddesinde olmas\u0131 da, ayr\u0131 bir avantaj durumunda.<\/p><p class=\"p1\">\u00a0<\/p><\/div><\/div><\/div><\/div><\/div><\/div><\/div><\/div><\/div><\/div>\t\t\t\t\t\t\t\t<\/div>\n\t\t\t\t<\/div>\n\t\t\t\t\t<\/div>\n\t\t<\/div>\n\t\t\t\t\t<\/div>\n\t\t<\/section>\n\t\t\t\t<section class=\"elementor-section elementor-inner-section elementor-element elementor-element-1fd454f elementor-section-gap-beside-no elementor-section-boxed elementor-section-height-default elementor-section-height-default elementor-section-column-vertical-align-stretch\" data-id=\"1fd454f\" data-element_type=\"section\" data-settings=\"{&quot;background_background&quot;:&quot;classic&quot;}\">\n\t\t\t\t\t\t<div class=\"elementor-container elementor-column-gap-custom\">\n\t\t\t\t\t<div class=\"elementor-column elementor-col-100 elementor-inner-column elementor-element elementor-element-5e28e29\" data-id=\"5e28e29\" data-element_type=\"column\">\n\t\t\t<div class=\"elementor-widget-wrap elementor-element-populated\">\n\t\t\t\t\t\t<div class=\"elementor-element elementor-element-1e56a5f elementor-widget elementor-widget-heading\" data-id=\"1e56a5f\" data-element_type=\"widget\" data-widget_type=\"heading.default\">\n\t\t\t\t<div class=\"elementor-widget-container\">\n\t\t\t\t\t<h2 class=\"elementor-heading-title elementor-size-default\">Kat Planlar\u0131<\/h2>\t\t\t\t<\/div>\n\t\t\t\t<\/div>\n\t\t\t\t<div class=\"elementor-element elementor-element-bff6b93 elementor-widget elementor-widget-tm-image-gallery\" data-id=\"bff6b93\" data-element_type=\"widget\" data-settings=\"{&quot;grid_columns&quot;:3,&quot;grid_columns_tablet&quot;:2,&quot;grid_columns_mobile&quot;:1}\" data-widget_type=\"tm-image-gallery.default\">\n\t\t\t\t<div class=\"elementor-widget-container\">\n\t\t\t\t\t\t\t<div class=\"billey-grid-wrapper billey-light-gallery\" data-grid=\"{&quot;type&quot;:&quot;grid&quot;,&quot;ratio&quot;:null,&quot;columns&quot;:3,&quot;columnsTablet&quot;:2,&quot;columnsMobile&quot;:1,&quot;gutter&quot;:30}\">\n\t\t\t<div class=\"billey-grid\">\n\t\t\t\t<div class=\"grid-sizer\"><\/div>\n\n\t\t\t\t\t\t\t\t\t\t\t\t<div class=\"grid-item\">\n\t\t\t\t\t\t<a class=\"billey-box zoom\" href=\"https:\/\/polatinsaat.com\/wp-content\/uploads\/2024\/11\/caddebostan-evleri-katplani1.png\" data-sub-html=\"&lt;h4&gt;caddebostan-evleri-katplani1&lt;\/h4&gt;\">\t\t<div class=\"billey-image image\">\n\t\t\t<img decoding=\"async\"  src=\"https:\/\/polatinsaat.com\/wp-content\/uploads\/2024\/11\/caddebostan-evleri-katplani1-600x600.png\" alt=\"Caddebostan Evleri\" width=\"600\" \/>\t\t<\/div>\n\t\t\t\t\t<div class=\"billey-overlay\">\n\t\t\t\t<div><span class=\"fa-light fa-plus\"><\/span><\/div>\n\t\t\t<\/div>\n\t\t\t\t<\/a>\t\t\t\t\t<\/div>\n\t\t\t\t\t\t<div class=\"grid-item\">\n\t\t\t\t\t\t<a class=\"billey-box zoom\" href=\"https:\/\/polatinsaat.com\/wp-content\/uploads\/2024\/11\/caddebostan-evleri-katplani2.png\" data-sub-html=\"&lt;h4&gt;caddebostan-evleri-katplani2&lt;\/h4&gt;\">\t\t<div class=\"billey-image image\">\n\t\t\t<img decoding=\"async\"  src=\"https:\/\/polatinsaat.com\/wp-content\/uploads\/2024\/11\/caddebostan-evleri-katplani2-600x600.png\" alt=\"Caddebostan Evleri\" width=\"600\" \/>\t\t<\/div>\n\t\t\t\t\t<div class=\"billey-overlay\">\n\t\t\t\t<div><span class=\"fa-light fa-plus\"><\/span><\/div>\n\t\t\t<\/div>\n\t\t\t\t<\/a>\t\t\t\t\t<\/div>\n\t\t\t\t\t\t<div class=\"grid-item\">\n\t\t\t\t\t\t<a class=\"billey-box zoom\" href=\"https:\/\/polatinsaat.com\/wp-content\/uploads\/2024\/11\/caddebostan-evleri-katplani3.png\" data-sub-html=\"&lt;h4&gt;caddebostan-evleri-katplani3&lt;\/h4&gt;\">\t\t<div class=\"billey-image image\">\n\t\t\t<img decoding=\"async\"  src=\"https:\/\/polatinsaat.com\/wp-content\/uploads\/2024\/11\/caddebostan-evleri-katplani3-600x600.png\" alt=\"Caddebostan Evleri\" width=\"600\" \/>\t\t<\/div>\n\t\t\t\t\t<div class=\"billey-overlay\">\n\t\t\t\t<div><span class=\"fa-light fa-plus\"><\/span><\/div>\n\t\t\t<\/div>\n\t\t\t\t<\/a>\t\t\t\t\t<\/div>\n\t\t\t\t\t\t<div class=\"grid-item\">\n\t\t\t\t\t\t<a class=\"billey-box zoom\" href=\"https:\/\/polatinsaat.com\/wp-content\/uploads\/2024\/11\/caddebostan-evleri-katplani4.png\" data-sub-html=\"&lt;h4&gt;caddebostan-evleri-katplani4&lt;\/h4&gt;\">\t\t<div class=\"billey-image image\">\n\t\t\t<img decoding=\"async\"  src=\"https:\/\/polatinsaat.com\/wp-content\/uploads\/2024\/11\/caddebostan-evleri-katplani4-600x600.png\" alt=\"Caddebostan Evleri\" width=\"600\" \/>\t\t<\/div>\n\t\t\t\t\t<div class=\"billey-overlay\">\n\t\t\t\t<div><span class=\"fa-light fa-plus\"><\/span><\/div>\n\t\t\t<\/div>\n\t\t\t\t<\/a>\t\t\t\t\t<\/div>\n\t\t\t\t\t\t<div class=\"grid-item\">\n\t\t\t\t\t\t<a class=\"billey-box zoom\" href=\"https:\/\/polatinsaat.com\/wp-content\/uploads\/2024\/11\/caddebostan-evleri-katplani5.png\" data-sub-html=\"&lt;h4&gt;caddebostan-evleri-katplani5&lt;\/h4&gt;\">\t\t<div class=\"billey-image image\">\n\t\t\t<img decoding=\"async\"  src=\"https:\/\/polatinsaat.com\/wp-content\/uploads\/2024\/11\/caddebostan-evleri-katplani5-600x600.png\" alt=\"Caddebostan Evleri\" width=\"600\" \/>\t\t<\/div>\n\t\t\t\t\t<div class=\"billey-overlay\">\n\t\t\t\t<div><span class=\"fa-light fa-plus\"><\/span><\/div>\n\t\t\t<\/div>\n\t\t\t\t<\/a>\t\t\t\t\t<\/div>\n\t\t\t\t\t\t\t\n\t\t\t<\/div>\n\t\t<\/div>\n\t\t\t\t\t\t<\/div>\n\t\t\t\t<\/div>\n\t\t\t\t\t<\/div>\n\t\t<\/div>\n\t\t\t\t\t<\/div>\n\t\t<\/section>\n\t\t\t\t<section class=\"elementor-section elementor-inner-section elementor-element elementor-element-02b5302 elementor-section-gap-beside-no elementor-section-boxed elementor-section-height-default elementor-section-height-default elementor-section-column-vertical-align-stretch\" data-id=\"02b5302\" data-element_type=\"section\" data-settings=\"{&quot;background_background&quot;:&quot;classic&quot;}\">\n\t\t\t\t\t\t<div class=\"elementor-container elementor-column-gap-custom\">\n\t\t\t\t\t<div class=\"elementor-column elementor-col-100 elementor-inner-column elementor-element elementor-element-c90d6ec\" data-id=\"c90d6ec\" data-element_type=\"column\">\n\t\t\t<div class=\"elementor-widget-wrap elementor-element-populated\">\n\t\t\t\t\t\t<div class=\"elementor-element elementor-element-1df918e elementor-widget elementor-widget-heading\" data-id=\"1df918e\" data-element_type=\"widget\" data-widget_type=\"heading.default\">\n\t\t\t\t<div class=\"elementor-widget-container\">\n\t\t\t\t\t<h2 class=\"elementor-heading-title elementor-size-default\">Galeri<\/h2>\t\t\t\t<\/div>\n\t\t\t\t<\/div>\n\t\t\t\t<div class=\"elementor-element elementor-element-ad5f55d elementor-widget elementor-widget-tm-image-gallery\" data-id=\"ad5f55d\" data-element_type=\"widget\" data-settings=\"{&quot;grid_columns&quot;:3,&quot;grid_columns_tablet&quot;:2,&quot;grid_columns_mobile&quot;:1}\" data-widget_type=\"tm-image-gallery.default\">\n\t\t\t\t<div class=\"elementor-widget-container\">\n\t\t\t\t\t\t\t<div class=\"billey-grid-wrapper billey-grid-metro\" data-grid=\"{&quot;type&quot;:&quot;metro&quot;,&quot;ratio&quot;:1,&quot;columns&quot;:3,&quot;columnsTablet&quot;:2,&quot;columnsMobile&quot;:1,&quot;gutter&quot;:30}\">\n\t\t\t<div class=\"billey-grid\">\n\t\t\t\t<div class=\"grid-sizer\"><\/div>\n\n\t\t\t\t\t\t\t\t\t\t\t\t<div class=\"grid-item grid-item-height\" data-width=\"2\" data-height=\"2\">\n\t\t\t\t\t\t<div class=\"billey-box\">\t\t<div class=\"billey-image image\">\n\t\t\t<img decoding=\"async\"  src=\"https:\/\/polatinsaat.com\/wp-content\/uploads\/2024\/11\/polat-caddebostan-galeri1.jpg\" alt=\"Caddebostan Evleri\" \/>\t\t<\/div>\n\t\t\t\t<\/div>\t\t\t\t\t<\/div>\n\t\t\t\t\t\t\t\t\t<div class=\"grid-item grid-item-height\" data-width=\"1\" data-height=\"1\">\n\t\t\t\t\t\t<div class=\"billey-box\">\t\t<div class=\"billey-image image\">\n\t\t\t<img decoding=\"async\"  src=\"https:\/\/polatinsaat.com\/wp-content\/uploads\/2024\/11\/polat-caddebostan-galeri2-480x480.jpg\" alt=\"Caddebostan Evleri\" width=\"480\" \/>\t\t<\/div>\n\t\t\t\t<\/div>\t\t\t\t\t<\/div>\n\t\t\t\t\t\t\t\t\t<div class=\"grid-item grid-item-height\" data-width=\"1\" data-height=\"1\">\n\t\t\t\t\t\t<div class=\"billey-box\">\t\t<div class=\"billey-image image\">\n\t\t\t<img decoding=\"async\"  src=\"https:\/\/polatinsaat.com\/wp-content\/uploads\/2024\/11\/polat-caddebostan-galeri3-480x480.jpg\" alt=\"Caddebostan Evleri\" width=\"480\" \/>\t\t<\/div>\n\t\t\t\t<\/div>\t\t\t\t\t<\/div>\n\t\t\t\t\t\t\t\t\t<div class=\"grid-item grid-item-height\" data-width=\"1\" data-height=\"1\">\n\t\t\t\t\t\t<div class=\"billey-box\">\t\t<div class=\"billey-image image\">\n\t\t\t<img decoding=\"async\"  src=\"https:\/\/polatinsaat.com\/wp-content\/uploads\/2024\/11\/polat-caddebostan-galeri4-480x480.jpg\" alt=\"Caddebostan Evleri\" width=\"480\" \/>\t\t<\/div>\n\t\t\t\t<\/div>\t\t\t\t\t<\/div>\n\t\t\t\t\t\t\t\t\t<div class=\"grid-item grid-item-height\" data-width=\"2\" data-height=\"2\">\n\t\t\t\t\t\t<div class=\"billey-box\">\t\t<div class=\"billey-image image\">\n\t\t\t<img decoding=\"async\"  src=\"https:\/\/polatinsaat.com\/wp-content\/uploads\/2024\/11\/polat-caddebostan-galeri5.jpg\" alt=\"Caddebostan Evleri\" width=\"607\" \/>\t\t<\/div>\n\t\t\t\t<\/div>\t\t\t\t\t<\/div>\n\t\t\t\t\t\t\t\t\t<div class=\"grid-item grid-item-height\" data-width=\"1\" data-height=\"1\">\n\t\t\t\t\t\t<div class=\"billey-box\">\t\t<div class=\"billey-image image\">\n\t\t\t<img decoding=\"async\"  src=\"https:\/\/polatinsaat.com\/wp-content\/uploads\/2024\/11\/polat-caddebostan-galeri6-480x480.jpg\" alt=\"Caddebostan Evleri\" width=\"480\" \/>\t\t<\/div>\n\t\t\t\t<\/div>\t\t\t\t\t<\/div>\n\t\t\t\t\t\t\t\t\t<div class=\"grid-item grid-item-height\" data-width=\"2\" data-height=\"2\">\n\t\t\t\t\t\t<div class=\"billey-box\">\t\t<div class=\"billey-image image\">\n\t\t\t<img decoding=\"async\"  src=\"https:\/\/polatinsaat.com\/wp-content\/uploads\/2024\/11\/polat-caddebostan-galeri8.jpg\" alt=\"Caddebostan Evleri\" width=\"894\" \/>\t\t<\/div>\n\t\t\t\t<\/div>\t\t\t\t\t<\/div>\n\t\t\t\t\t\t\t\t\t<div class=\"grid-item grid-item-height\" data-width=\"1\" data-height=\"1\">\n\t\t\t\t\t\t<div class=\"billey-box\">\t\t<div class=\"billey-image image\">\n\t\t\t<img decoding=\"async\"  src=\"https:\/\/polatinsaat.com\/wp-content\/uploads\/2024\/11\/polat-caddebostan-galeri9-480x480.jpg\" alt=\"Caddebostan Evleri\" width=\"480\" \/>\t\t<\/div>\n\t\t\t\t<\/div>\t\t\t\t\t<\/div>\n\t\t\t\t\t\t\t\t\t<div class=\"grid-item grid-item-height\" data-width=\"1\" data-height=\"1\">\n\t\t\t\t\t\t<div class=\"billey-box\">\t\t<div class=\"billey-image image\">\n\t\t\t<img decoding=\"async\"  src=\"https:\/\/polatinsaat.com\/wp-content\/uploads\/2024\/11\/polat-caddebostan-galeri10-480x480.jpg\" alt=\"Caddebostan Evleri\" width=\"480\" \/>\t\t<\/div>\n\t\t\t\t<\/div>\t\t\t\t\t<\/div>\n\t\t\t\t\t\t\t\t\t<div class=\"grid-item grid-item-height\" data-width=\"1\" data-height=\"1\">\n\t\t\t\t\t\t<div class=\"billey-box\">\t\t<div class=\"billey-image image\">\n\t\t\t<img decoding=\"async\"  src=\"https:\/\/polatinsaat.com\/wp-content\/uploads\/2024\/11\/polat-caddebostan-galeri11-480x480.jpg\" alt=\"Caddebostan Evleri\" width=\"480\" \/>\t\t<\/div>\n\t\t\t\t<\/div>\t\t\t\t\t<\/div>\n\t\t\t\t\t\t\t\t\t<div class=\"grid-item grid-item-height\" data-width=\"2\" data-height=\"2\">\n\t\t\t\t\t\t<div class=\"billey-box\">\t\t<div class=\"billey-image image\">\n\t\t\t<img decoding=\"async\"  src=\"https:\/\/polatinsaat.com\/wp-content\/uploads\/2024\/11\/polat-caddebostan-galeri12.jpg\" alt=\"Caddebostan Evleri\" width=\"891\" \/>\t\t<\/div>\n\t\t\t\t<\/div>\t\t\t\t\t<\/div>\n\t\t\t\t\t\t\t\t\t\t\n\t\t\t<\/div>\n\t\t<\/div>\n\t\t\t\t\t\t<\/div>\n\t\t\t\t<\/div>\n\t\t\t\t\t<\/div>\n\t\t<\/div>\n\t\t\t\t\t<\/div>\n\t\t<\/section>\n\t\t\t\t\t<\/div>\n\t\t<\/div>\n\t\t\t\t\t<\/div>\n\t\t<\/section>\n\t\t\t\t<\/div>","protected":false},"excerpt":{"rendered":"<p>Polat Caddebostan Evleri Polat Caddebostan evleri d\u00fcnyada yeni trend olan Green House Konsepti ile projelendi.G\u00fcne\u015f enerjisinden, yararlanma, enerjive su tasarrufu ,at\u0131k malzemelerin tekrar kullan\u0131m\u0131 gibi konularda \u00e7evreye max.uyum ve fayda sa\u011flanmas\u0131 ama\u00e7lanm\u0131\u015ft\u0131r. Bah\u00e7e peyzaj\u0131 i\u00e7in az su ile ya\u015fayan \u00f6zel bitkiler , f\u0131ksiye yerine alttan damlama sistemi ile sulamaya uygun otomatik sistem ve enerji tasarrufu i\u00e7in \u0131s\u0131 yal\u0131t\u0131m max.seviyede uygulanmaktad\u0131r. \u00a0 www.caddebostanevleri.com Green House Konsepti ile projelendi. Proje Anadolu Yakas\u0131n\u0131n en de\u011ferli yerinde Caddebostan sahil yolunda yer almaktad\u0131r. Alarm sistemli merkezi g\u00fcvenlik , kapal\u0131 devre kamera sistemi, otopark,ankastre beyaz e\u015fyal\u0131 muftaklar\u2026T\u00fcm ula\u015f\u0131m a\u011f\u0131na yak\u0131n olmas\u0131 ve merkezi lokasyonu projenin arsa ve yat\u0131r\u0131m de\u011feri a\u00e7\u0131s\u0131ndan di\u011fer \u00f6zellkilerinden\u2026 Projede ailelerin rahatl\u0131kla ve g\u00fcvenle ya\u015fayabilmesi a\u00e7\u0131s\u0131ndan projenin Ba\u011fdat Caddesinde olmas\u0131 da, ayr\u0131 bir avantaj durumunda. \u00a0 Kat Planlar\u0131 Galeri<\/p>","protected":false},"author":1,"featured_media":0,"parent":0,"menu_order":0,"comment_status":"closed","ping_status":"closed","template":"","meta":{"footnotes":""},"class_list":["post-6929","page","type-page","status-publish","hentry","post-no-thumbnail"],"_links":{"self":[{"href":"https:\/\/polatinsaat.com\/en\/wp-json\/wp\/v2\/pages\/6929"}],"collection":[{"href":"https:\/\/polatinsaat.com\/en\/wp-json\/wp\/v2\/pages"}],"about":[{"href":"https:\/\/polatinsaat.com\/en\/wp-json\/wp\/v2\/types\/page"}],"author":[{"embeddable":true,"href":"https:\/\/polatinsaat.com\/en\/wp-json\/wp\/v2\/users\/1"}],"replies":[{"embeddable":true,"href":"https:\/\/polatinsaat.com\/en\/wp-json\/wp\/v2\/comments?post=6929"}],"version-history":[{"count":0,"href":"https:\/\/polatinsaat.com\/en\/wp-json\/wp\/v2\/pages\/6929\/revisions"}],"wp:attachment":[{"href":"https:\/\/polatinsaat.com\/en\/wp-json\/wp\/v2\/media?parent=6929"}],"curies":[{"name":"wp","href":"https:\/\/api.w.org\/{rel}","templated":true}]}}