{"id":6896,"date":"2024-11-11T11:09:30","date_gmt":"2024-11-11T11:09:30","guid":{"rendered":"https:\/\/polatinsaat.com\/?page_id=6896"},"modified":"2024-11-11T11:40:56","modified_gmt":"2024-11-11T11:40:56","slug":"yesilkoy-polat","status":"publish","type":"page","link":"https:\/\/polatinsaat.com\/en\/yesilkoy-polat\/","title":{"rendered":"Ye\u015filk\u00f6y Polat"},"content":{"rendered":"<div data-elementor-type=\"wp-page\" data-elementor-id=\"6896\" class=\"elementor elementor-6896\" data-elementor-post-type=\"page\">\n\t\t\t\t\t\t<section class=\"elementor-section elementor-top-section elementor-element elementor-element-63dfdba elementor-section-stretched elementor-section-boxed elementor-section-gap-beside-yes elementor-section-height-default elementor-section-height-default elementor-section-column-vertical-align-stretch\" data-id=\"63dfdba\" data-element_type=\"section\" data-settings=\"{&quot;stretch_section&quot;:&quot;section-stretched&quot;,&quot;background_background&quot;:&quot;classic&quot;}\">\n\t\t\t\t\t\t<div class=\"elementor-container elementor-column-gap-extended\">\n\t\t\t\t\t<div class=\"elementor-column elementor-col-100 elementor-top-column elementor-element elementor-element-22d04eb\" data-id=\"22d04eb\" data-element_type=\"column\">\n\t\t\t<div class=\"elementor-widget-wrap elementor-element-populated\">\n\t\t\t\t\t\t<section class=\"elementor-section elementor-inner-section elementor-element elementor-element-8bc7794 elementor-section-boxed elementor-section-gap-beside-yes elementor-section-height-default elementor-section-height-default elementor-section-content-align-center elementor-section-column-vertical-align-stretch\" data-id=\"8bc7794\" data-element_type=\"section\">\n\t\t\t\t\t\t<div class=\"elementor-container elementor-column-gap-extended\">\n\t\t\t\t\t<div class=\"elementor-column elementor-col-100 elementor-inner-column elementor-element elementor-element-e7cf6a5\" data-id=\"e7cf6a5\" data-element_type=\"column\">\n\t\t\t<div class=\"elementor-widget-wrap elementor-element-populated\">\n\t\t\t\t\t\t<div class=\"elementor-element elementor-element-fddbf4f elementor-widget elementor-widget-tm-heading\" data-id=\"fddbf4f\" data-element_type=\"widget\" data-widget_type=\"tm-heading.default\">\n\t\t\t\t<div class=\"elementor-widget-container\">\n\t\t\t\t\t\t\t<div class=\"tm-modern-heading\">\n\t\t\t\n\t\t\t\t\t<div class=\"heading-primary-wrap\">\n\t\t\t<h2 class=\"heading-primary elementor-heading-title\">Ye\u015filk\u00f6y Polat<\/h2>\t\t<\/div>\n\t\t\n\t\t\t\n\t\t\t\t\t<\/div>\n\t\t\t\t\t\t<\/div>\n\t\t\t\t<\/div>\n\t\t\t\t\t<\/div>\n\t\t<\/div>\n\t\t\t\t\t<\/div>\n\t\t<\/section>\n\t\t\t\t\t<\/div>\n\t\t<\/div>\n\t\t\t\t\t<\/div>\n\t\t<\/section>\n\t\t\t\t<section class=\"elementor-section elementor-top-section elementor-element elementor-element-4231055 elementor-section-boxed elementor-section-gap-beside-yes elementor-section-height-default elementor-section-height-default elementor-section-column-vertical-align-stretch\" data-id=\"4231055\" data-element_type=\"section\" data-settings=\"{&quot;background_background&quot;:&quot;classic&quot;}\">\n\t\t\t\t\t\t<div class=\"elementor-container elementor-column-gap-extended\">\n\t\t\t\t\t<div class=\"elementor-column elementor-col-100 elementor-top-column elementor-element elementor-element-68ff808\" data-id=\"68ff808\" data-element_type=\"column\">\n\t\t\t<div class=\"elementor-widget-wrap elementor-element-populated\">\n\t\t\t\t\t\t<section class=\"elementor-section elementor-inner-section elementor-element elementor-element-e3a89e9 elementor-section-gap-beside-no elementor-section-boxed elementor-section-height-default elementor-section-height-default elementor-section-column-vertical-align-stretch\" data-id=\"e3a89e9\" data-element_type=\"section\" data-settings=\"{&quot;background_background&quot;:&quot;classic&quot;}\">\n\t\t\t\t\t\t<div class=\"elementor-container elementor-column-gap-custom\">\n\t\t\t\t\t<div class=\"elementor-column elementor-col-50 elementor-inner-column elementor-element elementor-element-3fb7192\" data-id=\"3fb7192\" data-element_type=\"column\">\n\t\t\t<div class=\"elementor-widget-wrap elementor-element-populated\">\n\t\t\t\t\t\t<div class=\"elementor-element elementor-element-8dc8dfc elementor-widget elementor-widget-image\" data-id=\"8dc8dfc\" data-element_type=\"widget\" data-widget_type=\"image.default\">\n\t\t\t\t<div class=\"elementor-widget-container\">\n\t\t\t\t\t\t\t\t\t\t\t\t\t\t\t<img fetchpriority=\"high\" decoding=\"async\" width=\"600\" height=\"495\" src=\"https:\/\/polatinsaat.com\/wp-content\/uploads\/2024\/11\/yesilkoy_galeri4--600x495.jpg\" class=\"attachment-woosc-large size-woosc-large wp-image-6900\" alt=\"\" \/>\t\t\t\t\t\t\t\t\t\t\t\t\t\t\t<\/div>\n\t\t\t\t<\/div>\n\t\t\t\t\t<\/div>\n\t\t<\/div>\n\t\t\t\t<div class=\"elementor-column elementor-col-50 elementor-inner-column elementor-element elementor-element-3b6796f\" data-id=\"3b6796f\" data-element_type=\"column\">\n\t\t\t<div class=\"elementor-widget-wrap elementor-element-populated\">\n\t\t\t\t\t\t<div class=\"elementor-element elementor-element-0380c0b elementor-widget elementor-widget-heading\" data-id=\"0380c0b\" data-element_type=\"widget\" data-widget_type=\"heading.default\">\n\t\t\t\t<div class=\"elementor-widget-container\">\n\t\t\t\t\t<h2 class=\"elementor-heading-title elementor-size-default\">65 Y\u0131ll\u0131k kalite ve deneyim<\/h2>\t\t\t\t<\/div>\n\t\t\t\t<\/div>\n\t\t\t\t<div class=\"elementor-element elementor-element-3f6a37b elementor-widget elementor-widget-text-editor\" data-id=\"3f6a37b\" data-element_type=\"widget\" data-widget_type=\"text-editor.default\">\n\t\t\t\t<div class=\"elementor-widget-container\">\n\t\t\t\t\t\t\t\t\t<div class=\"wpb_column vc_column_container vc_col-sm-8\"><div class=\"vc_column-inner\"><div class=\"wpb_wrapper\"><div class=\"wpb_text_column wpb_content_element\"><div class=\"wpb_wrapper\"><div class=\"wpb_column vc_column_container vc_col-sm-8\"><div class=\"vc_column-inner\"><div class=\"wpb_wrapper\"><div class=\"wpb_text_column wpb_content_element\"><div class=\"wpb_wrapper\"><p class=\"p1\"><span class=\"s1\">Polat \u0130n\u015faat ya\u015fam\u0131m\u0131z\u0131 kolayla\u015ft\u0131ran ve vizyon katan projelere imza atmaya devam ediyor. Do\u011faya sayg\u0131l\u0131 , \u00e7a\u011fda\u015f mimarisi ile \u015fehrin i\u00e7indeki konforu aya\u011f\u0131n\u0131za getiyor. Atat\u00fcrk Havaliman\u0131na 5 dk. mesafede bulunan Ye\u015filk\u00f6y Polat , \u00c7\u0131nar Otele 150 mt, D\u00fcnya Ticaret Merkezine 8dk, T\u00fcyap Sergi Saray\u0131na 18 km , Al\u0131\u015fveri\u015f merkzlerine 10 dk. mesafede bulunup , Ye\u015filk\u00f6y\u2019\u00fcn en hareketli ve i\u015flek caddesi olan \u0130stanbul Caddesinde konumlanmaktad\u0131r.<\/span><\/p><\/div><\/div><\/div><\/div><\/div><\/div><\/div><\/div><\/div><\/div>\t\t\t\t\t\t\t\t<\/div>\n\t\t\t\t<\/div>\n\t\t\t\t\t<\/div>\n\t\t<\/div>\n\t\t\t\t\t<\/div>\n\t\t<\/section>\n\t\t\t\t<section class=\"elementor-section elementor-inner-section elementor-element elementor-element-d3ee1e4 elementor-section-gap-beside-no elementor-section-boxed elementor-section-height-default elementor-section-height-default elementor-section-column-vertical-align-stretch\" data-id=\"d3ee1e4\" data-element_type=\"section\" data-settings=\"{&quot;background_background&quot;:&quot;classic&quot;}\">\n\t\t\t\t\t\t<div class=\"elementor-container elementor-column-gap-custom\">\n\t\t\t\t\t<div class=\"elementor-column elementor-col-100 elementor-inner-column elementor-element elementor-element-e199fb2\" data-id=\"e199fb2\" data-element_type=\"column\">\n\t\t\t<div class=\"elementor-widget-wrap elementor-element-populated\">\n\t\t\t\t\t\t<div class=\"elementor-element elementor-element-8b7678c elementor-widget elementor-widget-heading\" data-id=\"8b7678c\" data-element_type=\"widget\" data-widget_type=\"heading.default\">\n\t\t\t\t<div class=\"elementor-widget-container\">\n\t\t\t\t\t<h2 class=\"elementor-heading-title elementor-size-default\">Huzur dolu keyifli anlar i\u00e7in<\/h2>\t\t\t\t<\/div>\n\t\t\t\t<\/div>\n\t\t\t\t<div class=\"elementor-element elementor-element-f4d3bf1 elementor-widget elementor-widget-text-editor\" data-id=\"f4d3bf1\" data-element_type=\"widget\" data-widget_type=\"text-editor.default\">\n\t\t\t\t<div class=\"elementor-widget-container\">\n\t\t\t\t\t\t\t\t\t<div class=\"wpb_column vc_column_container vc_col-sm-8\">\n<div class=\"vc_column-inner\">\n<div class=\"wpb_wrapper\">\n<div class=\"wpb_text_column wpb_content_element\">\n<div class=\"wpb_wrapper\">\n<div class=\"wpb_column vc_column_container vc_col-sm-8\">\n<div class=\"vc_column-inner\">\n<div class=\"wpb_wrapper\">\n<div class=\"wpb_text_column wpb_content_element\">\n<div class=\"wpb_wrapper\">\n<p>Ye\u015filk\u00f6y Polat , sizleri kentin yo\u011fun trafi\u011finden ve g\u00fcr\u00fclt\u00fcs\u00fcnden \u00e7\u0131kar\u0131p ,ailenizle ve sevdiklerinizle daha key\u0131fl\u0131 ya\u015faman\u0131z\u0131 sa\u011flayacak huzurlu bir ortam sunuyor.<\/p>\n<p>\u0130stanbul\u2019un en de\u011ferli caddelerinden biri olan \u0130stanbul Caddesinde yer alan Ye\u015filk\u00f6y Polat ,siz keyif d\u00fc\u015fk\u00fcnlerine 4 farkl\u0131 alternatif ya\u015fam alan\u0131 sunuyor; ister \u00e7at\u0131 dubleksinizden denizi seyredin, isterse bah\u00e7ede havuz keyfi ya\u015fay\u0131n.<\/p>\n<p><span class=\"s1\">Polat&nbsp;Port&nbsp;Residence\u2019da daire planlar\u0131m\u0131z 2+1 \u015feklinde belirlenmi\u015ftir. 90, 110 ve 114 m2 b\u00fcy\u00fckl\u00fcklere sahip 3 farkl\u0131 daire alternatifimiz mevcuttur. Her t\u00fcrl\u00fc detay\u0131n d\u00fc\u015f\u00fcn\u00fcld\u00fc\u011f\u00fc projemizde,&nbsp; b\u00fct\u00fcn dairelerimizin mutfaklar\u0131 Franke marka ankastre beyaz e\u015fyalarla donat\u0131lm\u0131\u015ft\u0131r.<\/span><\/p>\n<\/div>\n<\/div>\n<\/div>\n<\/div>\n<\/div>\n<\/div>\n<\/div>\n<\/div>\n<\/div>\n<\/div>\t\t\t\t\t\t\t\t<\/div>\n\t\t\t\t<\/div>\n\t\t\t\t\t<\/div>\n\t\t<\/div>\n\t\t\t\t\t<\/div>\n\t\t<\/section>\n\t\t\t\t<section class=\"elementor-section elementor-inner-section elementor-element elementor-element-1fd454f elementor-section-gap-beside-no elementor-section-boxed elementor-section-height-default elementor-section-height-default elementor-section-column-vertical-align-stretch\" data-id=\"1fd454f\" data-element_type=\"section\" data-settings=\"{&quot;background_background&quot;:&quot;classic&quot;}\">\n\t\t\t\t\t\t<div class=\"elementor-container elementor-column-gap-custom\">\n\t\t\t\t\t<div class=\"elementor-column elementor-col-100 elementor-inner-column elementor-element elementor-element-5e28e29\" data-id=\"5e28e29\" data-element_type=\"column\">\n\t\t\t<div class=\"elementor-widget-wrap elementor-element-populated\">\n\t\t\t\t\t\t<div class=\"elementor-element elementor-element-1e56a5f elementor-widget elementor-widget-heading\" data-id=\"1e56a5f\" data-element_type=\"widget\" data-widget_type=\"heading.default\">\n\t\t\t\t<div class=\"elementor-widget-container\">\n\t\t\t\t\t<h2 class=\"elementor-heading-title elementor-size-default\">Kat Planlar\u0131<\/h2>\t\t\t\t<\/div>\n\t\t\t\t<\/div>\n\t\t\t\t<div class=\"elementor-element elementor-element-bff6b93 elementor-widget elementor-widget-tm-image-gallery\" data-id=\"bff6b93\" data-element_type=\"widget\" data-settings=\"{&quot;grid_columns&quot;:3,&quot;grid_columns_tablet&quot;:2,&quot;grid_columns_mobile&quot;:1}\" data-widget_type=\"tm-image-gallery.default\">\n\t\t\t\t<div class=\"elementor-widget-container\">\n\t\t\t\t\t\t\t<div class=\"billey-grid-wrapper billey-light-gallery\" data-grid=\"{&quot;type&quot;:&quot;grid&quot;,&quot;ratio&quot;:null,&quot;columns&quot;:3,&quot;columnsTablet&quot;:2,&quot;columnsMobile&quot;:1,&quot;gutter&quot;:30}\">\n\t\t\t<div class=\"billey-grid\">\n\t\t\t\t<div class=\"grid-sizer\"><\/div>\n\n\t\t\t\t\t\t\t\t\t\t\t\t<div class=\"grid-item\">\n\t\t\t\t\t\t<a class=\"billey-box zoom\" href=\"https:\/\/polatinsaat.com\/wp-content\/uploads\/2024\/11\/yesilkoy-polat-katplani-kat1.jpg\" data-sub-html=\"&lt;h4&gt;yesilkoy-polat-katplani-kat1&lt;\/h4&gt;\">\t\t<div class=\"billey-image image\">\n\t\t\t<img decoding=\"async\"  src=\"https:\/\/polatinsaat.com\/wp-content\/uploads\/2024\/11\/yesilkoy-polat-katplani-kat1-600x600.jpg\" alt=\"Ye\u015filk\u00f6y Polat - Kat1\" width=\"600\" \/>\t\t<\/div>\n\t\t\t\t\t<div class=\"billey-overlay\">\n\t\t\t\t<div><span class=\"fa-light fa-plus\"><\/span><\/div>\n\t\t\t<\/div>\n\t\t\t\t<\/a>\t\t\t\t\t<\/div>\n\t\t\t\t\t\t<div class=\"grid-item\">\n\t\t\t\t\t\t<a class=\"billey-box zoom\" href=\"https:\/\/polatinsaat.com\/wp-content\/uploads\/2024\/11\/yesilkoy-polat-katplani-kat2.jpg\" data-sub-html=\"&lt;h4&gt;yesilkoy-polat-katplani-kat2&lt;\/h4&gt;\">\t\t<div class=\"billey-image image\">\n\t\t\t<img decoding=\"async\"  src=\"https:\/\/polatinsaat.com\/wp-content\/uploads\/2024\/11\/yesilkoy-polat-katplani-kat2-600x600.jpg\" alt=\"Ye\u015filk\u00f6y Polat - Kat2\" width=\"600\" \/>\t\t<\/div>\n\t\t\t\t\t<div class=\"billey-overlay\">\n\t\t\t\t<div><span class=\"fa-light fa-plus\"><\/span><\/div>\n\t\t\t<\/div>\n\t\t\t\t<\/a>\t\t\t\t\t<\/div>\n\t\t\t\t\t\t<div class=\"grid-item\">\n\t\t\t\t\t\t<a class=\"billey-box zoom\" href=\"https:\/\/polatinsaat.com\/wp-content\/uploads\/2024\/11\/yesilkoy-polat-katplani-kat3.jpg\" data-sub-html=\"&lt;h4&gt;yesilkoy-polat-katplani-kat3&lt;\/h4&gt;\">\t\t<div class=\"billey-image image\">\n\t\t\t<img decoding=\"async\"  src=\"https:\/\/polatinsaat.com\/wp-content\/uploads\/2024\/11\/yesilkoy-polat-katplani-kat3-600x600.jpg\" alt=\"Ye\u015filk\u00f6y Polat - Kat3\" width=\"600\" \/>\t\t<\/div>\n\t\t\t\t\t<div class=\"billey-overlay\">\n\t\t\t\t<div><span class=\"fa-light fa-plus\"><\/span><\/div>\n\t\t\t<\/div>\n\t\t\t\t<\/a>\t\t\t\t\t<\/div>\n\t\t\t\t\t\t<div class=\"grid-item\">\n\t\t\t\t\t\t<a class=\"billey-box zoom\" href=\"https:\/\/polatinsaat.com\/wp-content\/uploads\/2024\/11\/yesilkoy-polat-katplani-kat4.jpg\" data-sub-html=\"&lt;h4&gt;yesilkoy-polat-katplani-kat4&lt;\/h4&gt;\">\t\t<div class=\"billey-image image\">\n\t\t\t<img decoding=\"async\"  src=\"https:\/\/polatinsaat.com\/wp-content\/uploads\/2024\/11\/yesilkoy-polat-katplani-kat4-600x600.jpg\" alt=\"Ye\u015filk\u00f6y Polat - Kat4\" width=\"600\" \/>\t\t<\/div>\n\t\t\t\t\t<div class=\"billey-overlay\">\n\t\t\t\t<div><span class=\"fa-light fa-plus\"><\/span><\/div>\n\t\t\t<\/div>\n\t\t\t\t<\/a>\t\t\t\t\t<\/div>\n\t\t\t\t\t\t<div class=\"grid-item\">\n\t\t\t\t\t\t<a class=\"billey-box zoom\" href=\"https:\/\/polatinsaat.com\/wp-content\/uploads\/2024\/11\/yesilkoy-polat-katplani-kat5.jpg\" data-sub-html=\"&lt;h4&gt;yesilkoy-polat-katplani-kat5&lt;\/h4&gt;\">\t\t<div class=\"billey-image image\">\n\t\t\t<img decoding=\"async\"  src=\"https:\/\/polatinsaat.com\/wp-content\/uploads\/2024\/11\/yesilkoy-polat-katplani-kat5-600x600.jpg\" alt=\"Ye\u015filk\u00f6y Polat - Kat5\" width=\"600\" \/>\t\t<\/div>\n\t\t\t\t\t<div class=\"billey-overlay\">\n\t\t\t\t<div><span class=\"fa-light fa-plus\"><\/span><\/div>\n\t\t\t<\/div>\n\t\t\t\t<\/a>\t\t\t\t\t<\/div>\n\t\t\t\t\t\t<div class=\"grid-item\">\n\t\t\t\t\t\t<a class=\"billey-box zoom\" href=\"https:\/\/polatinsaat.com\/wp-content\/uploads\/2024\/11\/yesilkoy-polat-katplani-kat6.jpg\" data-sub-html=\"&lt;h4&gt;yesilkoy-polat-katplani-kat6&lt;\/h4&gt;\">\t\t<div class=\"billey-image image\">\n\t\t\t<img decoding=\"async\"  src=\"https:\/\/polatinsaat.com\/wp-content\/uploads\/2024\/11\/yesilkoy-polat-katplani-kat6-600x600.jpg\" alt=\"Ye\u015filk\u00f6y Polat - Kat6\" width=\"600\" \/>\t\t<\/div>\n\t\t\t\t\t<div class=\"billey-overlay\">\n\t\t\t\t<div><span class=\"fa-light fa-plus\"><\/span><\/div>\n\t\t\t<\/div>\n\t\t\t\t<\/a>\t\t\t\t\t<\/div>\n\t\t\t\t\t\t\t\n\t\t\t<\/div>\n\t\t<\/div>\n\t\t\t\t\t\t<\/div>\n\t\t\t\t<\/div>\n\t\t\t\t\t<\/div>\n\t\t<\/div>\n\t\t\t\t\t<\/div>\n\t\t<\/section>\n\t\t\t\t<section class=\"elementor-section elementor-inner-section elementor-element elementor-element-02b5302 elementor-section-gap-beside-no elementor-section-boxed elementor-section-height-default elementor-section-height-default elementor-section-column-vertical-align-stretch\" data-id=\"02b5302\" data-element_type=\"section\" data-settings=\"{&quot;background_background&quot;:&quot;classic&quot;}\">\n\t\t\t\t\t\t<div class=\"elementor-container elementor-column-gap-custom\">\n\t\t\t\t\t<div class=\"elementor-column elementor-col-100 elementor-inner-column elementor-element elementor-element-c90d6ec\" data-id=\"c90d6ec\" data-element_type=\"column\">\n\t\t\t<div class=\"elementor-widget-wrap elementor-element-populated\">\n\t\t\t\t\t\t<div class=\"elementor-element elementor-element-1df918e elementor-widget elementor-widget-heading\" data-id=\"1df918e\" data-element_type=\"widget\" data-widget_type=\"heading.default\">\n\t\t\t\t<div class=\"elementor-widget-container\">\n\t\t\t\t\t<h2 class=\"elementor-heading-title elementor-size-default\">Galeri<\/h2>\t\t\t\t<\/div>\n\t\t\t\t<\/div>\n\t\t\t\t<div class=\"elementor-element elementor-element-ad5f55d elementor-widget elementor-widget-tm-image-gallery\" data-id=\"ad5f55d\" data-element_type=\"widget\" data-settings=\"{&quot;grid_columns&quot;:3,&quot;grid_columns_tablet&quot;:2,&quot;grid_columns_mobile&quot;:1}\" data-widget_type=\"tm-image-gallery.default\">\n\t\t\t\t<div class=\"elementor-widget-container\">\n\t\t\t\t\t\t\t<div class=\"billey-grid-wrapper billey-grid-metro\" data-grid=\"{&quot;type&quot;:&quot;metro&quot;,&quot;ratio&quot;:1,&quot;columns&quot;:3,&quot;columnsTablet&quot;:2,&quot;columnsMobile&quot;:1,&quot;gutter&quot;:30}\">\n\t\t\t<div class=\"billey-grid\">\n\t\t\t\t<div class=\"grid-sizer\"><\/div>\n\n\t\t\t\t\t\t\t\t\t\t\t\t<div class=\"grid-item grid-item-height\" data-width=\"2\" data-height=\"2\">\n\t\t\t\t\t\t<div class=\"billey-box\">\t\t<div class=\"billey-image image\">\n\t\t\t<img decoding=\"async\"  src=\"https:\/\/polatinsaat.com\/wp-content\/uploads\/2024\/11\/yesilkoy-polat-galeri-1.png\" alt=\"Ye\u015filk\u00f6y Polat\" width=\"746\" \/>\t\t<\/div>\n\t\t\t\t<\/div>\t\t\t\t\t<\/div>\n\t\t\t\t\t\t\t\t\t<div class=\"grid-item grid-item-height\" data-width=\"1\" data-height=\"1\">\n\t\t\t\t\t\t<div class=\"billey-box\">\t\t<div class=\"billey-image image\">\n\t\t\t<img decoding=\"async\"  src=\"https:\/\/polatinsaat.com\/wp-content\/uploads\/2024\/11\/yesilkoy-polat-galeri-2-480x480.png\" alt=\"Ye\u015filk\u00f6y Polat\" width=\"480\" \/>\t\t<\/div>\n\t\t\t\t<\/div>\t\t\t\t\t<\/div>\n\t\t\t\t\t\t\t\t\t<div class=\"grid-item grid-item-height\" data-width=\"1\" data-height=\"1\">\n\t\t\t\t\t\t<div class=\"billey-box\">\t\t<div class=\"billey-image image\">\n\t\t\t<img decoding=\"async\"  src=\"https:\/\/polatinsaat.com\/wp-content\/uploads\/2024\/11\/yesilkoy-polat-galeri-3-480x480.png\" alt=\"Ye\u015filk\u00f6y Polat\" width=\"480\" \/>\t\t<\/div>\n\t\t\t\t<\/div>\t\t\t\t\t<\/div>\n\t\t\t\t\t\t\t\t\t<div class=\"grid-item grid-item-height\" data-width=\"1\" data-height=\"1\">\n\t\t\t\t\t\t<div class=\"billey-box\">\t\t<div class=\"billey-image image\">\n\t\t\t<img decoding=\"async\"  src=\"https:\/\/polatinsaat.com\/wp-content\/uploads\/2024\/11\/yesilkoy-polat-galeri-4-1-480x480.png\" alt=\"Ye\u015filk\u00f6y Polat\" width=\"480\" \/>\t\t<\/div>\n\t\t\t\t<\/div>\t\t\t\t\t<\/div>\n\t\t\t\t\t\t\t\t\t<div class=\"grid-item grid-item-height\" data-width=\"2\" data-height=\"2\">\n\t\t\t\t\t\t<div class=\"billey-box\">\t\t<div class=\"billey-image image\">\n\t\t\t<img decoding=\"async\"  src=\"https:\/\/polatinsaat.com\/wp-content\/uploads\/2024\/11\/yesilkoy-polat-galeri-5.png\" alt=\"Ye\u015filk\u00f6y Polat\" width=\"632\" \/>\t\t<\/div>\n\t\t\t\t<\/div>\t\t\t\t\t<\/div>\n\t\t\t\t\t\t\t\t\t<div class=\"grid-item grid-item-height\" data-width=\"1\" data-height=\"1\">\n\t\t\t\t\t\t<div class=\"billey-box\">\t\t<div class=\"billey-image image\">\n\t\t\t<img decoding=\"async\"  src=\"https:\/\/polatinsaat.com\/wp-content\/uploads\/2024\/11\/yesilkoy-polat-galeri-6-480x480.png\" alt=\"Ye\u015filk\u00f6y Polat\" width=\"480\" \/>\t\t<\/div>\n\t\t\t\t<\/div>\t\t\t\t\t<\/div>\n\t\t\t\t\t\t\t\t\t<div class=\"grid-item grid-item-height\" data-width=\"2\" data-height=\"2\">\n\t\t\t\t\t\t<div class=\"billey-box\">\t\t<div class=\"billey-image image\">\n\t\t\t<img decoding=\"async\"  src=\"https:\/\/polatinsaat.com\/wp-content\/uploads\/2024\/11\/yesilkoy-polat-galeri-7.png\" alt=\"Ye\u015filk\u00f6y Polat\" width=\"696\" \/>\t\t<\/div>\n\t\t\t\t<\/div>\t\t\t\t\t<\/div>\n\t\t\t\t\t\t\t\t\t<div class=\"grid-item grid-item-height\" data-width=\"1\" data-height=\"1\">\n\t\t\t\t\t\t<div class=\"billey-box\">\t\t<div class=\"billey-image image\">\n\t\t\t<img decoding=\"async\"  src=\"https:\/\/polatinsaat.com\/wp-content\/uploads\/2024\/11\/yesilkoy-polat-galeri-8-480x480.png\" alt=\"Ye\u015filk\u00f6y Polat\" width=\"480\" \/>\t\t<\/div>\n\t\t\t\t<\/div>\t\t\t\t\t<\/div>\n\t\t\t\t\t\t\t\t\t<div class=\"grid-item grid-item-height\" data-width=\"1\" data-height=\"1\">\n\t\t\t\t\t\t<div class=\"billey-box\">\t\t<div class=\"billey-image image\">\n\t\t\t<img decoding=\"async\"  src=\"https:\/\/polatinsaat.com\/wp-content\/uploads\/2024\/11\/yesilkoy-polat-galeri-9-480x480.png\" alt=\"yesilkoy-polat-galeri-9\" width=\"480\" \/>\t\t<\/div>\n\t\t\t\t<\/div>\t\t\t\t\t<\/div>\n\t\t\t\t\t\t\t\t\t\t\n\t\t\t<\/div>\n\t\t<\/div>\n\t\t\t\t\t\t<\/div>\n\t\t\t\t<\/div>\n\t\t\t\t\t<\/div>\n\t\t<\/div>\n\t\t\t\t\t<\/div>\n\t\t<\/section>\n\t\t\t\t\t<\/div>\n\t\t<\/div>\n\t\t\t\t\t<\/div>\n\t\t<\/section>\n\t\t\t\t<\/div>","protected":false},"excerpt":{"rendered":"<p>Ye\u015filk\u00f6y Polat 65 Y\u0131ll\u0131k kalite ve deneyim Polat \u0130n\u015faat ya\u015fam\u0131m\u0131z\u0131 kolayla\u015ft\u0131ran ve vizyon katan projelere imza atmaya devam ediyor. Do\u011faya sayg\u0131l\u0131 , \u00e7a\u011fda\u015f mimarisi ile \u015fehrin i\u00e7indeki konforu aya\u011f\u0131n\u0131za getiyor. Atat\u00fcrk Havaliman\u0131na 5 dk. mesafede bulunan Ye\u015filk\u00f6y Polat , \u00c7\u0131nar Otele 150 mt, D\u00fcnya Ticaret Merkezine 8dk, T\u00fcyap Sergi Saray\u0131na 18 km , Al\u0131\u015fveri\u015f merkzlerine 10 dk. mesafede bulunup , Ye\u015filk\u00f6y\u2019\u00fcn en hareketli ve i\u015flek caddesi olan \u0130stanbul Caddesinde konumlanmaktad\u0131r. Huzur dolu keyifli anlar i\u00e7in Ye\u015filk\u00f6y Polat , sizleri kentin yo\u011fun trafi\u011finden ve g\u00fcr\u00fclt\u00fcs\u00fcnden \u00e7\u0131kar\u0131p ,ailenizle ve sevdiklerinizle daha key\u0131fl\u0131 ya\u015faman\u0131z\u0131 sa\u011flayacak huzurlu bir ortam sunuyor. \u0130stanbul\u2019un en de\u011ferli caddelerinden biri olan \u0130stanbul Caddesinde yer alan Ye\u015filk\u00f6y Polat ,siz keyif d\u00fc\u015fk\u00fcnlerine 4 farkl\u0131 alternatif ya\u015fam alan\u0131 sunuyor; ister \u00e7at\u0131 dubleksinizden denizi seyredin, isterse bah\u00e7ede havuz keyfi ya\u015fay\u0131n. Polat&nbsp;Port&nbsp;Residence\u2019da daire planlar\u0131m\u0131z 2+1 \u015feklinde belirlenmi\u015ftir. 90, 110 ve 114 m2 b\u00fcy\u00fckl\u00fcklere sahip 3 farkl\u0131 daire alternatifimiz mevcuttur. Her t\u00fcrl\u00fc detay\u0131n d\u00fc\u015f\u00fcn\u00fcld\u00fc\u011f\u00fc projemizde,&nbsp; b\u00fct\u00fcn dairelerimizin mutfaklar\u0131 Franke marka ankastre beyaz e\u015fyalarla donat\u0131lm\u0131\u015ft\u0131r. Kat Planlar\u0131 Galeri<\/p>","protected":false},"author":1,"featured_media":0,"parent":0,"menu_order":0,"comment_status":"closed","ping_status":"closed","template":"","meta":{"footnotes":""},"class_list":["post-6896","page","type-page","status-publish","hentry","post-no-thumbnail"],"_links":{"self":[{"href":"https:\/\/polatinsaat.com\/en\/wp-json\/wp\/v2\/pages\/6896"}],"collection":[{"href":"https:\/\/polatinsaat.com\/en\/wp-json\/wp\/v2\/pages"}],"about":[{"href":"https:\/\/polatinsaat.com\/en\/wp-json\/wp\/v2\/types\/page"}],"author":[{"embeddable":true,"href":"https:\/\/polatinsaat.com\/en\/wp-json\/wp\/v2\/users\/1"}],"replies":[{"embeddable":true,"href":"https:\/\/polatinsaat.com\/en\/wp-json\/wp\/v2\/comments?post=6896"}],"version-history":[{"count":0,"href":"https:\/\/polatinsaat.com\/en\/wp-json\/wp\/v2\/pages\/6896\/revisions"}],"wp:attachment":[{"href":"https:\/\/polatinsaat.com\/en\/wp-json\/wp\/v2\/media?parent=6896"}],"curies":[{"name":"wp","href":"https:\/\/api.w.org\/{rel}","templated":true}]}}