{"id":6880,"date":"2024-11-11T10:21:55","date_gmt":"2024-11-11T10:21:55","guid":{"rendered":"https:\/\/polatinsaat.com\/?page_id=6880"},"modified":"2024-11-11T11:02:54","modified_gmt":"2024-11-11T11:02:54","slug":"polat-port-residence","status":"publish","type":"page","link":"https:\/\/polatinsaat.com\/en\/polat-port-residence\/","title":{"rendered":"Polat Port Residence"},"content":{"rendered":"<div data-elementor-type=\"wp-page\" data-elementor-id=\"6880\" class=\"elementor elementor-6880\" data-elementor-post-type=\"page\">\n\t\t\t\t\t\t<section class=\"elementor-section elementor-top-section elementor-element elementor-element-63dfdba elementor-section-stretched elementor-section-boxed elementor-section-gap-beside-yes elementor-section-height-default elementor-section-height-default elementor-section-column-vertical-align-stretch\" data-id=\"63dfdba\" data-element_type=\"section\" data-settings=\"{&quot;stretch_section&quot;:&quot;section-stretched&quot;,&quot;background_background&quot;:&quot;classic&quot;}\">\n\t\t\t\t\t\t<div class=\"elementor-container elementor-column-gap-extended\">\n\t\t\t\t\t<div class=\"elementor-column elementor-col-100 elementor-top-column elementor-element elementor-element-22d04eb\" data-id=\"22d04eb\" data-element_type=\"column\">\n\t\t\t<div class=\"elementor-widget-wrap elementor-element-populated\">\n\t\t\t\t\t\t<section class=\"elementor-section elementor-inner-section elementor-element elementor-element-8bc7794 elementor-section-boxed elementor-section-gap-beside-yes elementor-section-height-default elementor-section-height-default elementor-section-content-align-center elementor-section-column-vertical-align-stretch\" data-id=\"8bc7794\" data-element_type=\"section\">\n\t\t\t\t\t\t<div class=\"elementor-container elementor-column-gap-extended\">\n\t\t\t\t\t<div class=\"elementor-column elementor-col-100 elementor-inner-column elementor-element elementor-element-e7cf6a5\" data-id=\"e7cf6a5\" data-element_type=\"column\">\n\t\t\t<div class=\"elementor-widget-wrap elementor-element-populated\">\n\t\t\t\t\t\t<div class=\"elementor-element elementor-element-fddbf4f elementor-widget elementor-widget-tm-heading\" data-id=\"fddbf4f\" data-element_type=\"widget\" data-widget_type=\"tm-heading.default\">\n\t\t\t\t<div class=\"elementor-widget-container\">\n\t\t\t\t\t\t\t<div class=\"tm-modern-heading\">\n\t\t\t\n\t\t\t\t\t<div class=\"heading-primary-wrap\">\n\t\t\t<h2 class=\"heading-primary elementor-heading-title\">Polat Port Residence<\/h2>\t\t<\/div>\n\t\t\n\t\t\t\n\t\t\t\t\t<\/div>\n\t\t\t\t\t\t<\/div>\n\t\t\t\t<\/div>\n\t\t\t\t\t<\/div>\n\t\t<\/div>\n\t\t\t\t\t<\/div>\n\t\t<\/section>\n\t\t\t\t\t<\/div>\n\t\t<\/div>\n\t\t\t\t\t<\/div>\n\t\t<\/section>\n\t\t\t\t<section class=\"elementor-section elementor-top-section elementor-element elementor-element-4231055 elementor-section-boxed elementor-section-gap-beside-yes elementor-section-height-default elementor-section-height-default elementor-section-column-vertical-align-stretch\" data-id=\"4231055\" data-element_type=\"section\" data-settings=\"{&quot;background_background&quot;:&quot;classic&quot;}\">\n\t\t\t\t\t\t<div class=\"elementor-container elementor-column-gap-extended\">\n\t\t\t\t\t<div class=\"elementor-column elementor-col-100 elementor-top-column elementor-element elementor-element-68ff808\" data-id=\"68ff808\" data-element_type=\"column\">\n\t\t\t<div class=\"elementor-widget-wrap elementor-element-populated\">\n\t\t\t\t\t\t<section class=\"elementor-section elementor-inner-section elementor-element elementor-element-d3ee1e4 elementor-section-gap-beside-no elementor-section-boxed elementor-section-height-default elementor-section-height-default elementor-section-column-vertical-align-stretch\" data-id=\"d3ee1e4\" data-element_type=\"section\" data-settings=\"{&quot;background_background&quot;:&quot;classic&quot;}\">\n\t\t\t\t\t\t<div class=\"elementor-container elementor-column-gap-custom\">\n\t\t\t\t\t<div class=\"elementor-column elementor-col-100 elementor-inner-column elementor-element elementor-element-e199fb2\" data-id=\"e199fb2\" data-element_type=\"column\">\n\t\t\t<div class=\"elementor-widget-wrap elementor-element-populated\">\n\t\t\t\t\t\t<div class=\"elementor-element elementor-element-3f6a37b elementor-widget elementor-widget-text-editor\" data-id=\"3f6a37b\" data-element_type=\"widget\" data-widget_type=\"text-editor.default\">\n\t\t\t\t<div class=\"elementor-widget-container\">\n\t\t\t\t\t\t\t\t\t<div class=\"wpb_column vc_column_container vc_col-sm-8\"><div class=\"vc_column-inner\"><div class=\"wpb_wrapper\"><div class=\"wpb_text_column wpb_content_element\"><div class=\"wpb_wrapper\"><p class=\"p1\"><span class=\"s1\">\u0130stanbul\u2019un y\u00fckselen de\u011feri Mahmutbey\u2019de konumlanan projemiz; 3.700 m2 alan \u00fczerine kuruludur. 82 daireden olu\u015fan tek blok ve tek ma\u011faza konseptiyle ye\u015fil alana a\u011f\u0131rl\u0131k veren projemizde<\/span><span class=\"s2\">\u00a0<\/span><span class=\"s1\">24 saat g\u00fcvenlik hizmeti verilmekte olup<\/span><span class=\"s2\">,\u00a0<\/span><span class=\"s1\">\u00a0sosyal olanaklar olarak;\u00a0 a\u00e7\u0131k ve kapal\u0131 y\u00fczme havuzu, sauna, fitness<\/span><span class=\"s2\">\u00a0<\/span><span class=\"s1\">center, tenis kortu ve basketbol sahas\u0131 bulunmaktad\u0131r. Ayr\u0131ca; her dairenin ihtiyac\u0131 d\u00fc\u015f\u00fcn\u00fclerek tasarlanan kapal\u0131 otopark\u0131m\u0131zda, daire sahiplerimiz yer s\u0131k\u0131nt\u0131s\u0131 ya\u015famadan kendilerine ait alanlara ara\u00e7lar\u0131n\u0131 park edebileceklerdir.<br \/><\/span><\/p><p class=\"p1\"><span class=\"s1\">Polat\u00a0Port\u00a0Residence\u2019da daire planlar\u0131m\u0131z 2+1 \u015feklinde belirlenmi\u015ftir. 90, 110 ve 114 m2 b\u00fcy\u00fckl\u00fcklere sahip 3 farkl\u0131 daire alternatifimiz mevcuttur. Her t\u00fcrl\u00fc detay\u0131n d\u00fc\u015f\u00fcn\u00fcld\u00fc\u011f\u00fc projemizde,\u00a0 b\u00fct\u00fcn dairelerimizin mutfaklar\u0131 Franke marka ankastre beyaz e\u015fyalarla donat\u0131lm\u0131\u015ft\u0131r.<\/span><\/p><\/div><\/div><\/div><\/div><\/div>\t\t\t\t\t\t\t\t<\/div>\n\t\t\t\t<\/div>\n\t\t\t\t\t<\/div>\n\t\t<\/div>\n\t\t\t\t\t<\/div>\n\t\t<\/section>\n\t\t\t\t<section class=\"elementor-section elementor-inner-section elementor-element elementor-element-e3a89e9 elementor-section-gap-beside-no elementor-section-boxed elementor-section-height-default elementor-section-height-default elementor-section-column-vertical-align-stretch\" data-id=\"e3a89e9\" data-element_type=\"section\" data-settings=\"{&quot;background_background&quot;:&quot;classic&quot;}\">\n\t\t\t\t\t\t<div class=\"elementor-container elementor-column-gap-custom\">\n\t\t\t\t\t<div class=\"elementor-column elementor-col-50 elementor-inner-column elementor-element elementor-element-3fb7192\" data-id=\"3fb7192\" data-element_type=\"column\">\n\t\t\t<div class=\"elementor-widget-wrap elementor-element-populated\">\n\t\t\t\t\t\t<div class=\"elementor-element elementor-element-8dc8dfc elementor-widget elementor-widget-image\" data-id=\"8dc8dfc\" data-element_type=\"widget\" data-widget_type=\"image.default\">\n\t\t\t\t<div class=\"elementor-widget-container\">\n\t\t\t\t\t\t\t\t\t\t\t\t\t\t\t<img fetchpriority=\"high\" decoding=\"async\" width=\"494\" height=\"295\" src=\"https:\/\/polatinsaat.com\/wp-content\/uploads\/2024\/11\/PolatPortResidence-Thumb.jpg\" class=\"attachment-woosc-large size-woosc-large wp-image-6876\" alt=\"\" srcset=\"https:\/\/polatinsaat.com\/wp-content\/uploads\/2024\/11\/PolatPortResidence-Thumb.jpg 494w, https:\/\/polatinsaat.com\/wp-content\/uploads\/2024\/11\/PolatPortResidence-Thumb-300x179.jpg 300w, https:\/\/polatinsaat.com\/wp-content\/uploads\/2024\/11\/elementor\/thumbs\/PolatPortResidence-Thumb-150x150.jpg 500w\" sizes=\"(max-width: 494px) 100vw, 494px\" \/>\t\t\t\t\t\t\t\t\t\t\t\t\t\t\t<\/div>\n\t\t\t\t<\/div>\n\t\t\t\t<div class=\"elementor-element elementor-element-980e0a9 elementor-widget elementor-widget-image\" data-id=\"980e0a9\" data-element_type=\"widget\" data-widget_type=\"image.default\">\n\t\t\t\t<div class=\"elementor-widget-container\">\n\t\t\t\t\t\t\t\t\t\t\t\t\t\t\t<img decoding=\"async\" width=\"640\" height=\"486\" src=\"https:\/\/polatinsaat.com\/wp-content\/uploads\/2024\/11\/polat-port-residence-3-HI-1024x777.jpg\" class=\"attachment-large size-large wp-image-6888\" alt=\"\" srcset=\"https:\/\/polatinsaat.com\/wp-content\/uploads\/2024\/11\/polat-port-residence-3-HI-1024x777.jpg 1024w, https:\/\/polatinsaat.com\/wp-content\/uploads\/2024\/11\/polat-port-residence-3-HI-300x228.jpg 300w, https:\/\/polatinsaat.com\/wp-content\/uploads\/2024\/11\/polat-port-residence-3-HI-768x583.jpg 768w, https:\/\/polatinsaat.com\/wp-content\/uploads\/2024\/11\/polat-port-residence-3-HI-600x455.jpg 600w, https:\/\/polatinsaat.com\/wp-content\/uploads\/2024\/11\/polat-port-residence-3-HI.jpg 1060w\" sizes=\"(max-width: 640px) 100vw, 640px\" \/>\t\t\t\t\t\t\t\t\t\t\t\t\t\t\t<\/div>\n\t\t\t\t<\/div>\n\t\t\t\t\t<\/div>\n\t\t<\/div>\n\t\t\t\t<div class=\"elementor-column elementor-col-50 elementor-inner-column elementor-element elementor-element-3b6796f\" data-id=\"3b6796f\" data-element_type=\"column\">\n\t\t\t<div class=\"elementor-widget-wrap elementor-element-populated\">\n\t\t\t\t\t\t<div class=\"elementor-element elementor-element-a3c6c2a elementor-widget elementor-widget-image\" data-id=\"a3c6c2a\" data-element_type=\"widget\" data-widget_type=\"image.default\">\n\t\t\t\t<div class=\"elementor-widget-container\">\n\t\t\t\t\t\t\t\t\t\t\t\t\t\t\t<img decoding=\"async\" width=\"546\" height=\"546\" src=\"https:\/\/polatinsaat.com\/wp-content\/uploads\/2024\/11\/polat-port-residence-1-2.jpg\" class=\"attachment-woosc-large size-woosc-large wp-image-6886\" alt=\"\" srcset=\"https:\/\/polatinsaat.com\/wp-content\/uploads\/2024\/11\/polat-port-residence-1-2.jpg 546w, https:\/\/polatinsaat.com\/wp-content\/uploads\/2024\/11\/polat-port-residence-1-2-300x300.jpg 300w, https:\/\/polatinsaat.com\/wp-content\/uploads\/2024\/11\/polat-port-residence-1-2-150x150.jpg 150w, https:\/\/polatinsaat.com\/wp-content\/uploads\/2024\/11\/polat-port-residence-1-2-100x100.jpg 100w, https:\/\/polatinsaat.com\/wp-content\/uploads\/2024\/11\/polat-port-residence-1-2-96x96.jpg 96w\" sizes=\"(max-width: 546px) 100vw, 546px\" \/>\t\t\t\t\t\t\t\t\t\t\t\t\t\t\t<\/div>\n\t\t\t\t<\/div>\n\t\t\t\t<div class=\"elementor-element elementor-element-1888c24 elementor-widget elementor-widget-image\" data-id=\"1888c24\" data-element_type=\"widget\" data-widget_type=\"image.default\">\n\t\t\t\t<div class=\"elementor-widget-container\">\n\t\t\t\t\t\t\t\t\t\t\t\t\t\t\t<img loading=\"lazy\" decoding=\"async\" width=\"546\" height=\"546\" src=\"https:\/\/polatinsaat.com\/wp-content\/uploads\/2024\/11\/polat-port-residence-2-1.jpg\" class=\"attachment-woosc-large size-woosc-large wp-image-6885\" alt=\"\" srcset=\"https:\/\/polatinsaat.com\/wp-content\/uploads\/2024\/11\/polat-port-residence-2-1.jpg 546w, https:\/\/polatinsaat.com\/wp-content\/uploads\/2024\/11\/polat-port-residence-2-1-300x300.jpg 300w, https:\/\/polatinsaat.com\/wp-content\/uploads\/2024\/11\/polat-port-residence-2-1-150x150.jpg 150w, https:\/\/polatinsaat.com\/wp-content\/uploads\/2024\/11\/polat-port-residence-2-1-100x100.jpg 100w, https:\/\/polatinsaat.com\/wp-content\/uploads\/2024\/11\/polat-port-residence-2-1-96x96.jpg 96w\" sizes=\"(max-width: 546px) 100vw, 546px\" \/>\t\t\t\t\t\t\t\t\t\t\t\t\t\t\t<\/div>\n\t\t\t\t<\/div>\n\t\t\t\t\t<\/div>\n\t\t<\/div>\n\t\t\t\t\t<\/div>\n\t\t<\/section>\n\t\t\t\t\t<\/div>\n\t\t<\/div>\n\t\t\t\t\t<\/div>\n\t\t<\/section>\n\t\t\t\t<\/div>","protected":false},"excerpt":{"rendered":"<p>Polat Port Residence \u0130stanbul\u2019un y\u00fckselen de\u011feri Mahmutbey\u2019de konumlanan projemiz; 3.700 m2 alan \u00fczerine kuruludur. 82 daireden olu\u015fan tek blok ve tek ma\u011faza konseptiyle ye\u015fil alana a\u011f\u0131rl\u0131k veren projemizde\u00a024 saat g\u00fcvenlik hizmeti verilmekte olup,\u00a0\u00a0sosyal olanaklar olarak;\u00a0 a\u00e7\u0131k ve kapal\u0131 y\u00fczme havuzu, sauna, fitness\u00a0center, tenis kortu ve basketbol sahas\u0131 bulunmaktad\u0131r. Ayr\u0131ca; her dairenin ihtiyac\u0131 d\u00fc\u015f\u00fcn\u00fclerek tasarlanan kapal\u0131 otopark\u0131m\u0131zda, daire sahiplerimiz yer s\u0131k\u0131nt\u0131s\u0131 ya\u015famadan kendilerine ait alanlara ara\u00e7lar\u0131n\u0131 park edebileceklerdir. Polat\u00a0Port\u00a0Residence\u2019da daire planlar\u0131m\u0131z 2+1 \u015feklinde belirlenmi\u015ftir. 90, 110 ve 114 m2 b\u00fcy\u00fckl\u00fcklere sahip 3 farkl\u0131 daire alternatifimiz mevcuttur. Her t\u00fcrl\u00fc detay\u0131n d\u00fc\u015f\u00fcn\u00fcld\u00fc\u011f\u00fc projemizde,\u00a0 b\u00fct\u00fcn dairelerimizin mutfaklar\u0131 Franke marka ankastre beyaz e\u015fyalarla donat\u0131lm\u0131\u015ft\u0131r.<\/p>","protected":false},"author":1,"featured_media":0,"parent":0,"menu_order":0,"comment_status":"closed","ping_status":"closed","template":"","meta":{"footnotes":""},"class_list":["post-6880","page","type-page","status-publish","hentry","post-no-thumbnail"],"_links":{"self":[{"href":"https:\/\/polatinsaat.com\/en\/wp-json\/wp\/v2\/pages\/6880"}],"collection":[{"href":"https:\/\/polatinsaat.com\/en\/wp-json\/wp\/v2\/pages"}],"about":[{"href":"https:\/\/polatinsaat.com\/en\/wp-json\/wp\/v2\/types\/page"}],"author":[{"embeddable":true,"href":"https:\/\/polatinsaat.com\/en\/wp-json\/wp\/v2\/users\/1"}],"replies":[{"embeddable":true,"href":"https:\/\/polatinsaat.com\/en\/wp-json\/wp\/v2\/comments?post=6880"}],"version-history":[{"count":0,"href":"https:\/\/polatinsaat.com\/en\/wp-json\/wp\/v2\/pages\/6880\/revisions"}],"wp:attachment":[{"href":"https:\/\/polatinsaat.com\/en\/wp-json\/wp\/v2\/media?parent=6880"}],"curies":[{"name":"wp","href":"https:\/\/api.w.org\/{rel}","templated":true}]}}