{"id":6801,"date":"2024-11-10T23:51:01","date_gmt":"2024-11-10T23:51:01","guid":{"rendered":"https:\/\/polatinsaat.com\/?page_id=6801"},"modified":"2025-01-05T13:25:42","modified_gmt":"2025-01-05T13:25:42","slug":"kurumsal","status":"publish","type":"page","link":"https:\/\/polatinsaat.com\/en\/kurumsal\/","title":{"rendered":"Kurumsal"},"content":{"rendered":"<div data-elementor-type=\"wp-page\" data-elementor-id=\"6801\" class=\"elementor elementor-6801\" data-elementor-post-type=\"page\">\n\t\t\t\t\t\t<section class=\"elementor-section elementor-top-section elementor-element elementor-element-63dfdba elementor-section-stretched elementor-section-boxed elementor-section-gap-beside-yes elementor-section-height-default elementor-section-height-default elementor-section-column-vertical-align-stretch\" data-id=\"63dfdba\" data-element_type=\"section\" data-settings=\"{&quot;stretch_section&quot;:&quot;section-stretched&quot;,&quot;background_background&quot;:&quot;classic&quot;}\">\n\t\t\t\t\t\t<div class=\"elementor-container elementor-column-gap-extended\">\n\t\t\t\t\t<div class=\"elementor-column elementor-col-100 elementor-top-column elementor-element elementor-element-22d04eb\" data-id=\"22d04eb\" data-element_type=\"column\">\n\t\t\t<div class=\"elementor-widget-wrap elementor-element-populated\">\n\t\t\t\t\t\t<section class=\"elementor-section elementor-inner-section elementor-element elementor-element-8bc7794 elementor-section-boxed elementor-section-gap-beside-yes elementor-section-height-default elementor-section-height-default elementor-section-content-align-center elementor-section-column-vertical-align-stretch\" data-id=\"8bc7794\" data-element_type=\"section\">\n\t\t\t\t\t\t<div class=\"elementor-container elementor-column-gap-extended\">\n\t\t\t\t\t<div class=\"elementor-column elementor-col-100 elementor-inner-column elementor-element elementor-element-e7cf6a5\" data-id=\"e7cf6a5\" data-element_type=\"column\">\n\t\t\t<div class=\"elementor-widget-wrap elementor-element-populated\">\n\t\t\t\t\t\t<div class=\"elementor-element elementor-element-fddbf4f elementor-widget elementor-widget-tm-heading\" data-id=\"fddbf4f\" data-element_type=\"widget\" data-widget_type=\"tm-heading.default\">\n\t\t\t\t<div class=\"elementor-widget-container\">\n\t\t\t\t\t\t\t<div class=\"tm-modern-heading\">\n\t\t\t\n\t\t\t\t\t<div class=\"heading-primary-wrap\">\n\t\t\t<h2 class=\"heading-primary elementor-heading-title\">Kurumsal<\/h2>\t\t<\/div>\n\t\t\n\t\t\t\n\t\t\t\t\t<\/div>\n\t\t\t\t\t\t<\/div>\n\t\t\t\t<\/div>\n\t\t\t\t\t<\/div>\n\t\t<\/div>\n\t\t\t\t\t<\/div>\n\t\t<\/section>\n\t\t\t\t\t<\/div>\n\t\t<\/div>\n\t\t\t\t\t<\/div>\n\t\t<\/section>\n\t\t\t\t<section class=\"elementor-section elementor-top-section elementor-element elementor-element-4231055 elementor-section-boxed elementor-section-gap-beside-yes elementor-section-height-default elementor-section-height-default elementor-section-column-vertical-align-stretch\" data-id=\"4231055\" data-element_type=\"section\" data-settings=\"{&quot;background_background&quot;:&quot;classic&quot;}\">\n\t\t\t\t\t\t<div class=\"elementor-container elementor-column-gap-extended\">\n\t\t\t\t\t<div class=\"elementor-column elementor-col-100 elementor-top-column elementor-element elementor-element-68ff808\" data-id=\"68ff808\" data-element_type=\"column\">\n\t\t\t<div class=\"elementor-widget-wrap elementor-element-populated\">\n\t\t\t\t\t\t<section class=\"elementor-section elementor-inner-section elementor-element elementor-element-d3ee1e4 elementor-section-gap-beside-no elementor-section-boxed elementor-section-height-default elementor-section-height-default elementor-section-column-vertical-align-stretch\" data-id=\"d3ee1e4\" data-element_type=\"section\" data-settings=\"{&quot;background_background&quot;:&quot;classic&quot;}\">\n\t\t\t\t\t\t<div class=\"elementor-container elementor-column-gap-custom\">\n\t\t\t\t\t<div class=\"elementor-column elementor-col-100 elementor-inner-column elementor-element elementor-element-b802dc7\" data-id=\"b802dc7\" data-element_type=\"column\">\n\t\t\t<div class=\"elementor-widget-wrap elementor-element-populated\">\n\t\t\t\t\t\t<div class=\"elementor-element elementor-element-8807f43 elementor-widget elementor-widget-text-editor\" data-id=\"8807f43\" data-element_type=\"widget\" data-widget_type=\"text-editor.default\">\n\t\t\t\t<div class=\"elementor-widget-container\">\n\t\t\t\t\t\t\t\t\t<p>Polat \u0130n\u015faat, 1955 y\u0131l\u0131nda \u0130brahim Polat taraf\u0131ndanbir m\u00fcteahhitlik firmas\u0131 olarak kurulmu\u015ftur. 16 y\u0131l boyunca m\u00fcteahhitlik firmas\u0131 ile\u00a0 \u0130stanbul\u2019da say\u0131s\u0131z konut ve i\u015fyeri in\u015faat\u0131na imza atm\u0131\u015f olan Sn. \u0130brahim Polat, 1971 y\u0131l\u0131nda kurumsalla\u015fman\u0131n gelen \u00e7a\u011f\u0131n bir gere\u011fi oldu\u011fu d\u00fc\u015f\u00fcncesinden hareketle firmas\u0131n\u0131 once kollektif \u015firkete, 1977 y\u0131l\u0131nda anonim \u015firkete d\u00f6n\u00fc\u015ft\u00fcrm\u00fc\u015ft\u00fcr.<\/p><div class=\"wpb_column vc_column_container vc_col-sm-12 vc_col-lg-6 vc_col-md-12 vc_col-xs-12\"><div class=\"vc_column-inner\"><div class=\"wpb_wrapper\"><div class=\"edgtf-elements-holder edgtf-one-column edgtf-responsive-mode-768\"><div class=\"edgtf-eh-item\" data-item-class=\"edgtf-eh-custom-9557\"><div class=\"edgtf-eh-item-inner\"><div class=\"edgtf-eh-item-content edgtf-eh-custom-9557\"><div class=\"wpb_text_column wpb_content_element\"><div class=\"wpb_wrapper\"><p>Kaliteyi, do\u011fruluk ve g\u00fcveni en \u00f6nemli de\u011ferleri olarak benimseyen ve bu de\u011ferleri\u00a0 hareket noktas\u0131 olarak alan Polat \u0130n\u015faat,\u00a0 kurulu\u015fundan bu yana konut, i\u015fyeri, otel, al\u0131\u015fveri\u015f merkezi ve sanayi tesisi in\u015faatlar\u0131nda uzmanla\u015fm\u0131\u015f, gerek taahh\u00fct ederek y\u00fcr\u00fctt\u00fc\u011f\u00fc in\u015faat i\u015fleri ile ve gerekse \u00fcretti\u011fi konut projeleri ile sekt\u00f6r\u00fcn sayg\u0131n\u00a0 \u015firketleri aras\u0131nda ad\u0131n\u0131 farkl\u0131 bir konuma yerle\u015ftirmi\u015ftir.<\/p><p>M\u00fchendislik bilimlerini en yeni teknolojik olanaklarla \u00fcretimde uygulay\u0131p m\u00fc\u015fteri memnuniyetini \u00f6n planda tutmak ve m\u00fckemmelle\u015fme anlay\u0131\u015f\u0131n\u0131 esas alarak, insana, do\u011faya, \u00e7evreye ve topluma sayg\u0131l\u0131 olarak s\u00fcrd\u00fcrmek, \u00fcst\u00fcn nitelikli yap\u0131 anlay\u0131\u015f\u0131n\u0131, kusursuz altyap\u0131 sistemleriyle birle\u015ftirmek, y\u0131llar\u0131n deneyimini, insana sayg\u0131 ilkesiyle bulu\u015fturmak ve bu \u015fekilde ekonomiye katk\u0131da bulunmak hedefindeki Polat \u0130n\u015faat, 21. y\u00fczy\u0131lda da kendini yenileme tutkusuyla varolacakt\u0131r.<\/p><\/div><\/div><\/div><\/div><\/div><\/div><\/div><\/div><\/div>\t\t\t\t\t\t\t\t<\/div>\n\t\t\t\t<\/div>\n\t\t\t\t<div class=\"elementor-element elementor-element-7a69046 elementor-widget elementor-widget-spacer\" data-id=\"7a69046\" data-element_type=\"widget\" data-widget_type=\"spacer.default\">\n\t\t\t\t<div class=\"elementor-widget-container\">\n\t\t\t\t\t\t\t<div class=\"elementor-spacer\">\n\t\t\t<div class=\"elementor-spacer-inner\"><\/div>\n\t\t<\/div>\n\t\t\t\t\t\t<\/div>\n\t\t\t\t<\/div>\n\t\t\t\t\t<\/div>\n\t\t<\/div>\n\t\t\t\t\t<\/div>\n\t\t<\/section>\n\t\t\t\t\t<\/div>\n\t\t<\/div>\n\t\t\t\t\t<\/div>\n\t\t<\/section>\n\t\t\t\t<\/div>","protected":false},"excerpt":{"rendered":"<p>Kurumsal Polat \u0130n\u015faat, 1955 y\u0131l\u0131nda \u0130brahim Polat taraf\u0131ndanbir m\u00fcteahhitlik firmas\u0131 olarak kurulmu\u015ftur. 16 y\u0131l boyunca m\u00fcteahhitlik firmas\u0131 ile\u00a0 \u0130stanbul\u2019da say\u0131s\u0131z konut ve i\u015fyeri in\u015faat\u0131na imza atm\u0131\u015f olan Sn. \u0130brahim Polat, 1971 y\u0131l\u0131nda kurumsalla\u015fman\u0131n gelen \u00e7a\u011f\u0131n bir gere\u011fi oldu\u011fu d\u00fc\u015f\u00fcncesinden hareketle firmas\u0131n\u0131 once kollektif \u015firkete, 1977 y\u0131l\u0131nda anonim \u015firkete d\u00f6n\u00fc\u015ft\u00fcrm\u00fc\u015ft\u00fcr. Kaliteyi, do\u011fruluk ve g\u00fcveni en \u00f6nemli de\u011ferleri olarak benimseyen ve bu de\u011ferleri\u00a0 hareket noktas\u0131 olarak alan Polat \u0130n\u015faat,\u00a0 kurulu\u015fundan bu yana konut, i\u015fyeri, otel, al\u0131\u015fveri\u015f merkezi ve sanayi tesisi in\u015faatlar\u0131nda uzmanla\u015fm\u0131\u015f, gerek taahh\u00fct ederek y\u00fcr\u00fctt\u00fc\u011f\u00fc in\u015faat i\u015fleri ile ve gerekse \u00fcretti\u011fi konut projeleri ile sekt\u00f6r\u00fcn sayg\u0131n\u00a0 \u015firketleri aras\u0131nda ad\u0131n\u0131 farkl\u0131 bir konuma yerle\u015ftirmi\u015ftir. M\u00fchendislik bilimlerini en yeni teknolojik olanaklarla \u00fcretimde uygulay\u0131p m\u00fc\u015fteri memnuniyetini \u00f6n planda tutmak ve m\u00fckemmelle\u015fme anlay\u0131\u015f\u0131n\u0131 esas alarak, insana, do\u011faya, \u00e7evreye ve topluma sayg\u0131l\u0131 olarak s\u00fcrd\u00fcrmek, \u00fcst\u00fcn nitelikli yap\u0131 anlay\u0131\u015f\u0131n\u0131, kusursuz altyap\u0131 sistemleriyle birle\u015ftirmek, y\u0131llar\u0131n deneyimini, insana sayg\u0131 ilkesiyle bulu\u015fturmak ve bu \u015fekilde ekonomiye katk\u0131da bulunmak hedefindeki Polat \u0130n\u015faat, 21. y\u00fczy\u0131lda da kendini yenileme tutkusuyla varolacakt\u0131r.<\/p>","protected":false},"author":1,"featured_media":0,"parent":0,"menu_order":0,"comment_status":"closed","ping_status":"closed","template":"","meta":{"footnotes":""},"class_list":["post-6801","page","type-page","status-publish","hentry","post-no-thumbnail"],"_links":{"self":[{"href":"https:\/\/polatinsaat.com\/en\/wp-json\/wp\/v2\/pages\/6801"}],"collection":[{"href":"https:\/\/polatinsaat.com\/en\/wp-json\/wp\/v2\/pages"}],"about":[{"href":"https:\/\/polatinsaat.com\/en\/wp-json\/wp\/v2\/types\/page"}],"author":[{"embeddable":true,"href":"https:\/\/polatinsaat.com\/en\/wp-json\/wp\/v2\/users\/1"}],"replies":[{"embeddable":true,"href":"https:\/\/polatinsaat.com\/en\/wp-json\/wp\/v2\/comments?post=6801"}],"version-history":[{"count":0,"href":"https:\/\/polatinsaat.com\/en\/wp-json\/wp\/v2\/pages\/6801\/revisions"}],"wp:attachment":[{"href":"https:\/\/polatinsaat.com\/en\/wp-json\/wp\/v2\/media?parent=6801"}],"curies":[{"name":"wp","href":"https:\/\/api.w.org\/{rel}","templated":true}]}}